{"id":10011,"date":"2014-07-04T23:25:06","date_gmt":"2014-07-04T23:25:06","guid":{"rendered":"https:\/\/lawyeralgarve.com\/qa\/"},"modified":"2025-01-28T10:15:20","modified_gmt":"2025-01-28T10:15:20","slug":"qa","status":"publish","type":"page","link":"https:\/\/lawyeralgarve.com\/de\/qa\/","title":{"rendered":"FRAGEN &#038; ANTWORTEN"},"content":{"rendered":"\t\t<h2 class=\"text-divider-double\">\t\t\t\nIM FOLGENDEN FINDEN SIE ANTWORTEN AUF EINIGE H\u00c4UFIG GESTELLTE FRAGEN:\t\t<\/h2>\t\t<div class=\"sep\"><\/div>\t\n<div class=\"push\" style='height:10px'><\/div>\n<div class=\"row \"><div class=\"wpv-grid grid-5-6  wpv-first-level first unextended\" style=\"padding-top:0px;padding-bottom:0px\" id=\"wpv-column-6e68a3b3b4762f1cb929d7f70864966d\" ><div class=\"clearfix dropcap-wrapper\"><div class=\"dropcap-left\"><span class='dropcap1 '>F<\/span><\/div><div class=\"dropcap-text\">Ich habe keine amtlichen Unterlagen von meiner Immobilie? K\u00f6nnen Sie mir eine Kopie besorgen?<\/div> <\/div>\n<div class=\"push\" style='height:20px'><\/div> <span class='dropcap1 '>A<\/span>Ja, wir k\u00f6nnen alle amtlichen Unterlagen besorgen und\/ oder beglaubigte Kopien davon erhalten.<\/div><\/div>\n<div class=\"sep-3\"><\/div>\n<div class=\"row \"><div class=\"wpv-grid grid-5-6  wpv-first-level first unextended\" style=\"padding-top:0px;padding-bottom:0px\" id=\"wpv-column-420b9625a2641717b7a70f5ba639cea6\" ><div class=\"clearfix dropcap-wrapper\"><div class=\"dropcap-left\"><span class='dropcap1 '>F<\/span><\/div><div class=\"dropcap-text\">Ich befinde mich nicht in Portugal. Kann ich eine Immobilie vom Ausland aus erwerben?<\/div> <\/div>\n<div class=\"clearboth\"><\/div> <div class=\"push\" style='height:20px'><\/div> <span class='dropcap1 '>A<\/span>Ja. Alles was wir brauchen, ist eine Vollmacht von Ihnen (von der wir Ihnen eine Vorlage schicken k\u00f6nnen) und Ihre Anweisungen, damit wir dementsprechend handeln und Sie w\u00e4hrend des gesamten Prozesses vertreten k\u00f6nnen.<\/div><\/div>\n<div class=\"sep-3\"><\/div>\n<div class=\"row \"><div class=\"wpv-grid grid-5-6  wpv-first-level first unextended\" style=\"padding-top:0px;padding-bottom:0px\" id=\"wpv-column-1683da332c119881535db828b2de178a\" ><div class=\"clearfix dropcap-wrapper\"><div class=\"dropcap-left\"><span class='dropcap1 '>F<\/span><\/div><div class=\"dropcap-text\">Ich m\u00f6chte meine Immobilie in Portugal verkaufen. Kann ich die Bezahlung in meiner Landesw\u00e4hrung (z.B. Pfund) erhalten?<\/div> <\/div>\n<div class=\"clearboth\"><\/div> <div class=\"push\" style='height:20px'><\/div> <span class='dropcap1 '>A<\/span>Ja. Wir k\u00f6nnen veranlassen, dass alle Zahlungen auf das von Ihnen gew\u00fcnschte ausl\u00e4ndische Konto erfolgen.<\/div><\/div>\n<div class=\"sep-3\"><\/div>\n<div class=\"row \"><div class=\"wpv-grid grid-5-6  wpv-first-level first unextended\" style=\"padding-top:0px;padding-bottom:0px\" id=\"wpv-column-650a5999f3a104ca119a3c6500f4f608\" ><div class=\"clearfix dropcap-wrapper\"><div class=\"dropcap-left\"><span class='dropcap1 '>F<\/span><\/div><div class=\"dropcap-text\">Ich habe eine Immobilie in Portugal. Ist es vorteilhaft, in Portugal ein Testament zu machen?<\/div> <\/div>\n<div class=\"clearboth\"><\/div> <div class=\"push\" style='height:20px'><\/div> <span class='dropcap1 '>A<\/span>Es empfiehlt sich. Ohne ein g\u00fcltiges Testament in Portugal kann es nach dem Tode zu m\u00f6glichen Konflikten zwischen den gesetzlichen Regelungen kommen (zwischen dem Recht des Staates, in dem sich das Verm\u00f6gen befindet und dem Recht des Herkunftslandes des Verstorbenen); so bietet ein Testament in Portugal Rechtssicherheit, weil dann klar ist, welches Recht anzuwenden ist, und somit der letzte Wille des Verfassers befolgt wird. So sparen Sie Zeit und Geld.<\/div><\/div>\n<div class=\"sep-3\"><\/div>\n<div class=\"row \"><div class=\"wpv-grid grid-5-6  wpv-first-level first unextended\" style=\"padding-top:0px;padding-bottom:0px\" id=\"wpv-column-e043b8deca935f8f71d603647fa7ca06\" ><div class=\"clearfix dropcap-wrapper\"><div class=\"dropcap-left\"><span class='dropcap1 '>F<\/span><\/div><div class=\"dropcap-text\">Welche Garantien habe ich, dass eine Immobilie der Person geh\u00f6rt, die sie verkauft?<br \/>\n<\/div> <\/div>\n<div class=\"clearboth\"><\/div> <div class=\"push\" style='height:20px'><\/div> <span class='dropcap1 '>A<\/span>In Portugal m\u00fcssen alle Immobilien (st\u00e4dtisch oder l\u00e4ndlich) eingetragen sein; sind sie es nicht, k\u00f6nnen sie nicht verkauft\/gekauft werden; die Eintragungsurkunde (welche \u00f6ffentlich und landesweit ist) teilt uns auch mit, wer der derzeitige Eigent\u00fcmer ist.<\/div><\/div>\n<div class=\"sep-3\"><\/div>\n<div class=\"row \"><div class=\"wpv-grid grid-5-6  wpv-first-level first unextended\" style=\"padding-top:0px;padding-bottom:0px\" id=\"wpv-column-b53bc161575a7a717778246c588800a4\" ><div class=\"clearfix dropcap-wrapper\"><div class=\"dropcap-left\"><span class='dropcap1 '>G<\/span><\/div><div class=\"dropcap-text\">Woher weiss ich, dass keine Hypothek, Grundschuld o.a. auf der Immobilie lastet?<\/div> <\/div>\n<div class=\"clearboth\"><\/div> <div class=\"push\" style='height:20px'><\/div> <span class='dropcap1 '>A<\/span>Die Eintragungsurkunde teilt uns auch mit, ob irgendwelche Schulden, Lasten oder Beschr\u00e4nkungen eingetragen sind.<\/div><\/div>\n<div class=\"sep-3\"><\/div>\n<div class=\"row \"><div class=\"wpv-grid grid-5-6  wpv-first-level first unextended\" style=\"padding-top:0px;padding-bottom:0px\" id=\"wpv-column-b32d04a07def4d268eef3466d4cab92b\" ><div class=\"clearfix dropcap-wrapper\"><div class=\"dropcap-left\"><span class='dropcap1 '>Q<\/span><\/div><div class=\"dropcap-text\">Wie kann ich sicherstellen, dass beim Kauf keine Darlehen\/Pfandrechte etc. vorhanden sind?<\/div> <\/div>\n<div class=\"clearboth\"><\/div> <div class=\"push\" style='height:20px'><\/div> <span class='dropcap1 '>A<\/span>Genau das ist eine unserer Aufgaben. Vor Abschluss des Gesch\u00e4ftes stellen wir sicher, dass keine Belastungen oder Hypotheken existieren, oder sie ordnungsgem\u00e4ss storniert\/ bezahlt wurden.<br \/>\n\tFalls es sich um ausstehende Steuern oder Umlagekosten handelt, verlangen wir ausserdem einen Nachweis \u00fcber die Nichtexistenz von Schulden.<\/div><\/div>\n<div class=\"push\" style='height:120px'><\/div>\n<div class=\"row \"><div class=\"wpv-grid grid-1-1  wpv-first-level first has-background extended\" style=\"background-color:#EFEFEF;padding-top:20px;padding-bottom:10px\" id=\"wpv-column-142f7f79f22aecd4f54da7c208361379\" ><div class=\"extended-column-inner\"><style>#wpv-column-142f7f79f22aecd4f54da7c208361379 p,#wpv-column-142f7f79f22aecd4f54da7c208361379 em,#wpv-column-142f7f79f22aecd4f54da7c208361379 .column-title,#wpv-column-142f7f79f22aecd4f54da7c208361379 .sep-text h2.regular-title-wrapper,#wpv-column-142f7f79f22aecd4f54da7c208361379 .text-divider-double,#wpv-column-142f7f79f22aecd4f54da7c208361379 .sep-text .sep-text-line,#wpv-column-142f7f79f22aecd4f54da7c208361379 .sep,#wpv-column-142f7f79f22aecd4f54da7c208361379 .sep-2,#wpv-column-142f7f79f22aecd4f54da7c208361379 .sep-3,#wpv-column-142f7f79f22aecd4f54da7c208361379 td,#wpv-column-142f7f79f22aecd4f54da7c208361379 th,#wpv-column-142f7f79f22aecd4f54da7c208361379 caption{color:#707070;}#wpv-column-142f7f79f22aecd4f54da7c208361379:before{background-color:transparent;}<\/style><div class=\"row \"><div class=\"wpv-grid grid-1-1  first unextended\" style=\"padding-top:0px;padding-bottom:0px\" id=\"wpv-column-cc9f256b54e06dce23c6c20cc7478981\" ><h4 style=\"text-align: center;\"><span class=\"accent-4\">\u2013 ANFRAGE F\u00dcR EINE BERATUNG \u2013<br \/>\n<\/span><\/h4>\n<div class=\"push\" style='height:10px'><\/div><\/div><\/div>\n<div class=\"row \"><div class=\"wpv-grid grid-1-1  first unextended animation-fade-in animated-active\" style=\"padding-top:0px;padding-bottom:0px\" id=\"wpv-column-1b5ed23aee4909ce5794abd4f8d38b28\" ><p>\n<div class=\"wpcf7 no-js\" id=\"wpcf7-f9977-o1\" lang=\"pt-PT\" dir=\"ltr\">\n<div class=\"screen-reader-response\"><p role=\"status\" aria-live=\"polite\" aria-atomic=\"true\"><\/p> <ul><\/ul><\/div>\n<form action=\"\/de\/wp-json\/wp\/v2\/pages\/10011#wpcf7-f9977-o1\" method=\"post\" class=\"wpcf7-form init\" aria-label=\"Formul\u00e1rio de contacto\" novalidate=\"novalidate\" data-status=\"init\">\n<div style=\"display: none;\">\n<input type=\"hidden\" name=\"_wpcf7\" value=\"9977\" \/>\n<input type=\"hidden\" name=\"_wpcf7_version\" value=\"5.8.6\" \/>\n<input type=\"hidden\" name=\"_wpcf7_locale\" value=\"pt_PT\" \/>\n<input type=\"hidden\" name=\"_wpcf7_unit_tag\" value=\"wpcf7-f9977-o1\" \/>\n<input type=\"hidden\" name=\"_wpcf7_container_post\" value=\"0\" \/>\n<input type=\"hidden\" name=\"_wpcf7_posted_data_hash\" value=\"\" \/>\n<input type=\"hidden\" name=\"_wpcf7_recaptcha_response\" value=\"\" \/>\n<\/div>\n<p>Ihr Name (erforderlich)\n<\/p>\n<p><span class=\"wpcf7-form-control-wrap\" data-name=\"your-name\"><input size=\"40\" class=\"wpcf7-form-control wpcf7-text wpcf7-validates-as-required\" aria-required=\"true\" aria-invalid=\"false\" value=\"\" type=\"text\" name=\"your-name\" \/><\/span>\n<\/p>\n<p>Ihre E-Mail (erforderlich)\n<\/p>\n<p><span class=\"wpcf7-form-control-wrap\" data-name=\"your-email\"><input size=\"40\" class=\"wpcf7-form-control wpcf7-email wpcf7-validates-as-required wpcf7-text wpcf7-validates-as-email\" aria-required=\"true\" aria-invalid=\"false\" value=\"\" type=\"email\" name=\"your-email\" \/><\/span>\n<\/p>\n<p>Betreff\n<\/p>\n<p><span class=\"wpcf7-form-control-wrap\" data-name=\"your-subject\"><input size=\"40\" class=\"wpcf7-form-control wpcf7-text\" aria-invalid=\"false\" value=\"\" type=\"text\" name=\"your-subject\" \/><\/span>\n<\/p>\n<p>Ihre Nachricht\n<\/p>\n<p><span class=\"wpcf7-form-control-wrap\" data-name=\"your-message\"><textarea cols=\"40\" rows=\"10\" class=\"wpcf7-form-control wpcf7-textarea\" aria-invalid=\"false\" name=\"your-message\"><\/textarea><\/span>\n<\/p>\n<p><input class=\"wpcf7-form-control wpcf7-submit has-spinner\" type=\"submit\" value=\"Senden\" \/>\n<\/p><div class=\"wpcf7-response-output\" aria-hidden=\"true\"><\/div>\n<\/form>\n<\/div>\n<\/div><\/div><\/div><\/div><\/div>\n","protected":false},"excerpt":{"rendered":"<p>Ja, wir k\u00f6nnen alle amtlichen Unterlagen besorgen und\/ oder beglaubigte Kopien davon erhalten. Ja. Alles was wir brauchen, ist eine Vollmacht von Ihnen (von der wir Ihnen eine Vorlage schicken k\u00f6nnen) und Ihre Anweisungen, damit wir dementsprechend handeln und Sie w\u00e4hrend des gesamten Prozesses vertreten k\u00f6nnen. Ja. Wir k\u00f6nnen veranlassen, dass alle Zahlungen auf das&#8230;<\/p>\n","protected":false},"author":1,"featured_media":0,"parent":0,"menu_order":0,"comment_status":"closed","ping_status":"open","template":"","meta":[],"yoast_head":"<!-- This site is optimized with the Yoast SEO plugin v21.0 - https:\/\/yoast.com\/wordpress\/plugins\/seo\/ -->\n<title>FRAGEN &amp; ANTWORTEN - Lawyer Algarve<\/title>\n<meta name=\"description\" content=\"Find your questions and answers in our website or request a free consultation.I&#039;m not in Portugal. Can I buy a property, from overseas? Visit our site.\" \/>\n<meta name=\"robots\" content=\"index, follow, max-snippet:-1, max-image-preview:large, max-video-preview:-1\" \/>\n<link rel=\"canonical\" href=\"https:\/\/lawyeralgarve.com\/de\/qa\/\" \/>\n<meta property=\"og:locale\" content=\"de_DE\" \/>\n<meta property=\"og:type\" content=\"article\" \/>\n<meta property=\"og:title\" content=\"FRAGEN &amp; ANTWORTEN - Lawyer Algarve\" \/>\n<meta property=\"og:description\" content=\"Find your questions and answers in our website or request a free consultation.I&#039;m not in Portugal. Can I buy a property, from overseas? Visit our site.\" \/>\n<meta property=\"og:url\" content=\"https:\/\/lawyeralgarve.com\/de\/qa\/\" \/>\n<meta property=\"og:site_name\" content=\"Lawyer Algarve\" \/>\n<meta property=\"article:modified_time\" content=\"2025-01-28T10:15:20+00:00\" \/>\n<meta name=\"twitter:card\" content=\"summary_large_image\" \/>\n<meta name=\"twitter:label1\" content=\"Gesch\u00e4tzte Lesezeit\" \/>\n\t<meta name=\"twitter:data1\" content=\"3 Minuten\" \/>\n<script type=\"application\/ld+json\" class=\"yoast-schema-graph\">{\"@context\":\"https:\/\/schema.org\",\"@graph\":[{\"@type\":\"WebPage\",\"@id\":\"https:\/\/lawyeralgarve.com\/de\/qa\/\",\"url\":\"https:\/\/lawyeralgarve.com\/de\/qa\/\",\"name\":\"FRAGEN & ANTWORTEN - Lawyer Algarve\",\"isPartOf\":{\"@id\":\"https:\/\/lawyeralgarve.com\/#website\"},\"datePublished\":\"2014-07-04T23:25:06+00:00\",\"dateModified\":\"2025-01-28T10:15:20+00:00\",\"description\":\"Find your questions and answers in our website or request a free consultation.I'm not in Portugal. Can I buy a property, from overseas? Visit our site.\",\"breadcrumb\":{\"@id\":\"https:\/\/lawyeralgarve.com\/de\/qa\/#breadcrumb\"},\"inLanguage\":\"de-DE\",\"potentialAction\":[{\"@type\":\"ReadAction\",\"target\":[\"https:\/\/lawyeralgarve.com\/de\/qa\/\"]}]},{\"@type\":\"BreadcrumbList\",\"@id\":\"https:\/\/lawyeralgarve.com\/de\/qa\/#breadcrumb\",\"itemListElement\":[{\"@type\":\"ListItem\",\"position\":1,\"name\":\"Home\",\"item\":\"https:\/\/lawyeralgarve.com\/de\/\"},{\"@type\":\"ListItem\",\"position\":2,\"name\":\"FRAGEN &#038; ANTWORTEN\"}]},{\"@type\":\"WebSite\",\"@id\":\"https:\/\/lawyeralgarve.com\/#website\",\"url\":\"https:\/\/lawyeralgarve.com\/\",\"name\":\"Lawyer Algarve\",\"description\":\"We are a Law Office, based in Lagos, We cover the whole Algarve\",\"potentialAction\":[{\"@type\":\"SearchAction\",\"target\":{\"@type\":\"EntryPoint\",\"urlTemplate\":\"https:\/\/lawyeralgarve.com\/?s={search_term_string}\"},\"query-input\":\"required name=search_term_string\"}],\"inLanguage\":\"de-DE\"}]}<\/script>\n<!-- \/ Yoast SEO plugin. -->","yoast_head_json":{"title":"FRAGEN & ANTWORTEN - Lawyer Algarve","description":"Find your questions and answers in our website or request a free consultation.I'm not in Portugal. Can I buy a property, from overseas? Visit our site.","robots":{"index":"index","follow":"follow","max-snippet":"max-snippet:-1","max-image-preview":"max-image-preview:large","max-video-preview":"max-video-preview:-1"},"canonical":"https:\/\/lawyeralgarve.com\/de\/qa\/","og_locale":"de_DE","og_type":"article","og_title":"FRAGEN & ANTWORTEN - Lawyer Algarve","og_description":"Find your questions and answers in our website or request a free consultation.I'm not in Portugal. Can I buy a property, from overseas? Visit our site.","og_url":"https:\/\/lawyeralgarve.com\/de\/qa\/","og_site_name":"Lawyer Algarve","article_modified_time":"2025-01-28T10:15:20+00:00","twitter_card":"summary_large_image","twitter_misc":{"Gesch\u00e4tzte Lesezeit":"3 Minuten"},"schema":{"@context":"https:\/\/schema.org","@graph":[{"@type":"WebPage","@id":"https:\/\/lawyeralgarve.com\/de\/qa\/","url":"https:\/\/lawyeralgarve.com\/de\/qa\/","name":"FRAGEN & ANTWORTEN - Lawyer Algarve","isPartOf":{"@id":"https:\/\/lawyeralgarve.com\/#website"},"datePublished":"2014-07-04T23:25:06+00:00","dateModified":"2025-01-28T10:15:20+00:00","description":"Find your questions and answers in our website or request a free consultation.I'm not in Portugal. Can I buy a property, from overseas? Visit our site.","breadcrumb":{"@id":"https:\/\/lawyeralgarve.com\/de\/qa\/#breadcrumb"},"inLanguage":"de-DE","potentialAction":[{"@type":"ReadAction","target":["https:\/\/lawyeralgarve.com\/de\/qa\/"]}]},{"@type":"BreadcrumbList","@id":"https:\/\/lawyeralgarve.com\/de\/qa\/#breadcrumb","itemListElement":[{"@type":"ListItem","position":1,"name":"Home","item":"https:\/\/lawyeralgarve.com\/de\/"},{"@type":"ListItem","position":2,"name":"FRAGEN &#038; ANTWORTEN"}]},{"@type":"WebSite","@id":"https:\/\/lawyeralgarve.com\/#website","url":"https:\/\/lawyeralgarve.com\/","name":"Lawyer Algarve","description":"We are a Law Office, based in Lagos, We cover the whole Algarve","potentialAction":[{"@type":"SearchAction","target":{"@type":"EntryPoint","urlTemplate":"https:\/\/lawyeralgarve.com\/?s={search_term_string}"},"query-input":"required name=search_term_string"}],"inLanguage":"de-DE"}]}},"_links":{"self":[{"href":"https:\/\/lawyeralgarve.com\/de\/wp-json\/wp\/v2\/pages\/10011"}],"collection":[{"href":"https:\/\/lawyeralgarve.com\/de\/wp-json\/wp\/v2\/pages"}],"about":[{"href":"https:\/\/lawyeralgarve.com\/de\/wp-json\/wp\/v2\/types\/page"}],"author":[{"embeddable":true,"href":"https:\/\/lawyeralgarve.com\/de\/wp-json\/wp\/v2\/users\/1"}],"replies":[{"embeddable":true,"href":"https:\/\/lawyeralgarve.com\/de\/wp-json\/wp\/v2\/comments?post=10011"}],"version-history":[{"count":11,"href":"https:\/\/lawyeralgarve.com\/de\/wp-json\/wp\/v2\/pages\/10011\/revisions"}],"predecessor-version":[{"id":10636,"href":"https:\/\/lawyeralgarve.com\/de\/wp-json\/wp\/v2\/pages\/10011\/revisions\/10636"}],"wp:attachment":[{"href":"https:\/\/lawyeralgarve.com\/de\/wp-json\/wp\/v2\/media?parent=10011"}],"curies":[{"name":"wp","href":"https:\/\/api.w.org\/{rel}","templated":true}]}}