{"id":9986,"date":"2014-07-04T10:06:07","date_gmt":"2014-07-04T10:06:07","guid":{"rendered":"https:\/\/lawyeralgarve.com\/practice-areas\/"},"modified":"2024-01-29T10:35:18","modified_gmt":"2024-01-29T10:35:18","slug":"rechtsbereiche","status":"publish","type":"page","link":"https:\/\/lawyeralgarve.com\/de\/rechtsbereiche\/","title":{"rendered":"RECHTSBEREICHE"},"content":{"rendered":"<div class=\"push\" style='height:50px'><\/div>\n<div class=\"row \"><div class=\"wpv-grid grid-1-3  wpv-first-level first unextended\" style=\"padding-top:0px;padding-bottom:0px\" id=\"wpv-column-c6ceaa5ee7a45cfd74b2aa5bfaa7485c\" ><div class=\"row \"><div class=\"wpv-grid grid-1-1  first unextended\" style=\"padding-top:0px;padding-bottom:0px\" id=\"wpv-column-b2dbded8e936a19ff2fa1a0fc21cf3fb\" >\n<div  data-href=\"#buying\" tabindex=\"1\" data-target=\"_self\" class=\"linkarea clearfix   background-transparent\">\n\t\t\t<div class=\"first\"><span class='icon shortcode   use-hover' style='font-size:56px !important;color:#01b0f1;'>&#57780;<\/span><\/div>\n\t\t\t\t<div class=\"last\"><h3 style=\"text-align: center;\">ANKAUF UND VERKAUF VON IMMOBILIEN<\/h3>\n<div class=\"push\" style='margin-bottom:-20px'><\/div>\n<div class=\"sep-2\"><\/div>\n<ul>\n<li>Besprechungen und Vorbereitung der Unterlagen<\/li>\n<li>Recherche\/ sorgf\u00e4ltige Pr\u00fcfung der Unterlagen und Immobilien<\/li>\n<li>Steuerliche Beratung und Aufschl\u00fcsselung der Kosten<\/li>\n<li>Vermittlung w\u00e4hrend des gesamten Prozesses. Koordinierung mit fachbezogenen Technikern (falls erforderlich) f\u00fcr die Immobilienbegutachtung<\/li>\n<li>Koordination mit Banken und Hypothekenanbietern, falls erforderlich<\/li>\n<li>Individuell gestalteter Service<\/li>\n<li>Ausarbeitung von Vorvertr\u00e4gen<\/li>\n<li>Eigentums\u00fcbertragung<\/li>\n<li>Zahlung der damit verbundenen Steuern<\/li>\n<li>Sichere Archivierung der Dokumente<\/li>\n<\/ul><\/div>\n\t<\/div><\/div><\/div><\/div>\n<div class=\"wpv-grid grid-1-3  wpv-first-level unextended\" style=\"padding-top:0px;padding-bottom:0px\" id=\"wpv-column-83e0902764f5fb1dd908fe5a5eb380c5\" ><div class=\"row \"><div class=\"wpv-grid grid-1-1  first unextended\" style=\"padding-top:0px;padding-bottom:0px\" id=\"wpv-column-618fdbe6302e94c389289e4d123c9b3f\" >\n<div  data-href=\"#wills\" tabindex=\"1\" data-target=\"_self\" class=\"linkarea clearfix   background-transparent\">\n\t\t\t<div class=\"first\"><span class='icon shortcode   use-hover' style='font-size:56px !important;color:#01b0f1;'>&#57780;<\/span><\/div>\n\t\t\t\t<div class=\"last\"><h3 style=\"text-align: center;\">GERICHTLICHE TESTAMENTSER\u00d6FFNUNG UND AUFTEILUNG VON VERM\u00d6GENSWERTEN<\/h3>\n<div class=\"push\" style='margin-bottom:-20px'><\/div>\n<div class=\"sep-2\"><\/div>\n<ul>\n<li>Steuerliche Planung und Beratung<\/li>\n<li>Vertretung der gesetzlichen Erben bei den Beh\u00f6rden<\/li>\n<li>Zahlung der damit verbundenen Steuern<\/li>\n<li>\u00dcbertragung von Verm\u00f6genswerten<\/li>\n<li>In Scheidungsf\u00e4llen ziehen wir es vor, Ihnen einen Fachkollegen zu empfehlen<\/li>\n<\/ul><\/div>\n\t<\/div><\/div><\/div><\/div>\n<div class=\"wpv-grid grid-1-3  wpv-first-level unextended\" style=\"padding-top:0px;padding-bottom:0px\" id=\"wpv-column-5820045faca5b749f126451212d6a0e5\" ><div class=\"row \"><div class=\"wpv-grid grid-1-1  first unextended\" style=\"padding-top:0px;padding-bottom:0px\" id=\"wpv-column-79ba63dd2d0f349297030e197feec927\" >\n<div  data-href=\"#elaboration\" tabindex=\"1\" data-target=\"_self\" class=\"linkarea clearfix   background-transparent\">\n\t\t\t<div class=\"first\"><span class='icon shortcode   use-hover' style='font-size:56px !important;color:#01b0f1;'>&#57780;<\/span><\/div>\n\t\t\t\t<div class=\"last\"><h3 style=\"text-align: center;\">GESTALTUNG VON VERTR\u00c4GEN ALLER ART<\/h3>\n<div class=\"push\" style='margin-bottom:-20px'><\/div>\n<div class=\"sep-2\"><\/div>\n<ul>\n<li><span style=\"line-height: 1.5;\">Mietvertr\u00e4ge<\/span><\/li>\n<li><span style=\"line-height: 1.5;\">Pachtvertr\u00e4ge<\/span><\/li>\n<li><span style=\"line-height: 1.5;\">Bauvertr\u00e4ge<\/span><\/li>\n<li><span style=\"line-height: 1.5;\">Darlehensvertr\u00e4ge<\/span><\/li>\n<li><span style=\"line-height: 1.5;\">Garantie-\/ Hypothekenvertr\u00e4ge<\/span><\/li>\n<li><span style=\"line-height: 1.5;\">Alle Arten von Zivil- und Handelsvertr\u00e4gen<\/span><\/li>\n<\/ul><\/div>\n\t<\/div><\/div><\/div><\/div><\/div>\n<div class=\"row \"><div class=\"wpv-grid grid-1-3  wpv-first-level first unextended\" style=\"padding-top:0px;padding-bottom:0px\" id=\"wpv-column-63d431f6c0ae9f4f7fa702cda58ce334\" ><div class=\"row \"><div class=\"wpv-grid grid-1-1  first unextended\" style=\"padding-top:0px;padding-bottom:0px\" id=\"wpv-column-254563ab5ac1f37401bc3c72d9b3b089\" >\n<div  data-href=\"#probate\" tabindex=\"1\" data-target=\"_self\" class=\"linkarea clearfix   background-transparent\">\n\t\t\t<div class=\"first\"><span class='icon shortcode   use-hover' style='font-size:56px !important;color:#01b0f1;'>&#57780;<\/span><\/div>\n\t\t\t\t<div class=\"last\"><h3 style=\"text-align: center;\">URKUNDEN, UNTERLAGEN UND \u00dcBERSETZUNGEN<\/h3>\n<div class=\"push\" style='margin-bottom:-20px'><\/div>\n<div class=\"sep-2\"><\/div>\nDurch das Gesetzesdekret Nr. 116\/2008 vom 4. Juli sind Rechtsanw\u00e4lte berechtigt, eine Vielzahl von Handlungen durchzuf\u00fchren, die zuvor ausschliesslich Notaren vorbehalten waren. Wir f\u00fchren aus:<\/p>\n<ul>\n<li>Vertr\u00e4ge f\u00fcr den An- und Verkauf von Immobilien, Schenkung, Tausch, etc.<\/li>\n<li>Darlehensvereinbarungen;<\/li>\n<li>Beglaubigung von amtlichen Schriftst\u00fccken;<\/li>\n<li>\u00dcbersetzung von Dokumenten.<\/li>\n<\/ul><\/div>\n\t<\/div><\/div><\/div><\/div>\n<div class=\"wpv-grid grid-1-3  wpv-first-level unextended\" style=\"padding-top:0px;padding-bottom:0px\" id=\"wpv-column-ac9b6bf47dd21bb7aa053c9081947522\" ><div class=\"row \"><div class=\"wpv-grid grid-1-1  first unextended\" style=\"padding-top:0px;padding-bottom:0px\" id=\"wpv-column-e4e1c5c2441cb55e7dd20da7521d8709\" >\n<div  data-href=\"#probate\" tabindex=\"1\" data-target=\"_self\" class=\"linkarea clearfix   background-transparent\">\n\t\t\t<div class=\"first\"><span class='icon shortcode   use-hover' style='font-size:56px !important;color:#01b0f1;'>&#57780;<\/span><\/div>\n\t\t\t\t<div class=\"last\"><h3 style=\"text-align: center;\">GOLDENES VISUM<\/h3>\n<div class=\"push\" style='margin-bottom:-20px'><\/div>\n<div class=\"sep-2\"><\/div>\nDas Goldene Visum gibt es seit 2012 und ist eine Form von Aufenthaltstitel, der ausl\u00e4ndische Staatsb\u00fcrger, die in Portugal investieren m\u00f6chten, von der Visumpflicht befreit. Es erlaubt die Einreise und den Aufenthalt in Portugal zu Investitionszwecken und gilt f\u00fcr Staatsangeh\u00f6rige eines Drittstaates, wenn diese in eine der folgenden M\u00f6glichkeiten investieren m\u00f6chten:<\/p>\n<ul>\n<li>Erwerb einer Immobilie im Wert von mindestens 500 Tausend Euro oder mehr;<\/li>\n<li>Erwerb von Immobilien, deren Bau seit mindestens 30 Jahren abgeschlossen ist oder die sich in einem st\u00e4dtischen Rehabilitations- und Sanierungsgebiet befinden, in H\u00f6he von 350 Tausend Euro oder mehr. <\/li>\n<\/ul><\/div>\n\t<\/div>\nWir beraten und f\u00fchren Sie durch das gesamte Verfahren zum Erlangen des Goldenen Visums oder bei seiner Verl\u00e4ngerung.<br \/>\nSprechen Sie uns an.<br \/><\/div><\/div><\/div>\n<div class=\"wpv-grid grid-1-3  wpv-first-level unextended\" style=\"padding-top:0px;padding-bottom:0px\" id=\"wpv-column-efef52e8ab9f487fc352c75ca00fe4ce\" ><div class=\"row \"><div class=\"wpv-grid grid-1-1  first unextended\" style=\"padding-top:0px;padding-bottom:0px\" id=\"wpv-column-281d72e90dab19b8e79a5ff25f37a51f\" >\n<div  data-href=\"#probate\" tabindex=\"1\" data-target=\"_self\" class=\"linkarea clearfix   background-transparent\">\n\t\t\t<div class=\"first\"><span class='icon shortcode   use-hover' style='font-size:56px !important;color:#01b0f1;'>&#57780;<\/span><\/div>\n\t\t\t\t<div class=\"last\"><h3 style=\"text-align: center;\">INVESTITIONEN IN IMMOBILIEN UND TOURISMUS<\/h3>\n<div class=\"push\" style='margin-bottom:-20px'><\/div>\n<div class=\"sep-2\"><\/div>\nWir bieten Ihnen rechtliche Beratung und Unterst\u00fctzung bei allen Immobilien- und Tourismusprojekten. \u00dcber ein Netzwerk von Partnern f\u00fcr Finanz-, Steuer-, Architektur- und Projektmanagementberatung, stellen wir sicher, dass Ihre Investitionsprojekte realisierbar sind, und sicher und zielf\u00fchrend durchgef\u00fchrt werden.<\/div>\n\t<\/div><\/div><\/div><\/div><\/div>\n<div class=\"row \"><div class=\"wpv-grid grid-1-3  wpv-first-level first unextended\" style=\"padding-top:0px;padding-bottom:0px\" id=\"wpv-column-6abe83caaba2280dd645ae9e656093bf\" ><div class=\"row \"><div class=\"wpv-grid grid-1-1  first unextended\" style=\"padding-top:0px;padding-bottom:0px\" id=\"wpv-column-b7714ce9705f73e7b67583ff153aa96b\" >\n<div  data-href=\"#probate\" tabindex=\"1\" data-target=\"_self\" class=\"linkarea clearfix   background-transparent\">\n\t\t\t<div class=\"first\"><span class='icon shortcode   use-hover' style='font-size:56px !important;color:#01b0f1;'>&#57780;<\/span><\/div>\n\t\t\t\t<div class=\"last\"><h3 style=\"text-align: center;\">BAUEN UND LEGALISIEREN<\/h3>\n<div class=\"push\" style='margin-bottom:-20px'><\/div>\n<div class=\"sep-2\"><\/div>\n<ul>\n<li>Wenn Sie bauen oder sanieren m\u00f6chten, ist es sehr wichtig, die besten Partner zu haben.<\/li>\n<li>Zun\u00e4chst einmal m\u00fcssen Sie wissen, was in welcher Form gemacht werden kann und was nicht;<\/li>\n<li>K\u00f6nnen Sie auf einem bestimmten Grundst\u00fcck bauen? Oder eine Ruine wieder aufbauen?<\/li>\n<li>Liegt das Grundst\u00fcck in einer gesch\u00fctzten Zone?<\/li>\n<li>Landwirtschaftsschutzgebiet? Naturschutzgebiet? Sonstige Bedingungen?<\/li>\n<li>Jedes Projekt hat seine Besonderheiten, die Sie kennen m\u00fcssen, bevor Sie sich engagieren.<br \/>\nWir k\u00f6nnen diese Recherche f\u00fcr Sie durchf\u00fchren, entweder direkt oder \u00fcber unser Netzwerk spezialisierter Partner.<\/li>\n<\/ul>\n<p>Nach Kl\u00e4rung aller Punkte verfolgen wir den Ablauf weiter, sowohl in der Genehmigungsphase als auch auf Projektebene.<\/div>\n\t<\/div><\/div><\/div><\/div>\n<div class=\"wpv-grid grid-1-3  wpv-first-level unextended\" style=\"padding-top:0px;padding-bottom:0px\" id=\"wpv-column-7e3c35d838abd3c2ffc832c7ddf47b2c\" ><div class=\"row \"><div class=\"wpv-grid grid-1-1  first unextended\" style=\"padding-top:0px;padding-bottom:0px\" id=\"wpv-column-ed808b266daa8ff9545e6d814496a431\" >\n<div  data-href=\"#probate\" tabindex=\"1\" data-target=\"_self\" class=\"linkarea clearfix   background-transparent\">\n\t\t\t<div class=\"first\"><span class='icon shortcode   use-hover' style='font-size:56px !important;color:#01b0f1;'>&#57780;<\/span><\/div>\n\t\t\t\t<div class=\"last\"><h3 style=\"text-align: center;\">NACHLASSABWICKLUNG<\/h3>\n<div class=\"push\" style='margin-bottom:-20px'><\/div>\n<div class=\"sep-2\"><\/div>\nNach dem Tode ist es verpflichtend, der Steuerbeh\u00f6rde die Verm\u00f6genswerte mitzuteilen und anzugeben, wer die rechtm\u00e4ssigen Erben sind.<br \/>\nOb in Portugal ein Testament verfasst wurde oder nicht und unabh\u00e4ngig von der Staatsangeh\u00f6rigkeit des Verstorbenen, kann unser B\u00fcro alle rechtlichen Verfahren durchf\u00fchren und, falls gew\u00fcnscht, die Verm\u00f6genswerte aufteilen.<\/div>\n\t<\/div><\/div><\/div><\/div>\n<div class=\"wpv-grid grid-1-3  wpv-first-level unextended\" style=\"padding-top:0px;padding-bottom:0px\" id=\"wpv-column-61da6ec46585858084aa4e302d00ac30\" ><div class=\"row \"><div class=\"wpv-grid grid-1-1  first unextended\" style=\"padding-top:0px;padding-bottom:0px\" id=\"wpv-column-06b3aba11aa67f6f0c22d011226328d6\" >\n<div  data-href=\"#probate\" tabindex=\"1\" data-target=\"_self\" class=\"linkarea clearfix   background-transparent\">\n\t\t\t<div class=\"first\"><span class='icon shortcode   use-hover' style='font-size:56px !important;color:#01b0f1;'>&#57780;<\/span><\/div>\n\t\t\t\t<div class=\"last\"><h3 style=\"text-align: center;\">BAULICHE, ST\u00c4DTISCHE UND ADMINISTRATIVE ANGELEGENHEITEN<\/h3>\n<div class=\"push\" style='margin-bottom:-20px'><\/div>\n<div class=\"sep-2\"><\/div>\n<ul>\n<li>Alle Fachgebiete hinsichtlich der \u00f6ffentlichen Verwaltung, kommunal sowie regional<\/li>\n<li>Vorg\u00e4nge \/ Beschwerden<\/li>\n<li>Teilnahme an Besprechungen mit dem Klienten, oder in seinem Namen<\/li>\n<li>Koordinierung und Zusammenarbeit mit fachbezogenen Technikern bei der Vorbereitung von Bauprojekten u. a.<\/li>\n<\/ul><\/div>\n\t<\/div><\/div><\/div><\/div><\/div>\n<div class=\"row \"><div class=\"wpv-grid grid-1-3  wpv-first-level first unextended\" style=\"padding-top:0px;padding-bottom:0px\" id=\"wpv-column-cc8124a4bf10a6780f35290c8af3fb0d\" ><div class=\"row \"><div class=\"wpv-grid grid-1-1  first unextended\" style=\"padding-top:0px;padding-bottom:0px\" id=\"wpv-column-c88404ab366835249178be82c1526743\" >\n<div  data-href=\"#probate\" tabindex=\"1\" data-target=\"_self\" class=\"linkarea clearfix   background-transparent\">\n\t\t\t<div class=\"first\"><span class='icon shortcode   use-hover' style='font-size:56px !important;color:#01b0f1;'>&#57780;<\/span><\/div>\n\t\t\t\t<div class=\"last\"><h3 style=\"text-align: center;\">AUSSERGEW\u00d6HNLICHER RESIDENT<\/h3>\n<div class=\"push\" style='margin-bottom:-20px'><\/div>\n<div class=\"sep-2\"><\/div>\nDas Prinzip des aussergew\u00f6hnlichen Residenten ist ein spezifisches Steuersystem f\u00fcr diejenigen, die einen st\u00e4ndigen oder vor\u00fcbergehenden Wohnsitz in Portugal einrichten m\u00f6chten und wurde geschaffen, um die internationale Wettbewerbsf\u00e4higkeit Portugals zu verbessern.<br \/>\nDas Konzept des \u201cnon habitual resident\u201d ist ein steuerlicher Sonderstatus, der sich nur auf das inl\u00e4ndische Einkommen des Bewerbers auswirkt. Das Konzept ist personengebunden und nicht \u00fcbertragbar.<br \/>\nDiese Sonderregelung sieht im Prinzip eine steuerliche Freistellung auf den gr\u00f6ssten Teil der ausl\u00e4ndischen Eink\u00fcnfte des Bewerbers vor und ist g\u00fcltig f\u00fcr 10 Jahre.<\/div>\n\t<\/div><\/div><\/div><\/div>\n<div class=\"wpv-grid grid-1-3  wpv-first-level unextended\" style=\"padding-top:0px;padding-bottom:0px\" id=\"wpv-column-d9f2bffefa3855efe22121b4b943f294\" ><div class=\"row \"><div class=\"wpv-grid grid-1-1  first unextended\" style=\"padding-top:0px;padding-bottom:0px\" id=\"wpv-column-ecb12010a31c2f5358d8e9b535af8ab7\" >\n<div  data-href=\"#incorporation\" tabindex=\"1\" data-target=\"_self\" class=\"linkarea clearfix   background-transparent\">\n\t\t\t<div class=\"first\"><span class='icon shortcode   use-hover' style='font-size:56px !important;color:#01b0f1;'>&#57780;<\/span><\/div>\n\t\t\t\t<div class=\"last\"><h3 style=\"text-align: center;\">GR\u00dcNDUNG VON UNTERNEHMEN<\/h3>\n<div class=\"push\" style='margin-bottom:-20px'><\/div>\n<div class=\"sep-2\"><\/div>\n<ul>\n<li>Rechtliche und steuerliche Vorbereitung und Planung<\/li>\n<li>Koordination mit Steuerberatern<\/li>\n<li>Gr\u00fcndung portugiesischer oder ausl\u00e4ndischer Unternehmen<\/li>\n<li>Koordination mit offshore- und gebietsfremden Unternehmen<\/li>\n<\/ul>\n<div class=\"push\" style='height:20px'><\/div><\/div>\n\t<\/div><\/div><\/div><\/div>\n<div class=\"wpv-grid grid-1-3  wpv-first-level unextended\" style=\"padding-top:0px;padding-bottom:0px\" id=\"wpv-column-4e2beda778eede29b245b7235293e90b\" ><div class=\"row \"><div class=\"wpv-grid grid-1-1  first unextended\" style=\"padding-top:0px;padding-bottom:0px\" id=\"wpv-column-47adfc5c2a28f4e8b9bae15420b99b8d\" >\n<div  data-href=\"#urbanism\" tabindex=\"1\" data-target=\"_self\" class=\"linkarea clearfix   background-transparent\">\n\t\t\t<div class=\"first\"><span class='icon shortcode   use-hover' style='font-size:56px !important;color:#01b0f1;'>&#57780;<\/span><\/div>\n\t\t\t\t<div class=\"last\"><h3 style=\"text-align: center;\">TESTAMENTE<\/h3>\n<div class=\"push\" style='margin-bottom:-20px'><\/div>\n<div class=\"sep-2\"><\/div>\n<ul>\n<li>Planung der bestm\u00f6glichen Optionen<\/li>\n<li>Vorbereitung<\/li>\n<li>Beschaffung von Zeugen<\/li>\n<li>Begleitung w\u00e4hrend des gesamten Vorgangs<\/li>\n<li>\u00dcbersetzung und sichere Verwahrung<\/li>\n<\/ul><\/div>\n\t<\/div><\/div><\/div><\/div><\/div>\n<div class=\"row \"><div class=\"wpv-grid grid-1-1  wpv-first-level first unextended\" style=\"padding-top:0px;padding-bottom:0px\" id=\"wpv-column-0323515ef939402fc1fd41440a606fc2\" ><p style=\"text-align: center;\"><span class=\"vamtam-font-style-1 with-color\">\u201eDer Wille zu gewinnen, der Wunsch zu bestehen, der Drang, Ihr Potenzial voll auszusch\u00f6pfen&#8230; das sind die Schl\u00fcssel daf\u00fcr, die T\u00fcr zur pers\u00f6nlichen Exzellenz aufzuschlie\u00dfen.\u201c<\/span><\/p>\n<p style=\"text-align: center;\">Konfuzius<div class=\"push\" style='height:10px'><\/div>\n<p style=\"text-align: center;\"><div class=\"push\" style='height:70px'><\/div><\/div><\/div>\n<div class=\"row \"><div class=\"wpv-grid grid-1-1  wpv-first-level first unextended\" style=\"padding-top:0px;padding-bottom:0px\" id=\"wpv-column-4b6d391d97d6b255c7e919dac2bae2a2\" ><div class=\"services has-more \" id=\"wpv-expandable-053c8d2334ac1b1bd1334160ee710b38\">\n\t<div class=\"closed services-inside\">\n\t\t<div class=\"services-content-wrapper clearfix\">\n\t\t\t\n\t\t\t\t\t\t\n\n\t\t<\/div>\n\t<\/div>\n\t<div class=\"open services-inside\">\n\t\t<div class=\"services-content-wrapper\">\n\t\t\t<div class=\"row\">\n\t\t\t\t\n\t\t\t<\/div>\n\t\t<\/div>\n\t<\/div>\n<\/div>\n<style scoped>#wpv-expandable-053c8d2334ac1b1bd1334160ee710b38 .open{background:#01b0f1;}#wpv-expandable-053c8d2334ac1b1bd1334160ee710b38 .open,#wpv-expandable-053c8d2334ac1b1bd1334160ee710b38 .open p,#wpv-expandable-053c8d2334ac1b1bd1334160ee710b38 .open .sep-text h2.regular-title-wrapper,#wpv-expandable-053c8d2334ac1b1bd1334160ee710b38 .open .text-divider-double,#wpv-expandable-053c8d2334ac1b1bd1334160ee710b38 .open .sep-text .sep-text-line,#wpv-expandable-053c8d2334ac1b1bd1334160ee710b38 .open .sep,#wpv-expandable-053c8d2334ac1b1bd1334160ee710b38 .open .sep-2,#wpv-expandable-053c8d2334ac1b1bd1334160ee710b38 .open .sep-3,#wpv-expandable-053c8d2334ac1b1bd1334160ee710b38 .open h1,#wpv-expandable-053c8d2334ac1b1bd1334160ee710b38 .open h2,#wpv-expandable-053c8d2334ac1b1bd1334160ee710b38 .open h3,#wpv-expandable-053c8d2334ac1b1bd1334160ee710b38 .open h4,#wpv-expandable-053c8d2334ac1b1bd1334160ee710b38 .open h5,#wpv-expandable-053c8d2334ac1b1bd1334160ee710b38 .open h6,#wpv-expandable-053c8d2334ac1b1bd1334160ee710b38 .open td,#wpv-expandable-053c8d2334ac1b1bd1334160ee710b38 .open th,#wpv-expandable-053c8d2334ac1b1bd1334160ee710b38 .open caption{color:#f2fbff;}<\/style>\n<\/div><\/div>\n","protected":false},"excerpt":{"rendered":"<p>Wir beraten und f\u00fchren Sie durch das gesamte Verfahren zum Erlangen des Goldenen Visums oder bei seiner Verl\u00e4ngerung. Sprechen Sie uns an. \u201eDer Wille zu gewinnen, der Wunsch zu bestehen, der Drang, Ihr Potenzial voll auszusch\u00f6pfen&#8230; das sind die Schl\u00fcssel daf\u00fcr, die T\u00fcr zur pers\u00f6nlichen Exzellenz aufzuschlie\u00dfen.\u201c Konfuzius<\/p>\n","protected":false},"author":1,"featured_media":0,"parent":0,"menu_order":0,"comment_status":"closed","ping_status":"open","template":"","meta":[],"yoast_head":"<!-- This site is optimized with the Yoast SEO plugin v21.0 - https:\/\/yoast.com\/wordpress\/plugins\/seo\/ -->\n<title>RECHTSBEREICHE - Lawyer Algarve Cristina Marcelino - office in Lagos<\/title>\n<meta name=\"description\" content=\"Buying and Selling properties, Wills, Elaboration of all types of contracts, Probate and Division of assepts, Urbanism and Administrative matters,...\" \/>\n<meta name=\"robots\" content=\"index, follow, max-snippet:-1, max-image-preview:large, max-video-preview:-1\" \/>\n<link rel=\"canonical\" href=\"https:\/\/lawyeralgarve.com\/de\/rechtsbereiche\/\" \/>\n<meta property=\"og:locale\" content=\"de_DE\" \/>\n<meta property=\"og:type\" content=\"article\" \/>\n<meta property=\"og:title\" content=\"RECHTSBEREICHE - Lawyer Algarve Cristina Marcelino - office in Lagos\" \/>\n<meta property=\"og:description\" content=\"Buying and Selling properties, Wills, Elaboration of all types of contracts, Probate and Division of assepts, Urbanism and Administrative matters,...\" \/>\n<meta property=\"og:url\" content=\"https:\/\/lawyeralgarve.com\/de\/rechtsbereiche\/\" \/>\n<meta property=\"og:site_name\" content=\"Lawyer Algarve\" \/>\n<meta property=\"article:modified_time\" content=\"2024-01-29T10:35:18+00:00\" \/>\n<meta name=\"twitter:card\" content=\"summary_large_image\" \/>\n<meta name=\"twitter:label1\" content=\"Gesch\u00e4tzte Lesezeit\" \/>\n\t<meta name=\"twitter:data1\" content=\"6 Minuten\" \/>\n<script type=\"application\/ld+json\" class=\"yoast-schema-graph\">{\"@context\":\"https:\/\/schema.org\",\"@graph\":[{\"@type\":\"WebPage\",\"@id\":\"https:\/\/lawyeralgarve.com\/de\/rechtsbereiche\/\",\"url\":\"https:\/\/lawyeralgarve.com\/de\/rechtsbereiche\/\",\"name\":\"RECHTSBEREICHE - Lawyer Algarve Cristina Marcelino - office in Lagos\",\"isPartOf\":{\"@id\":\"https:\/\/lawyeralgarve.com\/#website\"},\"datePublished\":\"2014-07-04T10:06:07+00:00\",\"dateModified\":\"2024-01-29T10:35:18+00:00\",\"description\":\"Buying and Selling properties, Wills, Elaboration of all types of contracts, Probate and Division of assepts, Urbanism and Administrative matters,...\",\"breadcrumb\":{\"@id\":\"https:\/\/lawyeralgarve.com\/de\/rechtsbereiche\/#breadcrumb\"},\"inLanguage\":\"de-DE\",\"potentialAction\":[{\"@type\":\"ReadAction\",\"target\":[\"https:\/\/lawyeralgarve.com\/de\/rechtsbereiche\/\"]}]},{\"@type\":\"BreadcrumbList\",\"@id\":\"https:\/\/lawyeralgarve.com\/de\/rechtsbereiche\/#breadcrumb\",\"itemListElement\":[{\"@type\":\"ListItem\",\"position\":1,\"name\":\"Home\",\"item\":\"https:\/\/lawyeralgarve.com\/de\/\"},{\"@type\":\"ListItem\",\"position\":2,\"name\":\"RECHTSBEREICHE\"}]},{\"@type\":\"WebSite\",\"@id\":\"https:\/\/lawyeralgarve.com\/#website\",\"url\":\"https:\/\/lawyeralgarve.com\/\",\"name\":\"Lawyer Algarve\",\"description\":\"We are a Law Office, based in Lagos, We cover the whole Algarve\",\"potentialAction\":[{\"@type\":\"SearchAction\",\"target\":{\"@type\":\"EntryPoint\",\"urlTemplate\":\"https:\/\/lawyeralgarve.com\/?s={search_term_string}\"},\"query-input\":\"required name=search_term_string\"}],\"inLanguage\":\"de-DE\"}]}<\/script>\n<!-- \/ Yoast SEO plugin. -->","yoast_head_json":{"title":"RECHTSBEREICHE - Lawyer Algarve Cristina Marcelino - office in Lagos","description":"Buying and Selling properties, Wills, Elaboration of all types of contracts, Probate and Division of assepts, Urbanism and Administrative matters,...","robots":{"index":"index","follow":"follow","max-snippet":"max-snippet:-1","max-image-preview":"max-image-preview:large","max-video-preview":"max-video-preview:-1"},"canonical":"https:\/\/lawyeralgarve.com\/de\/rechtsbereiche\/","og_locale":"de_DE","og_type":"article","og_title":"RECHTSBEREICHE - Lawyer Algarve Cristina Marcelino - office in Lagos","og_description":"Buying and Selling properties, Wills, Elaboration of all types of contracts, Probate and Division of assepts, Urbanism and Administrative matters,...","og_url":"https:\/\/lawyeralgarve.com\/de\/rechtsbereiche\/","og_site_name":"Lawyer Algarve","article_modified_time":"2024-01-29T10:35:18+00:00","twitter_card":"summary_large_image","twitter_misc":{"Gesch\u00e4tzte Lesezeit":"6 Minuten"},"schema":{"@context":"https:\/\/schema.org","@graph":[{"@type":"WebPage","@id":"https:\/\/lawyeralgarve.com\/de\/rechtsbereiche\/","url":"https:\/\/lawyeralgarve.com\/de\/rechtsbereiche\/","name":"RECHTSBEREICHE - Lawyer Algarve Cristina Marcelino - office in Lagos","isPartOf":{"@id":"https:\/\/lawyeralgarve.com\/#website"},"datePublished":"2014-07-04T10:06:07+00:00","dateModified":"2024-01-29T10:35:18+00:00","description":"Buying and Selling properties, Wills, Elaboration of all types of contracts, Probate and Division of assepts, Urbanism and Administrative matters,...","breadcrumb":{"@id":"https:\/\/lawyeralgarve.com\/de\/rechtsbereiche\/#breadcrumb"},"inLanguage":"de-DE","potentialAction":[{"@type":"ReadAction","target":["https:\/\/lawyeralgarve.com\/de\/rechtsbereiche\/"]}]},{"@type":"BreadcrumbList","@id":"https:\/\/lawyeralgarve.com\/de\/rechtsbereiche\/#breadcrumb","itemListElement":[{"@type":"ListItem","position":1,"name":"Home","item":"https:\/\/lawyeralgarve.com\/de\/"},{"@type":"ListItem","position":2,"name":"RECHTSBEREICHE"}]},{"@type":"WebSite","@id":"https:\/\/lawyeralgarve.com\/#website","url":"https:\/\/lawyeralgarve.com\/","name":"Lawyer Algarve","description":"We are a Law Office, based in Lagos, We cover the whole Algarve","potentialAction":[{"@type":"SearchAction","target":{"@type":"EntryPoint","urlTemplate":"https:\/\/lawyeralgarve.com\/?s={search_term_string}"},"query-input":"required name=search_term_string"}],"inLanguage":"de-DE"}]}},"_links":{"self":[{"href":"https:\/\/lawyeralgarve.com\/de\/wp-json\/wp\/v2\/pages\/9986"}],"collection":[{"href":"https:\/\/lawyeralgarve.com\/de\/wp-json\/wp\/v2\/pages"}],"about":[{"href":"https:\/\/lawyeralgarve.com\/de\/wp-json\/wp\/v2\/types\/page"}],"author":[{"embeddable":true,"href":"https:\/\/lawyeralgarve.com\/de\/wp-json\/wp\/v2\/users\/1"}],"replies":[{"embeddable":true,"href":"https:\/\/lawyeralgarve.com\/de\/wp-json\/wp\/v2\/comments?post=9986"}],"version-history":[{"count":18,"href":"https:\/\/lawyeralgarve.com\/de\/wp-json\/wp\/v2\/pages\/9986\/revisions"}],"predecessor-version":[{"id":10359,"href":"https:\/\/lawyeralgarve.com\/de\/wp-json\/wp\/v2\/pages\/9986\/revisions\/10359"}],"wp:attachment":[{"href":"https:\/\/lawyeralgarve.com\/de\/wp-json\/wp\/v2\/media?parent=9986"}],"curies":[{"name":"wp","href":"https:\/\/api.w.org\/{rel}","templated":true}]}}