{"id":9997,"date":"2014-09-28T00:23:46","date_gmt":"2014-09-28T00:23:46","guid":{"rendered":"https:\/\/lawyeralgarve.com\/attorney\/"},"modified":"2023-06-09T10:35:30","modified_gmt":"2023-06-09T09:35:30","slug":"rechtsanwalt","status":"publish","type":"page","link":"https:\/\/lawyeralgarve.com\/de\/rechtsanwalt\/","title":{"rendered":"Rechtsanwalt"},"content":{"rendered":"<div class=\"row \"><div class=\"wpv-grid grid-2-3  wpv-first-level first has-background unextended\" style=\"\n\t\t\t\tbackground: url( '\/wp-content\/uploads\/2021\/10\/foto-ind.jpg' ) no-repeat center top;\n\t\t\t\tbackground-size: auto;\n\t\t\tpadding-top:400px;padding-bottom:0px\" id=\"wpv-column-f017ac9a2be8a9da9e18730a1c3c9b7c\" ><\/div>\n<div class=\"wpv-grid grid-1-3  wpv-first-level unextended\" style=\"padding-top:20px;padding-bottom:15px\" id=\"wpv-column-b6aae3caa42b887f5c2abc03f475c175\" ><div class=\"row \"><div class=\"wpv-grid grid-1-1  first unextended animation-fade-in animated-active\" style=\"padding-top:0px;padding-bottom:0px\" id=\"wpv-column-0c131eabac47a5df836eeff57984a316\" ><h4 style=\"padding-left: 20px;\">KONTAKT<\/h4>\n<p style=\"padding-left: 20px;\">Tel: <a href=\"tel:+351282768269\"><strong>+351 282 768 269<\/strong><\/a><br \/>\n<a href=\"mailto:info@lawyeralgarve.com\">info@lawyeralgarve.com<\/a><\/p>\n<p style=\"padding-left: 20px;\"><div class=\"push\" style='height:10px'><\/div>\n<h4 style=\"padding-left: 20px;\">T\u00c4TIGKEITSSCHWERPUNKTE<\/h4>\n<p style=\"padding-left: 20px;\"><a href=\"\/de\/rechtsbereiche\/\">Ankauf und Verkauf von Immobilien \u2192<\/a><br \/>\n<a href=\"\/de\/rechtsbereiche\/\">Testamente \u2192<\/a><br \/>\n<a href=\"\/de\/rechtsbereiche\/\">Gestaltung von Vertr\u00e4gen \u2192<br \/>\n<\/a><a href=\"\/de\/rechtsbereiche\/\">Weiterlesen&#8230; \u2192<\/a><br \/>\n<div class=\"push\" style='height:10px'><\/div>\n<h4 style=\"padding-left: 20px;\">AUSBILDUNG<\/h4>\n<p style=\"padding-left: 20px;\">Studienabschluss in Rechtswissenschaften an der Universit\u00e4t Lus\u00edadas in Lissabon \u2013 1998;<br \/>\nPostgraduierten-Diplom im Immobilienrecht;<br \/>\nBesuch der Universit\u00e4t f\u00fcr Rechtswissenschaften in Regensburg (Deutschland) f\u00fcr 2 Semester;<br \/>\nNachdiplomstudium im Arbeitsrecht;<br \/>\nTrainingsprogramme in Steuern und Investitionen.<\/div><\/div><\/div><\/div>\n<div class=\"row \"><div class=\"wpv-grid grid-1-3  wpv-first-level first unextended\" style=\"padding-top:20px;padding-bottom:15px\" id=\"wpv-column-886c3de3bdb2f1861b130e5596aa0eb6\" ><div class=\"push\" style='height:50px'><\/div>\n<div class=\"row \"><div class=\"wpv-grid grid-1-1  first unextended animation-fade-in animated-active\" style=\"padding-top:0px;padding-bottom:0px\" id=\"wpv-column-68b79519bba00fb144dee690d81a49eb\" ><h4 style=\"padding-left: 20px;\">UNSER TEAM IM B\u00dcRO<\/h4><\/div><\/div><\/div><\/div>\n<img decoding=\"async\" loading=\"lazy\" class=\"wp-image-10493 size-large alignleft\" src=\"https:\/\/lawyeralgarve.com\/wp-content\/uploads\/2021\/10\/foto-equipa-1024x684.jpg\" alt=\"Equipa\" width=\"1024\" height=\"684\" srcset=\"https:\/\/lawyeralgarve.com\/wp-content\/uploads\/2021\/10\/foto-equipa-1024x684.jpg 1024w, https:\/\/lawyeralgarve.com\/wp-content\/uploads\/2021\/10\/foto-equipa-300x200.jpg 300w, https:\/\/lawyeralgarve.com\/wp-content\/uploads\/2021\/10\/foto-equipa-1536x1025.jpg 1536w, https:\/\/lawyeralgarve.com\/wp-content\/uploads\/2021\/10\/foto-equipa-2048x1367.jpg 2048w, https:\/\/lawyeralgarve.com\/wp-content\/uploads\/2021\/10\/foto-equipa-1140x760.jpg 1140w, https:\/\/lawyeralgarve.com\/wp-content\/uploads\/2021\/10\/foto-equipa-555x370.jpg 555w, https:\/\/lawyeralgarve.com\/wp-content\/uploads\/2021\/10\/foto-equipa-360x240.jpg 360w, https:\/\/lawyeralgarve.com\/wp-content\/uploads\/2021\/10\/foto-equipa-262x175.jpg 262w, https:\/\/lawyeralgarve.com\/wp-content\/uploads\/2021\/10\/foto-equipa-1320x881.jpg 1320w, https:\/\/lawyeralgarve.com\/wp-content\/uploads\/2021\/10\/foto-equipa-300x200@2x.jpg 600w\" sizes=\"(max-width: 1024px) 100vw, 1024px\" \/><br \/>\n<div class=\"push\" style='height:20px'><\/div>\n<h4 style=\"padding-left: 20px;\">WIR HABEN AUCH EIN NETZWERK VON SPEZIALISTEN F\u00dcR IHRE SPEZIFISCHEN BED\u00dcRFNISSE<\/h4>\n<div class=\"push\" style='height:20px'><\/div>\n<div class=\"row \"><div class=\"wpv-grid grid-1-1  wpv-first-level first unextended animation-from-bottom animated-active\" style=\"padding-top:15px;padding-bottom:60px\" id=\"wpv-column-bd70acfc89a55772fdbf2ac6c2e2381b\" >\t\t<div class=\"sep-text single centered\">\n\t\t\t\t\t\t\t<span class=\"sep-text-before\"><div class=\"sep-text-line\"><\/div><\/span>\n\t\t\t\t\t\t<div class=\"content\">\n\t\t\t\t<h2 class=\"text-divider-double\">KONTAKTIEREN SIE MICH<\/h2>\t\t\t<\/div>\n\t\t\t<span class=\"sep-text-after\"><div class=\"sep-text-line\"><\/div><\/span>\n\t\t\t\t\t<\/div>\n\t<div class=\"push\" style='height:10px'><\/div>\n<div class=\"row \"><div class=\"wpv-grid grid-1-1  first unextended\" style=\"padding-top:0px;padding-bottom:0px\" id=\"wpv-column-0c14f73ff40ea380a486da11e1bf506a\" ><p>\n<div class=\"wpcf7 no-js\" id=\"wpcf7-f9977-o1\" lang=\"pt-PT\" dir=\"ltr\">\n<div class=\"screen-reader-response\"><p role=\"status\" aria-live=\"polite\" aria-atomic=\"true\"><\/p> <ul><\/ul><\/div>\n<form action=\"\/de\/wp-json\/wp\/v2\/pages\/9997#wpcf7-f9977-o1\" method=\"post\" class=\"wpcf7-form init\" aria-label=\"Formul\u00e1rio de contacto\" novalidate=\"novalidate\" data-status=\"init\">\n<div style=\"display: none;\">\n<input type=\"hidden\" name=\"_wpcf7\" value=\"9977\" \/>\n<input type=\"hidden\" name=\"_wpcf7_version\" value=\"5.8.6\" \/>\n<input type=\"hidden\" name=\"_wpcf7_locale\" value=\"pt_PT\" \/>\n<input type=\"hidden\" name=\"_wpcf7_unit_tag\" value=\"wpcf7-f9977-o1\" \/>\n<input type=\"hidden\" name=\"_wpcf7_container_post\" value=\"0\" \/>\n<input type=\"hidden\" name=\"_wpcf7_posted_data_hash\" value=\"\" \/>\n<input type=\"hidden\" name=\"_wpcf7_recaptcha_response\" value=\"\" \/>\n<\/div>\n<p>Ihr Name (erforderlich)\n<\/p>\n<p><span class=\"wpcf7-form-control-wrap\" data-name=\"your-name\"><input size=\"40\" class=\"wpcf7-form-control wpcf7-text wpcf7-validates-as-required\" aria-required=\"true\" aria-invalid=\"false\" value=\"\" type=\"text\" name=\"your-name\" \/><\/span>\n<\/p>\n<p>Ihre E-Mail (erforderlich)\n<\/p>\n<p><span class=\"wpcf7-form-control-wrap\" data-name=\"your-email\"><input size=\"40\" class=\"wpcf7-form-control wpcf7-email wpcf7-validates-as-required wpcf7-text wpcf7-validates-as-email\" aria-required=\"true\" aria-invalid=\"false\" value=\"\" type=\"email\" name=\"your-email\" \/><\/span>\n<\/p>\n<p>Betreff\n<\/p>\n<p><span class=\"wpcf7-form-control-wrap\" data-name=\"your-subject\"><input size=\"40\" class=\"wpcf7-form-control wpcf7-text\" aria-invalid=\"false\" value=\"\" type=\"text\" name=\"your-subject\" \/><\/span>\n<\/p>\n<p>Ihre Nachricht\n<\/p>\n<p><span class=\"wpcf7-form-control-wrap\" data-name=\"your-message\"><textarea cols=\"40\" rows=\"10\" class=\"wpcf7-form-control wpcf7-textarea\" aria-invalid=\"false\" name=\"your-message\"><\/textarea><\/span>\n<\/p>\n<p><input class=\"wpcf7-form-control wpcf7-submit has-spinner\" type=\"submit\" value=\"Senden\" \/>\n<\/p><div class=\"wpcf7-response-output\" aria-hidden=\"true\"><\/div>\n<\/form>\n<\/div>\n<\/div><\/div><\/div><\/div>\n","protected":false},"excerpt":{"rendered":"<p>KONTAKT Tel: +351 282 768 269 info@lawyeralgarve.com T\u00c4TIGKEITSSCHWERPUNKTE Ankauf und Verkauf von Immobilien \u2192 Testamente \u2192 Gestaltung von Vertr\u00e4gen \u2192 Weiterlesen&#8230; \u2192 AUSBILDUNG Studienabschluss in Rechtswissenschaften an der Universit\u00e4t Lus\u00edadas in Lissabon \u2013 1998; Postgraduierten-Diplom im Immobilienrecht; Besuch der Universit\u00e4t f\u00fcr Rechtswissenschaften in Regensburg (Deutschland) f\u00fcr 2 Semester; Nachdiplomstudium im Arbeitsrecht; Trainingsprogramme in Steuern und&#8230;<\/p>\n","protected":false},"author":1,"featured_media":0,"parent":0,"menu_order":0,"comment_status":"closed","ping_status":"closed","template":"","meta":[],"yoast_head":"<!-- This site is optimized with the Yoast SEO plugin v21.0 - https:\/\/yoast.com\/wordpress\/plugins\/seo\/ -->\n<title>Rechtsanwalt Cristina Marcelino - Lawyer Algarve - office in Lagos<\/title>\n<meta name=\"description\" content=\"We always aim to do better, If we do not know the answer, we will look for the right solution for you. REQUEST A FREE CONSULTATION - Cristina Marcelino\" \/>\n<meta name=\"robots\" content=\"index, follow, max-snippet:-1, max-image-preview:large, max-video-preview:-1\" \/>\n<link rel=\"canonical\" href=\"https:\/\/lawyeralgarve.com\/de\/rechtsanwalt\/\" \/>\n<meta property=\"og:locale\" content=\"de_DE\" \/>\n<meta property=\"og:type\" content=\"article\" \/>\n<meta property=\"og:title\" content=\"Rechtsanwalt Cristina Marcelino - Lawyer Algarve - office in Lagos\" \/>\n<meta property=\"og:description\" content=\"We always aim to do better, If we do not know the answer, we will look for the right solution for you. REQUEST A FREE CONSULTATION - Cristina Marcelino\" \/>\n<meta property=\"og:url\" content=\"https:\/\/lawyeralgarve.com\/de\/rechtsanwalt\/\" \/>\n<meta property=\"og:site_name\" content=\"Lawyer Algarve\" \/>\n<meta property=\"article:modified_time\" content=\"2023-06-09T09:35:30+00:00\" \/>\n<meta property=\"og:image\" content=\"https:\/\/lawyeralgarve.com\/wp-content\/uploads\/2021\/10\/foto-equipa-1024x684.jpg\" \/>\n<meta name=\"twitter:card\" content=\"summary_large_image\" \/>\n<meta name=\"twitter:label1\" content=\"Gesch\u00e4tzte Lesezeit\" \/>\n\t<meta name=\"twitter:data1\" content=\"2 Minuten\" \/>\n<script type=\"application\/ld+json\" class=\"yoast-schema-graph\">{\"@context\":\"https:\/\/schema.org\",\"@graph\":[{\"@type\":\"WebPage\",\"@id\":\"https:\/\/lawyeralgarve.com\/de\/rechtsanwalt\/\",\"url\":\"https:\/\/lawyeralgarve.com\/de\/rechtsanwalt\/\",\"name\":\"Rechtsanwalt Cristina Marcelino - Lawyer Algarve - office in Lagos\",\"isPartOf\":{\"@id\":\"https:\/\/lawyeralgarve.com\/#website\"},\"datePublished\":\"2014-09-28T00:23:46+00:00\",\"dateModified\":\"2023-06-09T09:35:30+00:00\",\"description\":\"We always aim to do better, If we do not know the answer, we will look for the right solution for you. REQUEST A FREE CONSULTATION - Cristina Marcelino\",\"breadcrumb\":{\"@id\":\"https:\/\/lawyeralgarve.com\/de\/rechtsanwalt\/#breadcrumb\"},\"inLanguage\":\"de-DE\",\"potentialAction\":[{\"@type\":\"ReadAction\",\"target\":[\"https:\/\/lawyeralgarve.com\/de\/rechtsanwalt\/\"]}]},{\"@type\":\"BreadcrumbList\",\"@id\":\"https:\/\/lawyeralgarve.com\/de\/rechtsanwalt\/#breadcrumb\",\"itemListElement\":[{\"@type\":\"ListItem\",\"position\":1,\"name\":\"Home\",\"item\":\"https:\/\/lawyeralgarve.com\/de\/\"},{\"@type\":\"ListItem\",\"position\":2,\"name\":\"Rechtsanwalt\"}]},{\"@type\":\"WebSite\",\"@id\":\"https:\/\/lawyeralgarve.com\/#website\",\"url\":\"https:\/\/lawyeralgarve.com\/\",\"name\":\"Lawyer Algarve\",\"description\":\"We are a Law Office, based in Lagos, We cover the whole Algarve\",\"potentialAction\":[{\"@type\":\"SearchAction\",\"target\":{\"@type\":\"EntryPoint\",\"urlTemplate\":\"https:\/\/lawyeralgarve.com\/?s={search_term_string}\"},\"query-input\":\"required name=search_term_string\"}],\"inLanguage\":\"de-DE\"}]}<\/script>\n<!-- \/ Yoast SEO plugin. -->","yoast_head_json":{"title":"Rechtsanwalt Cristina Marcelino - Lawyer Algarve - office in Lagos","description":"We always aim to do better, If we do not know the answer, we will look for the right solution for you. REQUEST A FREE CONSULTATION - Cristina Marcelino","robots":{"index":"index","follow":"follow","max-snippet":"max-snippet:-1","max-image-preview":"max-image-preview:large","max-video-preview":"max-video-preview:-1"},"canonical":"https:\/\/lawyeralgarve.com\/de\/rechtsanwalt\/","og_locale":"de_DE","og_type":"article","og_title":"Rechtsanwalt Cristina Marcelino - Lawyer Algarve - office in Lagos","og_description":"We always aim to do better, If we do not know the answer, we will look for the right solution for you. REQUEST A FREE CONSULTATION - Cristina Marcelino","og_url":"https:\/\/lawyeralgarve.com\/de\/rechtsanwalt\/","og_site_name":"Lawyer Algarve","article_modified_time":"2023-06-09T09:35:30+00:00","og_image":[{"url":"https:\/\/lawyeralgarve.com\/wp-content\/uploads\/2021\/10\/foto-equipa-1024x684.jpg"}],"twitter_card":"summary_large_image","twitter_misc":{"Gesch\u00e4tzte Lesezeit":"2 Minuten"},"schema":{"@context":"https:\/\/schema.org","@graph":[{"@type":"WebPage","@id":"https:\/\/lawyeralgarve.com\/de\/rechtsanwalt\/","url":"https:\/\/lawyeralgarve.com\/de\/rechtsanwalt\/","name":"Rechtsanwalt Cristina Marcelino - Lawyer Algarve - office in Lagos","isPartOf":{"@id":"https:\/\/lawyeralgarve.com\/#website"},"datePublished":"2014-09-28T00:23:46+00:00","dateModified":"2023-06-09T09:35:30+00:00","description":"We always aim to do better, If we do not know the answer, we will look for the right solution for you. REQUEST A FREE CONSULTATION - Cristina Marcelino","breadcrumb":{"@id":"https:\/\/lawyeralgarve.com\/de\/rechtsanwalt\/#breadcrumb"},"inLanguage":"de-DE","potentialAction":[{"@type":"ReadAction","target":["https:\/\/lawyeralgarve.com\/de\/rechtsanwalt\/"]}]},{"@type":"BreadcrumbList","@id":"https:\/\/lawyeralgarve.com\/de\/rechtsanwalt\/#breadcrumb","itemListElement":[{"@type":"ListItem","position":1,"name":"Home","item":"https:\/\/lawyeralgarve.com\/de\/"},{"@type":"ListItem","position":2,"name":"Rechtsanwalt"}]},{"@type":"WebSite","@id":"https:\/\/lawyeralgarve.com\/#website","url":"https:\/\/lawyeralgarve.com\/","name":"Lawyer Algarve","description":"We are a Law Office, based in Lagos, We cover the whole Algarve","potentialAction":[{"@type":"SearchAction","target":{"@type":"EntryPoint","urlTemplate":"https:\/\/lawyeralgarve.com\/?s={search_term_string}"},"query-input":"required name=search_term_string"}],"inLanguage":"de-DE"}]}},"_links":{"self":[{"href":"https:\/\/lawyeralgarve.com\/de\/wp-json\/wp\/v2\/pages\/9997"}],"collection":[{"href":"https:\/\/lawyeralgarve.com\/de\/wp-json\/wp\/v2\/pages"}],"about":[{"href":"https:\/\/lawyeralgarve.com\/de\/wp-json\/wp\/v2\/types\/page"}],"author":[{"embeddable":true,"href":"https:\/\/lawyeralgarve.com\/de\/wp-json\/wp\/v2\/users\/1"}],"replies":[{"embeddable":true,"href":"https:\/\/lawyeralgarve.com\/de\/wp-json\/wp\/v2\/comments?post=9997"}],"version-history":[{"count":7,"href":"https:\/\/lawyeralgarve.com\/de\/wp-json\/wp\/v2\/pages\/9997\/revisions"}],"predecessor-version":[{"id":10588,"href":"https:\/\/lawyeralgarve.com\/de\/wp-json\/wp\/v2\/pages\/9997\/revisions\/10588"}],"wp:attachment":[{"href":"https:\/\/lawyeralgarve.com\/de\/wp-json\/wp\/v2\/media?parent=9997"}],"curies":[{"name":"wp","href":"https:\/\/api.w.org\/{rel}","templated":true}]}}