{"id":10097,"date":"2014-07-04T10:06:07","date_gmt":"2014-07-04T10:06:07","guid":{"rendered":"https:\/\/lawyeralgarve.com\/practice-areas\/"},"modified":"2024-01-29T10:34:31","modified_gmt":"2024-01-29T10:34:31","slug":"domaines-dactivite","status":"publish","type":"page","link":"https:\/\/lawyeralgarve.com\/fr\/domaines-dactivite\/","title":{"rendered":"Domaines D&rsquo;Activit\u00e9"},"content":{"rendered":"<div class=\"push\" style='height:50px'><\/div>\n<div class=\"row \"><div class=\"wpv-grid grid-1-3  wpv-first-level first unextended\" style=\"padding-top:0px;padding-bottom:0px\" id=\"wpv-column-708d347aa54e304308f73f076df8beb8\" ><div class=\"row \"><div class=\"wpv-grid grid-1-1  first unextended\" style=\"padding-top:0px;padding-bottom:0px\" id=\"wpv-column-3f646dcfc55367e1ec84ff72165e842d\" >\n<div  data-href=\"#buying\" tabindex=\"1\" data-target=\"_self\" class=\"linkarea clearfix   background-transparent\">\n\t\t\t<div class=\"first\"><span class='icon shortcode   use-hover' style='font-size:56px !important;color:#01b0f1;'>&#57780;<\/span><\/div>\n\t\t\t\t<div class=\"last\"><h3 style=\"text-align: center;\">ACQUISITION ET VENTE<br \/>\nPROPRI\u00c9T\u00c9S<\/h3>\n<div class=\"push\" style='margin-bottom:-20px'><\/div>\n<div class=\"sep-2\"><\/div>\n<ul>\n<li>R\u00e9unions et pr\u00e9paration du dossier<\/li>\n<li>Recherche documentaire et immobili\u00e8re\/diligence raisonnable<\/li>\n<li>Conseil fiscal et ventilation des co\u00fbts<\/li>\n<li>M\u00e9diation tout au long de la proc\u00e9dure. Coordination avec des techniciens sp\u00e9cialis\u00e9s (si n\u00e9cessaire) pour le contr\u00f4le du mat\u00e9riel<\/li>\n<li>Coordination avec les banques et les fournisseurs de cr\u00e9dits hypoth\u00e9caires si n\u00e9cessaire<\/li>\n<li>Service personnalis\u00e9<\/li>\n<li>\u00c9laboration de contrats \u00e0 ordre<\/li>\n<li>Transfert de propri\u00e9t\u00e9<\/li>\n<li>Paiement des taxes connexes<\/li>\n<li>Conservation du dossier final et archives en toute s\u00e9curit\u00e9<\/li>\n<\/ul><\/div>\n\t<\/div><\/div><\/div><\/div>\n<div class=\"wpv-grid grid-1-3  wpv-first-level unextended\" style=\"padding-top:0px;padding-bottom:0px\" id=\"wpv-column-cb5f4df6cdb267466cca46acaf50b69a\" ><div class=\"row \"><div class=\"wpv-grid grid-1-1  first unextended\" style=\"padding-top:0px;padding-bottom:0px\" id=\"wpv-column-7203c5b03315545e6c6ee8a1f0ecd170\" >\n<div  data-href=\"#wills\" tabindex=\"1\" data-target=\"_self\" class=\"linkarea clearfix   background-transparent\">\n\t\t\t<div class=\"first\"><span class='icon shortcode   use-hover' style='font-size:56px !important;color:#01b0f1;'>&#57780;<\/span><\/div>\n\t\t\t\t<div class=\"last\"><h3 style=\"text-align: center;\">Testaments<\/h3>\n<div class=\"push\" style='margin-bottom:-20px'><\/div>\n<div class=\"sep-2\"><\/div>\n<ul>\n<li>Planification de meilleures options<\/li>\n<li>Pr\u00e9paration<\/li>\n<li>Mise de t\u00e9moins<\/li>\n<li>\u00c0 votre disposition durant la proc\u00e9dure<\/li>\n<li>Traduction et conservation des archives<\/li>\n<\/ul><\/div>\n\t<\/div><\/div><\/div><\/div>\n<div class=\"wpv-grid grid-1-3  wpv-first-level unextended\" style=\"padding-top:0px;padding-bottom:0px\" id=\"wpv-column-36880390044bc2c6ff0346428fa20938\" ><div class=\"row \"><div class=\"wpv-grid grid-1-1  first unextended\" style=\"padding-top:0px;padding-bottom:0px\" id=\"wpv-column-792b5a2c1bf2c0c1d107be19c165ea81\" >\n<div  data-href=\"#elaboration\" tabindex=\"1\" data-target=\"_self\" class=\"linkarea clearfix   background-transparent\">\n\t\t\t<div class=\"first\"><span class='icon shortcode   use-hover' style='font-size:56px !important;color:#01b0f1;'>&#57780;<\/span><\/div>\n\t\t\t\t<div class=\"last\"><h3 style=\"text-align: center;\">\u00c9LABORATION DE TOUT TYPE<br \/>\nDE CONTRATS<\/h3>\n<div class=\"push\" style='margin-bottom:-20px'><\/div>\n<div class=\"sep-2\"><\/div>\n<ul>\n<li><span style=\"line-height: 1.5;\">Location d\u2019habitations<\/span><\/li>\n<li><span style=\"line-height: 1.5;\">Location commerciale<\/span><\/li>\n<li><span style=\"line-height: 1.5;\">B\u00e2timent et construction<\/span><\/li>\n<li><span style=\"line-height: 1.5;\">Pr\u00eats<\/span><\/li>\n<li><span style=\"line-height: 1.5;\">Garantie\/Pr\u00eats hypoth\u00e9caires<\/span><\/li>\n<li><span style=\"line-height: 1.5;\">Tout type de contrats civils et commerciaux<\/span><\/li>\n<\/ul><\/div>\n\t<\/div><\/div><\/div><\/div><\/div>\n<div class=\"row \"><div class=\"wpv-grid grid-1-3  wpv-first-level first unextended\" style=\"padding-top:0px;padding-bottom:0px\" id=\"wpv-column-f68c73d09c3cb30e59ccc39875231f1a\" ><div class=\"row \"><div class=\"wpv-grid grid-1-1  first unextended\" style=\"padding-top:0px;padding-bottom:0px\" id=\"wpv-column-6921c770e2dd5bdfd74fff01a2c23219\" >\n<div  data-href=\"#golden\" tabindex=\"1\" data-target=\"_self\" class=\"linkarea clearfix   background-transparent\">\n\t\t\t<div class=\"first\"><span class='icon shortcode   use-hover' style='font-size:56px !important;color:#01b0f1;'>&#57780;<\/span><\/div>\n\t\t\t\t<div class=\"last\"><h3 style=\"text-align: center;\">HOMOLOGATION ET DIVISION<br \/>\nDU PATRIMOINE<br \/>\n<div class=\"push\" style='margin-bottom:-20px'><\/div>\n<div class=\"sep-2\"><\/div><\/h3>\n<ul>\n<li>Planification et conseil fiscaux<\/li>\n<li>Repr\u00e9sentation des h\u00e9ritiers l\u00e9gaux devant les autorit\u00e9s<\/li>\n<li>Paiement des taxes connexes<\/li>\n<li>Transfert du patrimoine<\/li>\n<li>Pour les cas de divorce, nous pr\u00e9f\u00e9rons recommander des coll\u00e8gues experts.<\/li>\n<\/ul><\/div>\n\t<\/div><\/div><\/div><\/div>\n<div class=\"wpv-grid grid-1-3  wpv-first-level unextended\" style=\"padding-top:0px;padding-bottom:0px\" id=\"wpv-column-414d3dcece1fa168beb77c3d58c578f0\" ><div class=\"row \"><div class=\"wpv-grid grid-1-1  first unextended\" style=\"padding-top:0px;padding-bottom:0px\" id=\"wpv-column-249ef37a25603314fed7c09e15bd1d5e\" >\n<div  data-href=\"#golden\" tabindex=\"1\" data-target=\"_self\" class=\"linkarea clearfix   background-transparent\">\n\t\t\t<div class=\"first\"><span class='icon shortcode   use-hover' style='font-size:56px !important;color:#01b0f1;'>&#57780;<\/span><\/div>\n\t\t\t\t<div class=\"last\"><h3 style=\"text-align: center;\">GOLDEN VISA<br \/>\n<div class=\"push\" style='margin-bottom:-20px'><\/div>\n<div class=\"sep-2\"><\/div><\/h3>\n<p>Le Golden Visa est une forme de permis de s\u00e9jour qui permet l&rsquo;entr\u00e9e et le s\u00e9jour sur le territoire portugais \u00e0 des fins d&rsquo;investissement avec le visa de dispense de s\u00e9jour des citoyens \u00e9trangers qui souhaitent investir au Portugal et qui est en vigueur depuis 2012.<\/p>\n<p>Il s\u2019applique \u00e0 tous les citoyens nationaux de l\u2019\u00c9tat tiers en investissant dans l\u2019une des possibilit\u00e9s suivantes:<\/p>\n<ul>\n<li>l&rsquo;acquisition de biens immobiliers d&rsquo;une valeur \u00e9gale ou sup\u00e9rieure \u00e0 500 milliers d&rsquo;euros;<\/li>\n<li>Acquisition de biens immobiliers dont la construction est achev\u00e9e depuis au moins 30 ans ou situ\u00e9s dans une zone de r\u00e9habilitation urbaine et de r\u00e9habilitation de biens immobiliers acquis, d\u2019un montant total \u00e9gal ou sup\u00e9rieur \u00e0 350 000 euros,<\/li>\n<\/ul>\n<p>Nous traitons et suivons l&rsquo;int\u00e9gralit\u00e9 du processus de Golden Visa, que ce soit dans l&rsquo;approvisionnement initial ou dans vos renouvellements.<br \/>\nContactez nous.<\/div>\n\t<\/div><\/div><\/div><\/div>\n<div class=\"wpv-grid grid-1-3  wpv-first-level unextended\" style=\"padding-top:0px;padding-bottom:0px\" id=\"wpv-column-83dc2331a2823af3d4907355f8d0faea\" ><div class=\"row \"><div class=\"wpv-grid grid-1-1  first unextended\" style=\"padding-top:0px;padding-bottom:0px\" id=\"wpv-column-25b734b552c09d935e710ccb5c592659\" >\n<div  data-href=\"#probate\" tabindex=\"1\" data-target=\"_self\" class=\"linkarea clearfix   background-transparent\">\n\t\t\t<div class=\"first\"><span class='icon shortcode   use-hover' style='font-size:56px !important;color:#01b0f1;'>&#57780;<\/span><\/div>\n\t\t\t\t<div class=\"last\"><h3 style=\"text-align: center;\">CONSTRUCTION ET L\u00c9GALISATION<br \/>\n<div class=\"push\" style='margin-bottom:-20px'><\/div>\n<div class=\"sep-2\"><\/div><\/h3>\n<ul>\n<li>Si vous voulez construire ou r\u00e9habiliter, il est important que vous ayez les meilleurs partenaires.<\/li>\n<li>Il importe avant tout de savoir ce qui peut ou ne peut pas \u00eatre construit et dans quels moules;<\/li>\n<li>Pouvez-vous construire sur un terrain particulier? Ou reconstruire une ruine?<\/li>\n<li>La terre est-elle dans une zone prot\u00e9g\u00e9e?<\/li>\n<li>R\u00e9serve agricole? R\u00e9serve \u00e9cologique? Autres conditions?<\/li>\n<li>Chaque projet a des sp\u00e9cificit\u00e9s qu\u2019il doit conna\u00eetre avant de s\u2019engager \u00e0<br \/>\nDirectement ou via notre r\u00e9seau de partenaires sp\u00e9cialis\u00e9s, nous effectuons cette recherche pour vous<\/li>\n<\/ul>\n<p>.<\/p>\n<p>Apr\u00e8s avoir clarifi\u00e9 tous les points, nous suivons le processus, que ce soit dans la phase l\u00e9gale ou au niveau du projet.<\/div>\n\t<\/div><\/div><\/div><\/div><\/div>\n<div class=\"row \"><div class=\"wpv-grid grid-1-3  wpv-first-level first unextended\" style=\"padding-top:0px;padding-bottom:0px\" id=\"wpv-column-561f7db4f3d32000d71192189de810e7\" ><div class=\"row \"><div class=\"wpv-grid grid-1-1  first unextended\" style=\"padding-top:0px;padding-bottom:0px\" id=\"wpv-column-75cffb38dbfc89e4e73f286d8291a79a\" >\n<div  data-href=\"#probate\" tabindex=\"1\" data-target=\"_self\" class=\"linkarea clearfix   background-transparent\">\n\t\t\t<div class=\"first\"><span class='icon shortcode   use-hover' style='font-size:56px !important;color:#01b0f1;'>&#57780;<\/span><\/div>\n\t\t\t\t<div class=\"last\"><h3 style=\"text-align: center;\">R\u00c9SIDENTS NON HABITUEL<br \/>\n<div class=\"push\" style='margin-bottom:-20px'><\/div>\n<div class=\"sep-2\"><\/div><\/h3>\n<p>Le r\u00e9gime de r\u00e9sidents non habituel est un syst\u00e8me fiscal sp\u00e9cialement con\u00e7u pour am\u00e9liorer la comp\u00e9titivit\u00e9 internationale portugaise de ceux qui souhaitent \u00e9tablir une r\u00e9sidence permanente ou temporaire au Portugal.<\/div>\n\t<\/div><\/div><\/div><\/div>\n<div class=\"wpv-grid grid-1-3  wpv-first-level unextended\" style=\"padding-top:0px;padding-bottom:0px\" id=\"wpv-column-4a65da9a76e9e5b4975ed8a2416087c3\" ><div class=\"row \"><div class=\"wpv-grid grid-1-1  first unextended\" style=\"padding-top:0px;padding-bottom:0px\" id=\"wpv-column-c2baf2d67dd8e094cdd0cb5f3fa79862\" >\n<div  data-href=\"#probate\" tabindex=\"1\" data-target=\"_self\" class=\"linkarea clearfix   background-transparent\">\n\t\t\t<div class=\"first\"><span class='icon shortcode   use-hover' style='font-size:56px !important;color:#01b0f1;'>&#57780;<\/span><\/div>\n\t\t\t\t<div class=\"last\"><h3 style=\"text-align: center;\">INVESTISSEMENTS IMMOBILIERS ET TOURISTIQUES<br \/>\n<div class=\"push\" style='margin-bottom:-20px'><\/div>\n<div class=\"sep-2\"><\/div><\/h3>\n<p>We provide legal advice and support for all your real estate and tourism projects and through a network of partners, as well as financial, tax, architectural and project management consultancy to ensure that your investment projects are feasible and executed in a safe and objective.<\/div>\n\t<\/div><\/div><\/div><\/div>\n<div class=\"wpv-grid grid-1-3  wpv-first-level unextended\" style=\"padding-top:0px;padding-bottom:0px\" id=\"wpv-column-aa25b5ee25f4d87fb4062195fa6ec01c\" ><div class=\"row \"><div class=\"wpv-grid grid-1-1  first unextended\" style=\"padding-top:0px;padding-bottom:0px\" id=\"wpv-column-415d89a47a86902b018fe07898b299fe\" >\n<div  data-href=\"#probate\" tabindex=\"1\" data-target=\"_self\" class=\"linkarea clearfix   background-transparent\">\n\t\t\t<div class=\"first\"><span class='icon shortcode   use-hover' style='font-size:56px !important;color:#01b0f1;'>&#57780;<\/span><\/div>\n\t\t\t\t<div class=\"last\"><h3 style=\"text-align: center;\">DOCUMENTATION ET TRADUCTIONS<br \/>\n<div class=\"push\" style='margin-bottom:-20px'><\/div>\n<div class=\"sep-2\"><\/div><\/h3>\n<p>Par le d\u00e9cret-loi 116\/2008 du 4 juillet, les avocats sont autoris\u00e9s \u00e0 accomplir divers actes, auparavant r\u00e9serv\u00e9s aux notaires. Dans notre bureau, nous concluons:<\/p>\n<ul>\n<li>Des contrats d&rsquo;achat et de vente de biens immobiliers, des dons, des \u00e9changes, etc.<\/li>\n<li>Contrats de pr\u00eat<\/li>\n<li>Certification juridique de documents<\/li>\n<li>Traduction de documents<\/li>\n<\/ul>\n<p>.<\/div>\n\t<\/div><\/div><\/div><\/div><\/div>\n<div class=\"row \"><div class=\"wpv-grid grid-1-3  wpv-first-level first unextended\" style=\"padding-top:0px;padding-bottom:0px\" id=\"wpv-column-3d8272e1de4d96862a23dfde2f6879e7\" ><div class=\"row \"><div class=\"wpv-grid grid-1-1  first unextended\" style=\"padding-top:0px;padding-bottom:0px\" id=\"wpv-column-17a54bb7dbce6e78cb831fadb3bc78d1\" >\n<div  data-href=\"#probate\" tabindex=\"1\" data-target=\"_self\" class=\"linkarea clearfix   background-transparent\">\n\t\t\t<div class=\"first\"><span class='icon shortcode   use-hover' style='font-size:56px !important;color:#01b0f1;'>&#57780;<\/span><\/div>\n\t\t\t\t<div class=\"last\"><h3 style=\"text-align: center;\">ACTIVATION ET PARTAGE<br \/>\n<div class=\"push\" style='margin-bottom:-20px'><\/div>\n<div class=\"sep-2\"><\/div><\/h3>\n<p>Apr\u00e8s le d\u00e9c\u00e8s, il est obligatoire de participer \u00e0 l&rsquo;actif des autorit\u00e9s fiscales et d&rsquo;indiquer qui sont les h\u00e9ritiers l\u00e9gaux.<br \/>\nQu&rsquo;il y ait ou non un testament au Portugal et quelle que soit la nationalit\u00e9 du d\u00e9funt, notre bureau est autoris\u00e9 \u00e0 effectuer toutes les proc\u00e9dures juridiques et, le cas \u00e9ch\u00e9ant, \u00e0 proc\u00e9der au partage des avoirs.<\/div>\n\t<\/div><\/div><\/div><\/div>\n<div class=\"wpv-grid grid-1-3  wpv-first-level unextended\" style=\"padding-top:0px;padding-bottom:0px\" id=\"wpv-column-0bf5069c54eb82a34685bed089bdc056\" ><div class=\"row \"><div class=\"wpv-grid grid-1-1  first unextended\" style=\"padding-top:0px;padding-bottom:0px\" id=\"wpv-column-ad99920810abeaa21bd620df121cbfe4\" >\n<div  data-href=\"#urbanism\" tabindex=\"1\" data-target=\"_self\" class=\"linkarea clearfix   background-transparent\">\n\t\t\t<div class=\"first\"><span class='icon shortcode   use-hover' style='font-size:56px !important;color:#01b0f1;'>&#57780;<\/span><\/div>\n\t\t\t\t<div class=\"last\"><h3 style=\"text-align: center;\">TRAITEMENT DE QUESTIONS LI\u00c9ES \u00c0 URBANISME ET<br \/>\n\u00c0 L\u2019ADMINISTRATION<\/h3>\n<div class=\"push\" style='margin-bottom:-20px'><\/div>\n<div class=\"sep-2\"><\/div>\n<ul>\n<li>Toutes les questions relatives \u00e0 l\u2019administration publique, locale et r\u00e9gionale<\/li>\n<li>P\u00e9titions\/expositions, r\u00e9clamations<\/li>\n<li>Participation aux r\u00e9unions avec le client ou en son nom<\/li>\n<li>Coordination et travail conjoint avec d\u2019autres techniciens dans la pr\u00e9paration de projets d\u2019urbanisme<\/li>\n<\/ul><\/div>\n\t<\/div><\/div><\/div><\/div>\n<div class=\"wpv-grid grid-1-3  wpv-first-level unextended\" style=\"padding-top:0px;padding-bottom:0px\" id=\"wpv-column-e96534b55b59e52e5ca24b6d0750936a\" ><div class=\"row \"><div class=\"wpv-grid grid-1-1  first unextended\" style=\"padding-top:0px;padding-bottom:0px\" id=\"wpv-column-68fee7d6b84186dd9cee9cf163bf0a65\" >\n<div  data-href=\"#incorporation\" tabindex=\"1\" data-target=\"_self\" class=\"linkarea clearfix   background-transparent\">\n\t\t\t<div class=\"first\"><span class='icon shortcode   use-hover' style='font-size:56px !important;color:#01b0f1;'>&#57780;<\/span><\/div>\n\t\t\t\t<div class=\"last\"><h3 style=\"text-align: center;\">CONSTITUTION DES SOCI\u00c9T\u00c9S<\/h3>\n<div class=\"push\" style='margin-bottom:-20px'><\/div>\n<div class=\"sep-2\"><\/div>\n<ul>\n<li>Pr\u00e9paration et planification juridique et fiscale<\/li>\n<li>Coordination avec les comptables<\/li>\n<li>Cr\u00e9ation de soci\u00e9t\u00e9s de domiciliation portugaises ou \u00e9trang\u00e8res<\/li>\n<li>Coordination avec les soci\u00e9t\u00e9s offshore et les non-r\u00e9sidents<\/li>\n<\/ul>\n<div class=\"push\" style='height:20px'><\/div><\/div>\n\t<\/div><\/div><\/div><\/div><\/div>\n<div class=\"row \"><div class=\"wpv-grid grid-1-1  wpv-first-level first unextended\" style=\"padding-top:0px;padding-bottom:0px\" id=\"wpv-column-4e13c2cba29e2854d5027f14e9a06369\" ><p lang=\"fr-FR\" align=\"center\">\u00ab\u00a0La volont\u00e9 de vaincre, le d\u00e9sir de r\u00e9ussir, l\u2019envie d\u2019atteindre votre plein potentiel\u2026 constituent les cl\u00e9s qui ouvriront la porte \u00e0 l\u2019excellence personnelle.\u00a0\u00bb<\/p>\n<p lang=\"fr-FR\" align=\"center\">Confucius<\/p>\n<p style=\"text-align: center;\"><div class=\"push\" style='height:10px'><\/div>\n<p style=\"text-align: center;\"><div class=\"push\" style='height:70px'><\/div><\/div><\/div>\n<div class=\"row \"><div class=\"wpv-grid grid-1-1  wpv-first-level first unextended\" style=\"padding-top:0px;padding-bottom:0px\" id=\"wpv-column-7dd2ed00d3dd956abe0e7da85a1e4438\" ><div class=\"services has-more \" id=\"wpv-expandable-adbd22f6965081b752844e06379df49d\">\n\t<div class=\"closed services-inside\">\n\t\t<div class=\"services-content-wrapper clearfix\">\n\t\t\t\n\t\t\t\t\t\t\n\n\t\t<\/div>\n\t<\/div>\n\t<div class=\"open services-inside\">\n\t\t<div class=\"services-content-wrapper\">\n\t\t\t<div class=\"row\">\n\t\t\t\t\n\t\t\t<\/div>\n\t\t<\/div>\n\t<\/div>\n<\/div>\n<style scoped>#wpv-expandable-adbd22f6965081b752844e06379df49d .open{background:#01b0f1;}#wpv-expandable-adbd22f6965081b752844e06379df49d .open,#wpv-expandable-adbd22f6965081b752844e06379df49d .open p,#wpv-expandable-adbd22f6965081b752844e06379df49d .open .sep-text h2.regular-title-wrapper,#wpv-expandable-adbd22f6965081b752844e06379df49d .open .text-divider-double,#wpv-expandable-adbd22f6965081b752844e06379df49d .open .sep-text .sep-text-line,#wpv-expandable-adbd22f6965081b752844e06379df49d .open .sep,#wpv-expandable-adbd22f6965081b752844e06379df49d .open .sep-2,#wpv-expandable-adbd22f6965081b752844e06379df49d .open .sep-3,#wpv-expandable-adbd22f6965081b752844e06379df49d .open h1,#wpv-expandable-adbd22f6965081b752844e06379df49d .open h2,#wpv-expandable-adbd22f6965081b752844e06379df49d .open h3,#wpv-expandable-adbd22f6965081b752844e06379df49d .open h4,#wpv-expandable-adbd22f6965081b752844e06379df49d .open h5,#wpv-expandable-adbd22f6965081b752844e06379df49d .open h6,#wpv-expandable-adbd22f6965081b752844e06379df49d .open td,#wpv-expandable-adbd22f6965081b752844e06379df49d .open th,#wpv-expandable-adbd22f6965081b752844e06379df49d .open caption{color:#f2fbff;}<\/style>\n<\/div><\/div>\n","protected":false},"excerpt":{"rendered":"<p>\u00ab\u00a0La volont\u00e9 de vaincre, le d\u00e9sir de r\u00e9ussir, l\u2019envie d\u2019atteindre votre plein potentiel\u2026 constituent les cl\u00e9s qui ouvriront la porte \u00e0 l\u2019excellence personnelle.\u00a0\u00bb Confucius<\/p>\n","protected":false},"author":1,"featured_media":0,"parent":0,"menu_order":0,"comment_status":"closed","ping_status":"open","template":"","meta":[],"yoast_head":"<!-- This site is optimized with the Yoast SEO plugin v21.0 - https:\/\/yoast.com\/wordpress\/plugins\/seo\/ -->\n<title>Domaines D&#039;Activit\u00e9 - Lawyer Algarve Cristina Marcelino - office in Lagos<\/title>\n<meta name=\"description\" content=\"Buying and Selling properties, Wills, Elaboration of all types of contracts, Probate and Division of assepts, Urbanism and Administrative matters,...\" \/>\n<meta name=\"robots\" content=\"index, follow, max-snippet:-1, max-image-preview:large, max-video-preview:-1\" \/>\n<link rel=\"canonical\" href=\"https:\/\/lawyeralgarve.com\/fr\/domaines-dactivite\/\" \/>\n<meta property=\"og:locale\" content=\"fr_FR\" \/>\n<meta property=\"og:type\" content=\"article\" \/>\n<meta property=\"og:title\" content=\"Domaines D&#039;Activit\u00e9 - Lawyer Algarve Cristina Marcelino - office in Lagos\" \/>\n<meta property=\"og:description\" content=\"Buying and Selling properties, Wills, Elaboration of all types of contracts, Probate and Division of assepts, Urbanism and Administrative matters,...\" \/>\n<meta property=\"og:url\" content=\"https:\/\/lawyeralgarve.com\/fr\/domaines-dactivite\/\" \/>\n<meta property=\"og:site_name\" content=\"Lawyer Algarve\" \/>\n<meta property=\"article:modified_time\" content=\"2024-01-29T10:34:31+00:00\" \/>\n<meta name=\"twitter:card\" content=\"summary_large_image\" \/>\n<meta name=\"twitter:label1\" content=\"Dur\u00e9e de lecture estim\u00e9e\" \/>\n\t<meta name=\"twitter:data1\" content=\"6 minutes\" \/>\n<script type=\"application\/ld+json\" class=\"yoast-schema-graph\">{\"@context\":\"https:\/\/schema.org\",\"@graph\":[{\"@type\":\"WebPage\",\"@id\":\"https:\/\/lawyeralgarve.com\/fr\/domaines-dactivite\/\",\"url\":\"https:\/\/lawyeralgarve.com\/fr\/domaines-dactivite\/\",\"name\":\"Domaines D'Activit\u00e9 - Lawyer Algarve Cristina Marcelino - office in Lagos\",\"isPartOf\":{\"@id\":\"https:\/\/lawyeralgarve.com\/#website\"},\"datePublished\":\"2014-07-04T10:06:07+00:00\",\"dateModified\":\"2024-01-29T10:34:31+00:00\",\"description\":\"Buying and Selling properties, Wills, Elaboration of all types of contracts, Probate and Division of assepts, Urbanism and Administrative matters,...\",\"breadcrumb\":{\"@id\":\"https:\/\/lawyeralgarve.com\/fr\/domaines-dactivite\/#breadcrumb\"},\"inLanguage\":\"fr-FR\",\"potentialAction\":[{\"@type\":\"ReadAction\",\"target\":[\"https:\/\/lawyeralgarve.com\/fr\/domaines-dactivite\/\"]}]},{\"@type\":\"BreadcrumbList\",\"@id\":\"https:\/\/lawyeralgarve.com\/fr\/domaines-dactivite\/#breadcrumb\",\"itemListElement\":[{\"@type\":\"ListItem\",\"position\":1,\"name\":\"Home\",\"item\":\"https:\/\/lawyeralgarve.com\/fr\/\"},{\"@type\":\"ListItem\",\"position\":2,\"name\":\"Domaines D&#8217;Activit\u00e9\"}]},{\"@type\":\"WebSite\",\"@id\":\"https:\/\/lawyeralgarve.com\/#website\",\"url\":\"https:\/\/lawyeralgarve.com\/\",\"name\":\"Lawyer Algarve\",\"description\":\"We are a Law Office, based in Lagos, We cover the whole Algarve\",\"potentialAction\":[{\"@type\":\"SearchAction\",\"target\":{\"@type\":\"EntryPoint\",\"urlTemplate\":\"https:\/\/lawyeralgarve.com\/?s={search_term_string}\"},\"query-input\":\"required name=search_term_string\"}],\"inLanguage\":\"fr-FR\"}]}<\/script>\n<!-- \/ Yoast SEO plugin. -->","yoast_head_json":{"title":"Domaines D'Activit\u00e9 - Lawyer Algarve Cristina Marcelino - office in Lagos","description":"Buying and Selling properties, Wills, Elaboration of all types of contracts, Probate and Division of assepts, Urbanism and Administrative matters,...","robots":{"index":"index","follow":"follow","max-snippet":"max-snippet:-1","max-image-preview":"max-image-preview:large","max-video-preview":"max-video-preview:-1"},"canonical":"https:\/\/lawyeralgarve.com\/fr\/domaines-dactivite\/","og_locale":"fr_FR","og_type":"article","og_title":"Domaines D'Activit\u00e9 - Lawyer Algarve Cristina Marcelino - office in Lagos","og_description":"Buying and Selling properties, Wills, Elaboration of all types of contracts, Probate and Division of assepts, Urbanism and Administrative matters,...","og_url":"https:\/\/lawyeralgarve.com\/fr\/domaines-dactivite\/","og_site_name":"Lawyer Algarve","article_modified_time":"2024-01-29T10:34:31+00:00","twitter_card":"summary_large_image","twitter_misc":{"Dur\u00e9e de lecture estim\u00e9e":"6 minutes"},"schema":{"@context":"https:\/\/schema.org","@graph":[{"@type":"WebPage","@id":"https:\/\/lawyeralgarve.com\/fr\/domaines-dactivite\/","url":"https:\/\/lawyeralgarve.com\/fr\/domaines-dactivite\/","name":"Domaines D'Activit\u00e9 - Lawyer Algarve Cristina Marcelino - office in Lagos","isPartOf":{"@id":"https:\/\/lawyeralgarve.com\/#website"},"datePublished":"2014-07-04T10:06:07+00:00","dateModified":"2024-01-29T10:34:31+00:00","description":"Buying and Selling properties, Wills, Elaboration of all types of contracts, Probate and Division of assepts, Urbanism and Administrative matters,...","breadcrumb":{"@id":"https:\/\/lawyeralgarve.com\/fr\/domaines-dactivite\/#breadcrumb"},"inLanguage":"fr-FR","potentialAction":[{"@type":"ReadAction","target":["https:\/\/lawyeralgarve.com\/fr\/domaines-dactivite\/"]}]},{"@type":"BreadcrumbList","@id":"https:\/\/lawyeralgarve.com\/fr\/domaines-dactivite\/#breadcrumb","itemListElement":[{"@type":"ListItem","position":1,"name":"Home","item":"https:\/\/lawyeralgarve.com\/fr\/"},{"@type":"ListItem","position":2,"name":"Domaines D&#8217;Activit\u00e9"}]},{"@type":"WebSite","@id":"https:\/\/lawyeralgarve.com\/#website","url":"https:\/\/lawyeralgarve.com\/","name":"Lawyer Algarve","description":"We are a Law Office, based in Lagos, We cover the whole Algarve","potentialAction":[{"@type":"SearchAction","target":{"@type":"EntryPoint","urlTemplate":"https:\/\/lawyeralgarve.com\/?s={search_term_string}"},"query-input":"required name=search_term_string"}],"inLanguage":"fr-FR"}]}},"_links":{"self":[{"href":"https:\/\/lawyeralgarve.com\/fr\/wp-json\/wp\/v2\/pages\/10097"}],"collection":[{"href":"https:\/\/lawyeralgarve.com\/fr\/wp-json\/wp\/v2\/pages"}],"about":[{"href":"https:\/\/lawyeralgarve.com\/fr\/wp-json\/wp\/v2\/types\/page"}],"author":[{"embeddable":true,"href":"https:\/\/lawyeralgarve.com\/fr\/wp-json\/wp\/v2\/users\/1"}],"replies":[{"embeddable":true,"href":"https:\/\/lawyeralgarve.com\/fr\/wp-json\/wp\/v2\/comments?post=10097"}],"version-history":[{"count":13,"href":"https:\/\/lawyeralgarve.com\/fr\/wp-json\/wp\/v2\/pages\/10097\/revisions"}],"predecessor-version":[{"id":10343,"href":"https:\/\/lawyeralgarve.com\/fr\/wp-json\/wp\/v2\/pages\/10097\/revisions\/10343"}],"wp:attachment":[{"href":"https:\/\/lawyeralgarve.com\/fr\/wp-json\/wp\/v2\/media?parent=10097"}],"curies":[{"name":"wp","href":"https:\/\/api.w.org\/{rel}","templated":true}]}}