{"id":10104,"date":"2014-07-04T23:25:06","date_gmt":"2014-07-04T23:25:06","guid":{"rendered":"https:\/\/lawyeralgarve.com\/qa\/"},"modified":"2025-01-28T10:14:41","modified_gmt":"2025-01-28T10:14:41","slug":"q-et-r","status":"publish","type":"page","link":"https:\/\/lawyeralgarve.com\/fr\/q-et-r\/","title":{"rendered":"QUESTIONS ET R\u00c9PONSES"},"content":{"rendered":"\t\t<h2 class=\"text-divider-double\">\t\t\t\nVOUS TROUVEREZ CI-DESSOUS LES R\u00c9PONSES \u00c0 VOS QUESTIONS:\t\t<\/h2>\t\t<div class=\"sep\"><\/div>\t\n<div class=\"push\" style='height:10px'><\/div>\n<div class=\"row \"><div class=\"wpv-grid grid-5-6  wpv-first-level first unextended\" style=\"padding-top:0px;padding-bottom:0px\" id=\"wpv-column-82adbcdb5c93031d55f0d9fd0b21e055\" ><div class=\"clearfix dropcap-wrapper\"><div class=\"dropcap-left\"><span class='dropcap1 '>Q<\/span><\/div><div class=\"dropcap-text\">Je ne suis pas en possession des documents relatifs \u00e0 ma propri\u00e9t\u00e9. Pouvez-vous m\u2019en faire une copie\u00a0?<\/div> <\/div>\n<div class=\"push\" style='height:20px'><\/div> <span class='dropcap1 '>R<\/span> Oui. Nous pouvons obtenir tous vos documents de propri\u00e9t\u00e9 et en obtenir des copies certifi\u00e9es conformes.<\/div><\/div>\n<div class=\"sep-3\"><\/div>\n<div class=\"row \"><div class=\"wpv-grid grid-5-6  wpv-first-level first unextended\" style=\"padding-top:0px;padding-bottom:0px\" id=\"wpv-column-10c9e74c1b41b64fda08de6aaaecb252\" ><div class=\"clearfix dropcap-wrapper\"><div class=\"dropcap-left\"><span class='dropcap1 '>Q<\/span><\/div><div class=\"dropcap-text\">Je ne suis pas au Portugal. Puis-je acheter une propri\u00e9t\u00e9 \u00e0 l\u2019\u00e9tranger\u00a0?<\/div> <\/div>\n<div class=\"clearboth\"><\/div> <div class=\"push\" style='height:20px'><\/div> <span class='dropcap1 '>R<\/span>Oui. Tout ce dont nous avons besoin, c\u2019est d\u2019une procuration (dont nous vous enverrons des mod\u00e8les) et de vos instructions pour pouvoir continuer et vous repr\u00e9senter tout au long du processus.<\/div><\/div>\n<div class=\"sep-3\"><\/div>\n<div class=\"row \"><div class=\"wpv-grid grid-5-6  wpv-first-level first unextended\" style=\"padding-top:0px;padding-bottom:0px\" id=\"wpv-column-7560fce3623c07b024c3854f63177b31\" ><div class=\"clearfix dropcap-wrapper\"><div class=\"dropcap-left\"><span class='dropcap1 '>Q<\/span><\/div><div class=\"dropcap-text\">Je vends ma propri\u00e9t\u00e9 qui se trouve au Portugal. Puis-je \u00eatre pay\u00e9 dans ma propre devise (ex. La Livre sterling\u00a0?)<\/div> <\/div>\n<div class=\"clearboth\"><\/div> <div class=\"push\" style='height:20px'><\/div> <span class='dropcap1 '>R<\/span>Oui. Nous pouvons faire en sorte que tous les paiements soient effectu\u00e9s dans le compte que vous voulez \u00e0 l\u2019\u00e9tranger.<\/div><\/div>\n<div class=\"sep-3\"><\/div>\n<div class=\"row \"><div class=\"wpv-grid grid-5-6  wpv-first-level first unextended\" style=\"padding-top:0px;padding-bottom:0px\" id=\"wpv-column-81fd5483ee11d0684babb0283a65b6ac\" ><div class=\"clearfix dropcap-wrapper\"><div class=\"dropcap-left\"><span class='dropcap1 '>Q<\/span><\/div><div class=\"dropcap-text\">Je poss\u00e8de une propri\u00e9t\u00e9 au Portugal. Est-il convenable de r\u00e9diger un testament au Portugal\u00a0?<\/div> <\/div>\n<div class=\"clearboth\"><\/div> <div class=\"push\" style='height:20px'><\/div> <span class='dropcap1 '>R<\/span>Il est recommand\u00e9 de le faire. En l\u2019absence d\u2019un testament valide au Portugal apr\u00e8s le d\u00e9c\u00e8s d\u2019une personne, nous pourrions avoir un conflit de lois (entre la loi du pays o\u00f9 se trouvent le patrimoine et la loi personnelle)\u00a0; par cons\u00e9quent, avec le testament au Portugal, la loi \u00e0 appliquer ainsi que la volont\u00e9 du testateur sont claires, permettant ainsi de gagner du temps et de l\u2019argent.<\/div><\/div>\n<div class=\"sep-3\"><\/div>\n<div class=\"row \"><div class=\"wpv-grid grid-5-6  wpv-first-level first unextended\" style=\"padding-top:0px;padding-bottom:0px\" id=\"wpv-column-974361be61afba8a2e6fd25416f399f3\" ><div class=\"clearfix dropcap-wrapper\"><div class=\"dropcap-left\"><span class='dropcap1 '>Q<\/span><\/div><div class=\"dropcap-text\">Quelles garanties ai-je qu\u2019une propri\u00e9t\u00e9 appartient \u00e0 la personne qui la vend\u00a0?<\/div> <\/div>\n<div class=\"clearboth\"><\/div> <div class=\"push\" style='height:20px'><\/div> <span class='dropcap1 '>R<\/span>Au Portugal, toutes les propri\u00e9t\u00e9s existantes (urbaines ou rustiques) doivent \u00eatre enregistr\u00e9es pour pouvoir faire l\u2019objet d\u2019une transaction\u00a0; si elles ne sont pas enregistr\u00e9es, elles ne peuvent \u00eatre vendues ou achet\u00e9es\u00a0; cet enregistrement (qui est public et national) nous indique \u00e9galement qui sont les propri\u00e9taires actuels.<\/div><\/div>\n<div class=\"sep-3\"><\/div>\n<div class=\"row \"><div class=\"wpv-grid grid-5-6  wpv-first-level first unextended\" style=\"padding-top:0px;padding-bottom:0px\" id=\"wpv-column-fd467c1f2a9e81b9628ff04d7a8bcb95\" ><div class=\"clearfix dropcap-wrapper\"><div class=\"dropcap-left\"><span class='dropcap1 '>Q<\/span><\/div><div class=\"dropcap-text\">Comment puis-je savoir qu\u2019il y a une hypoth\u00e8que ou une taxe sur une propri\u00e9t\u00e9\u00a0?<\/div> <\/div>\n<div class=\"clearboth\"><\/div> <div class=\"push\" style='height:20px'><\/div> <span class='dropcap1 '>R<\/span>Le m\u00eame enregistrement public nous indique \u00e9galement s\u2019il existe des cr\u00e9dits-bails ou des hypoth\u00e8ques.<\/div><\/div>\n<div class=\"sep-3\"><\/div>\n<div class=\"row \"><div class=\"wpv-grid grid-5-6  wpv-first-level first unextended\" style=\"padding-top:0px;padding-bottom:0px\" id=\"wpv-column-9f5af173caa9a33fed169995ba137de6\" ><div class=\"clearfix dropcap-wrapper\"><div class=\"dropcap-left\"><span class='dropcap1 '>Q<\/span><\/div><div class=\"dropcap-text\">Comment puis-je m\u2019assurer qu\u2019\u00e0 l\u2019achat, il n\u2019y aura pas d\u2019hypoth\u00e8que ou de cr\u00e9dits-bails, etc.\u00a0?<\/div> <\/div>\n<div class=\"clearboth\"><\/div> <div class=\"push\" style='height:20px'><\/div> <span class='dropcap1 '>R<\/span>C\u2019est exactement l\u2019un de nos devoirs. Avant de terminer, nous nous assurons qu\u2019il n\u2019y a pas de cr\u00e9dits-bails, de taxes ou d\u2019hypoth\u00e8ques, ou qu\u2019ils ont \u00e9t\u00e9 correctement annul\u00e9s ou pay\u00e9s.<br \/>\nLorsqu\u2019il s\u2019agit de taxes ou de frais de copropri\u00e9t\u00e9, nous obtenons \u00e9galement un certificat d\u2019inexistence de dettes.<\/div><\/div>\n<div class=\"push\" style='height:120px'><\/div>\n<div class=\"row \"><div class=\"wpv-grid grid-1-1  wpv-first-level first has-background extended\" style=\"background-color:#EFEFEF;padding-top:20px;padding-bottom:10px\" id=\"wpv-column-4b41ddcf92640d4cb4058fb77c1937af\" ><div class=\"extended-column-inner\"><style>#wpv-column-4b41ddcf92640d4cb4058fb77c1937af p,#wpv-column-4b41ddcf92640d4cb4058fb77c1937af em,#wpv-column-4b41ddcf92640d4cb4058fb77c1937af .column-title,#wpv-column-4b41ddcf92640d4cb4058fb77c1937af .sep-text h2.regular-title-wrapper,#wpv-column-4b41ddcf92640d4cb4058fb77c1937af .text-divider-double,#wpv-column-4b41ddcf92640d4cb4058fb77c1937af .sep-text .sep-text-line,#wpv-column-4b41ddcf92640d4cb4058fb77c1937af .sep,#wpv-column-4b41ddcf92640d4cb4058fb77c1937af .sep-2,#wpv-column-4b41ddcf92640d4cb4058fb77c1937af .sep-3,#wpv-column-4b41ddcf92640d4cb4058fb77c1937af td,#wpv-column-4b41ddcf92640d4cb4058fb77c1937af th,#wpv-column-4b41ddcf92640d4cb4058fb77c1937af caption{color:#707070;}#wpv-column-4b41ddcf92640d4cb4058fb77c1937af:before{background-color:transparent;}<\/style><div class=\"row \"><div class=\"wpv-grid grid-1-1  first unextended\" style=\"padding-top:0px;padding-bottom:0px\" id=\"wpv-column-d8f6b92ff0aec34eeb527c0858c8e7cd\" ><h4 style=\"text-align: center;\"><span class=\"accent-4\">\u2013 DEMANDEZ UNE CONSULTATION \u2013<\/span><\/h4>\n<div class=\"push\" style='height:10px'><\/div><\/div><\/div>\n<div class=\"row \"><div class=\"wpv-grid grid-1-1  first unextended animation-fade-in animated-active\" style=\"padding-top:0px;padding-bottom:0px\" id=\"wpv-column-88bd0b1baa3f294064507f75a7764c2d\" ><p>\n<div class=\"wpcf7 no-js\" id=\"wpcf7-f10107-o1\" lang=\"pt-PT\" dir=\"ltr\">\n<div class=\"screen-reader-response\"><p role=\"status\" aria-live=\"polite\" aria-atomic=\"true\"><\/p> <ul><\/ul><\/div>\n<form action=\"\/fr\/wp-json\/wp\/v2\/pages\/10104#wpcf7-f10107-o1\" method=\"post\" class=\"wpcf7-form init\" aria-label=\"Formul\u00e1rio de contacto\" novalidate=\"novalidate\" data-status=\"init\">\n<div style=\"display: none;\">\n<input type=\"hidden\" name=\"_wpcf7\" value=\"10107\" \/>\n<input type=\"hidden\" name=\"_wpcf7_version\" value=\"5.8.6\" \/>\n<input type=\"hidden\" name=\"_wpcf7_locale\" value=\"pt_PT\" \/>\n<input type=\"hidden\" name=\"_wpcf7_unit_tag\" value=\"wpcf7-f10107-o1\" \/>\n<input type=\"hidden\" name=\"_wpcf7_container_post\" value=\"0\" \/>\n<input type=\"hidden\" name=\"_wpcf7_posted_data_hash\" value=\"\" \/>\n<input type=\"hidden\" name=\"_wpcf7_recaptcha_response\" value=\"\" \/>\n<\/div>\n<p>Votre nom (requis)\n<\/p>\n<p><span class=\"wpcf7-form-control-wrap\" data-name=\"your-name\"><input size=\"40\" class=\"wpcf7-form-control wpcf7-text wpcf7-validates-as-required\" aria-required=\"true\" aria-invalid=\"false\" value=\"\" type=\"text\" name=\"your-name\" \/><\/span>\n<\/p>\n<p>Votre adresse \u00e9lectronique (requise)\n<\/p>\n<p><span class=\"wpcf7-form-control-wrap\" data-name=\"your-email\"><input size=\"40\" class=\"wpcf7-form-control wpcf7-email wpcf7-validates-as-required wpcf7-text wpcf7-validates-as-email\" aria-required=\"true\" aria-invalid=\"false\" value=\"\" type=\"email\" name=\"your-email\" \/><\/span>\n<\/p>\n<p>Objet\n<\/p>\n<p><span class=\"wpcf7-form-control-wrap\" data-name=\"your-subject\"><input size=\"40\" class=\"wpcf7-form-control wpcf7-text\" aria-invalid=\"false\" value=\"\" type=\"text\" name=\"your-subject\" \/><\/span>\n<\/p>\n<p>Votre message\n<\/p>\n<p><span class=\"wpcf7-form-control-wrap\" data-name=\"your-message\"><textarea cols=\"40\" rows=\"10\" class=\"wpcf7-form-control wpcf7-textarea\" aria-invalid=\"false\" name=\"your-message\"><\/textarea><\/span>\n<\/p>\n<p><input class=\"wpcf7-form-control wpcf7-submit has-spinner\" type=\"submit\" value=\"Envoyer\" \/>\n<\/p><div class=\"wpcf7-response-output\" aria-hidden=\"true\"><\/div>\n<\/form>\n<\/div>\n<\/div><\/div><\/div><\/div><\/div>\n","protected":false},"excerpt":{"rendered":"<p>Oui. Nous pouvons obtenir tous vos documents de propri\u00e9t\u00e9 et en obtenir des copies certifi\u00e9es conformes. Oui. Tout ce dont nous avons besoin, c\u2019est d\u2019une procuration (dont nous vous enverrons des mod\u00e8les) et de vos instructions pour pouvoir continuer et vous repr\u00e9senter tout au long du processus. Oui. Nous pouvons faire en sorte que tous&#8230;<\/p>\n","protected":false},"author":1,"featured_media":0,"parent":0,"menu_order":0,"comment_status":"closed","ping_status":"open","template":"","meta":[],"yoast_head":"<!-- This site is optimized with the Yoast SEO plugin v21.0 - https:\/\/yoast.com\/wordpress\/plugins\/seo\/ -->\n<title>QUESTIONS ET R\u00c9PONSES - Lawyer Algarve<\/title>\n<meta name=\"description\" content=\"Find your questions and answers in our website or request a free consultation.I&#039;m not in Portugal. Can I buy a property, from overseas? Visit our site.\" \/>\n<meta name=\"robots\" content=\"index, follow, max-snippet:-1, max-image-preview:large, max-video-preview:-1\" \/>\n<link rel=\"canonical\" href=\"https:\/\/lawyeralgarve.com\/fr\/q-et-r\/\" \/>\n<meta property=\"og:locale\" content=\"fr_FR\" \/>\n<meta property=\"og:type\" content=\"article\" \/>\n<meta property=\"og:title\" content=\"QUESTIONS ET R\u00c9PONSES - Lawyer Algarve\" \/>\n<meta property=\"og:description\" content=\"Find your questions and answers in our website or request a free consultation.I&#039;m not in Portugal. Can I buy a property, from overseas? Visit our site.\" \/>\n<meta property=\"og:url\" content=\"https:\/\/lawyeralgarve.com\/fr\/q-et-r\/\" \/>\n<meta property=\"og:site_name\" content=\"Lawyer Algarve\" \/>\n<meta property=\"article:modified_time\" content=\"2025-01-28T10:14:41+00:00\" \/>\n<meta name=\"twitter:card\" content=\"summary_large_image\" \/>\n<meta name=\"twitter:label1\" content=\"Dur\u00e9e de lecture estim\u00e9e\" \/>\n\t<meta name=\"twitter:data1\" content=\"3 minutes\" \/>\n<script type=\"application\/ld+json\" class=\"yoast-schema-graph\">{\"@context\":\"https:\/\/schema.org\",\"@graph\":[{\"@type\":\"WebPage\",\"@id\":\"https:\/\/lawyeralgarve.com\/fr\/q-et-r\/\",\"url\":\"https:\/\/lawyeralgarve.com\/fr\/q-et-r\/\",\"name\":\"QUESTIONS ET R\u00c9PONSES - Lawyer Algarve\",\"isPartOf\":{\"@id\":\"https:\/\/lawyeralgarve.com\/#website\"},\"datePublished\":\"2014-07-04T23:25:06+00:00\",\"dateModified\":\"2025-01-28T10:14:41+00:00\",\"description\":\"Find your questions and answers in our website or request a free consultation.I'm not in Portugal. Can I buy a property, from overseas? Visit our site.\",\"breadcrumb\":{\"@id\":\"https:\/\/lawyeralgarve.com\/fr\/q-et-r\/#breadcrumb\"},\"inLanguage\":\"fr-FR\",\"potentialAction\":[{\"@type\":\"ReadAction\",\"target\":[\"https:\/\/lawyeralgarve.com\/fr\/q-et-r\/\"]}]},{\"@type\":\"BreadcrumbList\",\"@id\":\"https:\/\/lawyeralgarve.com\/fr\/q-et-r\/#breadcrumb\",\"itemListElement\":[{\"@type\":\"ListItem\",\"position\":1,\"name\":\"Home\",\"item\":\"https:\/\/lawyeralgarve.com\/fr\/\"},{\"@type\":\"ListItem\",\"position\":2,\"name\":\"QUESTIONS ET R\u00c9PONSES\"}]},{\"@type\":\"WebSite\",\"@id\":\"https:\/\/lawyeralgarve.com\/#website\",\"url\":\"https:\/\/lawyeralgarve.com\/\",\"name\":\"Lawyer Algarve\",\"description\":\"We are a Law Office, based in Lagos, We cover the whole Algarve\",\"potentialAction\":[{\"@type\":\"SearchAction\",\"target\":{\"@type\":\"EntryPoint\",\"urlTemplate\":\"https:\/\/lawyeralgarve.com\/?s={search_term_string}\"},\"query-input\":\"required name=search_term_string\"}],\"inLanguage\":\"fr-FR\"}]}<\/script>\n<!-- \/ Yoast SEO plugin. -->","yoast_head_json":{"title":"QUESTIONS ET R\u00c9PONSES - Lawyer Algarve","description":"Find your questions and answers in our website or request a free consultation.I'm not in Portugal. Can I buy a property, from overseas? Visit our site.","robots":{"index":"index","follow":"follow","max-snippet":"max-snippet:-1","max-image-preview":"max-image-preview:large","max-video-preview":"max-video-preview:-1"},"canonical":"https:\/\/lawyeralgarve.com\/fr\/q-et-r\/","og_locale":"fr_FR","og_type":"article","og_title":"QUESTIONS ET R\u00c9PONSES - Lawyer Algarve","og_description":"Find your questions and answers in our website or request a free consultation.I'm not in Portugal. Can I buy a property, from overseas? Visit our site.","og_url":"https:\/\/lawyeralgarve.com\/fr\/q-et-r\/","og_site_name":"Lawyer Algarve","article_modified_time":"2025-01-28T10:14:41+00:00","twitter_card":"summary_large_image","twitter_misc":{"Dur\u00e9e de lecture estim\u00e9e":"3 minutes"},"schema":{"@context":"https:\/\/schema.org","@graph":[{"@type":"WebPage","@id":"https:\/\/lawyeralgarve.com\/fr\/q-et-r\/","url":"https:\/\/lawyeralgarve.com\/fr\/q-et-r\/","name":"QUESTIONS ET R\u00c9PONSES - Lawyer Algarve","isPartOf":{"@id":"https:\/\/lawyeralgarve.com\/#website"},"datePublished":"2014-07-04T23:25:06+00:00","dateModified":"2025-01-28T10:14:41+00:00","description":"Find your questions and answers in our website or request a free consultation.I'm not in Portugal. Can I buy a property, from overseas? Visit our site.","breadcrumb":{"@id":"https:\/\/lawyeralgarve.com\/fr\/q-et-r\/#breadcrumb"},"inLanguage":"fr-FR","potentialAction":[{"@type":"ReadAction","target":["https:\/\/lawyeralgarve.com\/fr\/q-et-r\/"]}]},{"@type":"BreadcrumbList","@id":"https:\/\/lawyeralgarve.com\/fr\/q-et-r\/#breadcrumb","itemListElement":[{"@type":"ListItem","position":1,"name":"Home","item":"https:\/\/lawyeralgarve.com\/fr\/"},{"@type":"ListItem","position":2,"name":"QUESTIONS ET R\u00c9PONSES"}]},{"@type":"WebSite","@id":"https:\/\/lawyeralgarve.com\/#website","url":"https:\/\/lawyeralgarve.com\/","name":"Lawyer Algarve","description":"We are a Law Office, based in Lagos, We cover the whole Algarve","potentialAction":[{"@type":"SearchAction","target":{"@type":"EntryPoint","urlTemplate":"https:\/\/lawyeralgarve.com\/?s={search_term_string}"},"query-input":"required name=search_term_string"}],"inLanguage":"fr-FR"}]}},"_links":{"self":[{"href":"https:\/\/lawyeralgarve.com\/fr\/wp-json\/wp\/v2\/pages\/10104"}],"collection":[{"href":"https:\/\/lawyeralgarve.com\/fr\/wp-json\/wp\/v2\/pages"}],"about":[{"href":"https:\/\/lawyeralgarve.com\/fr\/wp-json\/wp\/v2\/types\/page"}],"author":[{"embeddable":true,"href":"https:\/\/lawyeralgarve.com\/fr\/wp-json\/wp\/v2\/users\/1"}],"replies":[{"embeddable":true,"href":"https:\/\/lawyeralgarve.com\/fr\/wp-json\/wp\/v2\/comments?post=10104"}],"version-history":[{"count":5,"href":"https:\/\/lawyeralgarve.com\/fr\/wp-json\/wp\/v2\/pages\/10104\/revisions"}],"predecessor-version":[{"id":10635,"href":"https:\/\/lawyeralgarve.com\/fr\/wp-json\/wp\/v2\/pages\/10104\/revisions\/10635"}],"wp:attachment":[{"href":"https:\/\/lawyeralgarve.com\/fr\/wp-json\/wp\/v2\/media?parent=10104"}],"curies":[{"name":"wp","href":"https:\/\/api.w.org\/{rel}","templated":true}]}}