{"id":9987,"date":"2014-07-04T10:06:07","date_gmt":"2014-07-04T10:06:07","guid":{"rendered":"https:\/\/lawyeralgarve.com\/practice-areas\/"},"modified":"2024-01-29T10:35:43","modified_gmt":"2024-01-29T10:35:43","slug":"aree-di-pratica","status":"publish","type":"page","link":"https:\/\/lawyeralgarve.com\/it\/aree-di-pratica\/","title":{"rendered":"AREE DI PRATICA"},"content":{"rendered":"<div class=\"push\" style='height:50px'><\/div>\n<div class=\"row \"><div class=\"wpv-grid grid-1-3  wpv-first-level first unextended\" style=\"padding-top:0px;padding-bottom:0px\" id=\"wpv-column-e03e2892721e27d1513ac6ed8ef34345\" ><div class=\"row \"><div class=\"wpv-grid grid-1-1  first unextended\" style=\"padding-top:0px;padding-bottom:0px\" id=\"wpv-column-be1ec4f24e2aa98bb2ec73be7aca898e\" >\n<div  data-href=\"#buying\" tabindex=\"1\" data-target=\"_self\" class=\"linkarea clearfix   background-transparent\">\n\t\t\t<div class=\"first\"><span class='icon shortcode   use-hover' style='font-size:56px !important;color:#01b0f1;'>&#57780;<\/span><\/div>\n\t\t\t\t<div class=\"last\"><h3 style=\"text-align: center;\">ACQUISTO E VENDITA<br \/>\nDI IMMOBILI<\/h3>\n<div class=\"push\" style='margin-bottom:-20px'><\/div>\n<div class=\"sep-2\"><\/div>\n<ul>\n<li>Riunioni e preparazione della pratica<\/li>\n<li>Raccolta ed esame dettagliato dei documenti e degli immobili<\/li>\n<li>Consulenza fiscale e suddivisione dei costi<\/li>\n<li>Mediazione lungo il processo Coordinamento con tecnici specializzati (se del caso) per l\u2019ispezione degli immobili<\/li>\n<li>Coordinamento con banche ed erogatori d\u2019ipoteche, se del caso<\/li>\n<li>Servizio personalizzato<\/li>\n<li>Stesura di contratti preliminari<\/li>\n<li>Trasferimento di propriet\u00e0<\/li>\n<li>Pagamento d\u2019imposte inerenti<\/li>\n<li>Chiusura della pratica e custodia in cassaforte<\/li>\n<\/ul><\/div>\n\t<\/div><\/div><\/div><\/div>\n<div class=\"wpv-grid grid-1-3  wpv-first-level unextended\" style=\"padding-top:0px;padding-bottom:0px\" id=\"wpv-column-d5b943cb417b880f1ba56581c714f785\" ><div class=\"row \"><div class=\"wpv-grid grid-1-1  first unextended\" style=\"padding-top:0px;padding-bottom:0px\" id=\"wpv-column-d839251a6b031ae77cfbfa3114be3032\" >\n<div  data-href=\"#wills\" tabindex=\"1\" data-target=\"_self\" class=\"linkarea clearfix   background-transparent\">\n\t\t\t<div class=\"first\"><span class='icon shortcode   use-hover' style='font-size:56px !important;color:#01b0f1;'>&#57780;<\/span><\/div>\n\t\t\t\t<div class=\"last\"><h3 style=\"text-align: center;\">DISPOSIZIONI TESTAMENTARIE<\/h3>\n<div class=\"push\" style='margin-bottom:-20px'><\/div>\n<div class=\"sep-2\"><\/div>\n<ul>\n<li>Pianificazione delle migliori opzioni<\/li>\n<li>Preparazione<\/li>\n<li>Trovare testimoni<\/li>\n<li>Accompagnamento lungo tutto il processo<\/li>\n<li>Traduzione e custodia in cassaforte<\/li>\n<\/ul><\/div>\n\t<\/div><\/div><\/div><\/div>\n<div class=\"wpv-grid grid-1-3  wpv-first-level unextended\" style=\"padding-top:0px;padding-bottom:0px\" id=\"wpv-column-92a5bf3ee2ab407a0bc51cec2d8478c1\" ><div class=\"row \"><div class=\"wpv-grid grid-1-1  first unextended\" style=\"padding-top:0px;padding-bottom:0px\" id=\"wpv-column-80be23f0a67296db436cbb4d7653af55\" >\n<div  data-href=\"#elaboration\" tabindex=\"1\" data-target=\"_self\" class=\"linkarea clearfix   background-transparent\">\n\t\t\t<div class=\"first\"><span class='icon shortcode   use-hover' style='font-size:56px !important;color:#01b0f1;'>&#57780;<\/span><\/div>\n\t\t\t\t<div class=\"last\"><h3 style=\"text-align: center;\">STESURA DI OGNI TIPO<br \/>\nDI CONTRATTI<\/h3>\n<div class=\"push\" style='margin-bottom:-20px'><\/div>\n<div class=\"sep-2\"><\/div>\n<ul>\n<li><span style=\"line-height: 1.5;\">Contratti di affitto ad uso abitativo<\/span><\/li>\n<li><span style=\"line-height: 1.5;\">Contratti di affitto ad uso commerciale<\/span><\/li>\n<li><span style=\"line-height: 1.5;\">Edilizia e costruzione<\/span><\/li>\n<li><span style=\"line-height: 1.5;\">Mutui<\/span><\/li>\n<li><span style=\"line-height: 1.5;\">Avalli \/ipoteche<\/span><\/li>\n<li><span style=\"line-height: 1.5;\">Ogni tipo di contratti di diritto privato e commerciale<\/span><\/li>\n<\/ul><\/div>\n\t<\/div><\/div><\/div><\/div><\/div>\n<div class=\"row \"><div class=\"wpv-grid grid-1-3  wpv-first-level first unextended\" style=\"padding-top:0px;padding-bottom:0px\" id=\"wpv-column-3f3749190d2e526e7d65504c4a0c7dca\" ><div class=\"row \"><div class=\"wpv-grid grid-1-1  first unextended\" style=\"padding-top:0px;padding-bottom:0px\" id=\"wpv-column-8d3e69d4668a6b491d69820c51beb4e9\" >\n<div  data-href=\"#probate\" tabindex=\"1\" data-target=\"_self\" class=\"linkarea clearfix   background-transparent\">\n\t\t\t<div class=\"first\"><span class='icon shortcode   use-hover' style='font-size:56px !important;color:#01b0f1;'>&#57780;<\/span><\/div>\n\t\t\t\t<div class=\"last\"><h3 style=\"text-align: center;\">COSTRUZIONE E LEGALIZZAZIONE<\/h3>\n<div class=\"push\" style='margin-bottom:-20px'><\/div>\n<div class=\"sep-2\"><\/div>\n<ul>\n<li>Se vuoi costruire o riabilitare, \u00e8 importante avere i migliori partner.<\/li>\n<li>\u00c8 importante prima di tutto sapere cosa pu\u00f2 e non pu\u00f2 costruire e in quali forme;<\/li>\n<li>Puoi costruire su una trama particolare? O ricostruire una rovina?<\/li>\n<li>La terra \u00e8 in un&#8217;area protetta?<\/li>\n<li>Riserva agricola? Riserva ecologica? Altre condizioni?<\/li>\n<li>Ogni progetto ha specificit\u00e0 che \u00e8 necessario conoscere prima di impegnarsi<br \/>\nDirettamente o tramite la nostra rete di partner specializzati, facciamo questa ricerca per te.<\/li>\n<\/ul>\n<p>Dopo aver chiarito tutti i punti, seguiamo il processo, sia nella fase legale che a livello di progetto.<\/div>\n\t<\/div><\/div><\/div><\/div>\n<div class=\"wpv-grid grid-1-3  wpv-first-level unextended\" style=\"padding-top:0px;padding-bottom:0px\" id=\"wpv-column-3fdd01d7fce2e7ed2e2e6411d757c7be\" ><div class=\"row \"><div class=\"wpv-grid grid-1-1  first unextended\" style=\"padding-top:0px;padding-bottom:0px\" id=\"wpv-column-f00a9e185a9ad823d7caf1ee49830001\" >\n<div  data-href=\"#probate\" tabindex=\"1\" data-target=\"_self\" class=\"linkarea clearfix   background-transparent\">\n\t\t\t<div class=\"first\"><span class='icon shortcode   use-hover' style='font-size:56px !important;color:#01b0f1;'>&#57780;<\/span><\/div>\n\t\t\t\t<div class=\"last\"><h3 style=\"text-align: center;\">OMOLOGAZIONE E PARCELLAZIONE<br \/>\nDI BENI<\/h3>\n<div class=\"push\" style='margin-bottom:-20px'><\/div>\n<div class=\"sep-2\"><\/div>\n<ul>\n<li>Pianificazione e consulenza fiscale<\/li>\n<li>Rappresentanza legale degli eredi dinanzi alle autorit\u00e0<\/li>\n<li>Pagamento d\u2019imposte inerenti<\/li>\n<li>Trasferimento dei beni<\/li>\n<li>Nel caso di divorzio preferiamo suggerire colleghi specializzati<\/li>\n<\/ul><\/div>\n\t<\/div><\/div><\/div><\/div>\n<div class=\"wpv-grid grid-1-3  wpv-first-level unextended\" style=\"padding-top:0px;padding-bottom:0px\" id=\"wpv-column-c3c7a30768da891036cda270744920e8\" ><div class=\"row \"><div class=\"wpv-grid grid-1-1  first unextended\" style=\"padding-top:0px;padding-bottom:0px\" id=\"wpv-column-2224b817b426ce8e27e2cd916af55fed\" >\n<div  data-href=\"#probate\" tabindex=\"1\" data-target=\"_self\" class=\"linkarea clearfix   background-transparent\">\n\t\t\t<div class=\"first\"><span class='icon shortcode   use-hover' style='font-size:56px !important;color:#01b0f1;'>&#57780;<\/span><\/div>\n\t\t\t\t<div class=\"last\"><h3 style=\"text-align: center;\">GOLDEN VISA<\/h3>\n<div class=\"push\" style='margin-bottom:-20px'><\/div>\n<div class=\"sep-2\"><\/div>\nIl Golden Visa \u00e8 una forma di permesso di soggiorno che consente l&#8217;ingresso e il soggiorno in territorio portoghese a scopo di investimento con la rinuncia al visto di residenza di cittadini stranieri che desiderano investire in Portogallo e che \u00e8 in vigore dal 2012.<\/p>\n<p>Si applica a tutti i cittadini nazionali del Terzo Stato investendo in una delle seguenti possibilit\u00e0:<\/p>\n<ul>\n<li>l&#8217;acquisizione di beni immobili di valore pari o superiori a 500 migliaia di euro;<\/li>\n<li>Acquisizione di beni immobili, la cui costruzione \u00e8 stata completata per almeno 30 anni o ubicata in un&#8217;area di riqualificazione urbana e di riabilitazione di beni immobili acquisiti, per un importo pari o superiore a 350 mila euro,<\/li>\n<\/ul>\n<p>Elaboriamo e seguiamo l&#8217;intero processo di Golden Visa, sia nell&#8217;acquisizione iniziale che nei rinnovi.<br \/>\nContattaci<\/div>\n\t<\/div><\/div><\/div><\/div><\/div>\n<div class=\"row \"><div class=\"wpv-grid grid-1-3  wpv-first-level first unextended\" style=\"padding-top:0px;padding-bottom:0px\" id=\"wpv-column-33bf2234a25647b6e8929fd2b17db23d\" ><div class=\"row \"><div class=\"wpv-grid grid-1-1  first unextended\" style=\"padding-top:0px;padding-bottom:0px\" id=\"wpv-column-425dca6f011c4fbb22e7dd75e7af8482\" >\n<div  data-href=\"#probate\" tabindex=\"1\" data-target=\"_self\" class=\"linkarea clearfix   background-transparent\">\n\t\t\t<div class=\"first\"><span class='icon shortcode   use-hover' style='font-size:56px !important;color:#01b0f1;'>&#57780;<\/span><\/div>\n\t\t\t\t<div class=\"last\"><h3 style=\"text-align: center;\">NICHT-HABITUELLER WOHNER<\/h3>\n<div class=\"push\" style='margin-bottom:-20px'><\/div>\n<div class=\"sep-2\"><\/div>\nThe Unusual Resident Scheme, \u00e8 un sistema fiscale appositamente progettato per migliorare la competitivit\u00e0 internazionale portoghese per coloro che desiderano stabilire una residenza permanente o temporanea in Portogallo.<\/p>\n<p>Il piano di residenza abituale non abituale \u00e8 un sistema fiscale, il che significa che i suoi effetti si verificano solo sul reddito del candidato. Il piano \u00e8 personale e non trasferibile.<\/p>\n<p>Questo regime speciale prevede in linea di massima un&#8217;esenzione dalla maggior parte del reddito da fonte estera del candidato ed \u00e8 applicabile per 10 anni.<\/div>\n\t<\/div><\/div><\/div><\/div>\n<div class=\"wpv-grid grid-1-3  wpv-first-level unextended\" style=\"padding-top:0px;padding-bottom:0px\" id=\"wpv-column-7fddedcf1fd545fd30a03b6f9595dc8d\" ><div class=\"row \"><div class=\"wpv-grid grid-1-1  first unextended\" style=\"padding-top:0px;padding-bottom:0px\" id=\"wpv-column-ba8bc8eaaf5ac7c349c845c6bff0dbd6\" >\n<div  data-href=\"#probate\" tabindex=\"1\" data-target=\"_self\" class=\"linkarea clearfix   background-transparent\">\n\t\t\t<div class=\"first\"><span class='icon shortcode   use-hover' style='font-size:56px !important;color:#01b0f1;'>&#57780;<\/span><\/div>\n\t\t\t\t<div class=\"last\"><h3 style=\"text-align: center;\">INVESTIMENTI IMMOBILIARI E TURISTICI<\/h3>\n<div class=\"push\" style='margin-bottom:-20px'><\/div>\n<div class=\"sep-2\"><\/div>\nForniamo consulenza legale e supporto per tutti i vostri progetti immobiliari e turistici e attraverso una rete di partner, nonch\u00e9 consulenza finanziaria, fiscale, architettonica e di gestione dei progetti per garantire che i vostri progetti di investimento siano fattibili ed eseguiti in un sicuro e obiettivo.<\/div>\n\t<\/div><\/div><\/div><\/div>\n<div class=\"wpv-grid grid-1-3  wpv-first-level unextended\" style=\"padding-top:0px;padding-bottom:0px\" id=\"wpv-column-21d3ea8dd68ffca5daf8980032e8bb24\" ><div class=\"row \"><div class=\"wpv-grid grid-1-1  first unextended\" style=\"padding-top:0px;padding-bottom:0px\" id=\"wpv-column-5bf7ccdbd9fdd81284bb059f47de39a3\" >\n<div  data-href=\"#probate\" tabindex=\"1\" data-target=\"_self\" class=\"linkarea clearfix   background-transparent\">\n\t\t\t<div class=\"first\"><span class='icon shortcode   use-hover' style='font-size:56px !important;color:#01b0f1;'>&#57780;<\/span><\/div>\n\t\t\t\t<div class=\"last\"><h3 style=\"text-align: center;\">DOCUMENTAZIONE E TRADUZIONI<\/h3>\n<div class=\"push\" style='margin-bottom:-20px'><\/div>\n<div class=\"sep-2\"><\/div>\nTramite il decreto legge n. 116\/2008 del 4 luglio, gli avvocati sono autorizzati a svolgere una serie di atti, in precedenza esclusivi per i notai.<br \/>\nNel nostro ufficio, lo facciamo, elaboriamo:<\/p>\n<ul>\n<li>Contratti per l&#8217;acquisto e la vendita di beni immobili, donazioni, permute, ecc. (tramite documento privato autenticato &#8211; DPA)<\/li>\n<li>Accordi reciproci;<\/li>\n<li>Certificazioni di documenti;<\/li>\n<li>Traduzioni di documenti.<\/li>\n<\/ul><\/div>\n\t<\/div><\/div><\/div><\/div><\/div>\n<div class=\"row \"><div class=\"wpv-grid grid-1-3  wpv-first-level first unextended\" style=\"padding-top:0px;padding-bottom:0px\" id=\"wpv-column-bf472a7794fbc69aa9b6addc48e79b81\" ><div class=\"row \"><div class=\"wpv-grid grid-1-1  first unextended\" style=\"padding-top:0px;padding-bottom:0px\" id=\"wpv-column-cf6b291519d37738dbaaead408ff65d2\" >\n<div  data-href=\"#probate\" tabindex=\"1\" data-target=\"_self\" class=\"linkarea clearfix   background-transparent\">\n\t\t\t<div class=\"first\"><span class='icon shortcode   use-hover' style='font-size:56px !important;color:#01b0f1;'>&#57780;<\/span><\/div>\n\t\t\t\t<div class=\"last\"><h3 style=\"text-align: center;\">ABILITAZIONE E CONDIVISIONE<\/h3>\n<div class=\"push\" style='margin-bottom:-20px'><\/div>\n<div class=\"sep-2\"><\/div>\nDopo la morte, \u00e8 obbligatorio partecipare al patrimonio e indicare chi sono gli eredi legali.<br \/>\nIndipendentemente dal fatto che ci sia o meno una volont\u00e0 e indipendentemente dalla nazionalit\u00e0 del defunto, il nostro ufficio \u00e8 in grado di eseguire tutte le procedure legali e, se lo si desidera, procedere alla condivisione delle attivit\u00e0.<\/div>\n\t<\/div><\/div><\/div><\/div>\n<div class=\"wpv-grid grid-1-3  wpv-first-level unextended\" style=\"padding-top:0px;padding-bottom:0px\" id=\"wpv-column-a4befbdbffaf49d688aa59e31c37ce8a\" ><div class=\"row \"><div class=\"wpv-grid grid-1-1  first unextended\" style=\"padding-top:0px;padding-bottom:0px\" id=\"wpv-column-c8fd1f62cb460c67bfce445050b93015\" >\n<div  data-href=\"#urbanism\" tabindex=\"1\" data-target=\"_self\" class=\"linkarea clearfix   background-transparent\">\n\t\t\t<div class=\"first\"><span class='icon shortcode   use-hover' style='font-size:56px !important;color:#01b0f1;'>&#57780;<\/span><\/div>\n\t\t\t\t<div class=\"last\"><h3 style=\"text-align: center;\">MATERIE URBANISTICHE E<br \/>\nAMMINISTRATIVE<\/h3>\n<div class=\"push\" style='margin-bottom:-20px'><\/div>\n<div class=\"sep-2\"><\/div>\n<ul>\n<li>Tutte le materie riguardanti la pubblica amministrazione, locale e regionale<\/li>\n<li>Istanze\/esposti, reclami<\/li>\n<li>Partecipazione a riunioni con il cliente, o a suo nome<\/li>\n<li>Coordinamento e lavoro di gruppo con altri tecnici specializzati per la preparazione di progetti urbanistici<\/li>\n<\/ul><\/div>\n\t<\/div><\/div><\/div><\/div>\n<div class=\"wpv-grid grid-1-3  wpv-first-level unextended\" style=\"padding-top:0px;padding-bottom:0px\" id=\"wpv-column-7a5f92c032ae518dcd911ffdd8128151\" ><div class=\"row \"><div class=\"wpv-grid grid-1-1  first unextended\" style=\"padding-top:0px;padding-bottom:0px\" id=\"wpv-column-50dcb39a6bbad82ef70d2c346edc95a5\" >\n<div  data-href=\"#incorporation\" tabindex=\"1\" data-target=\"_self\" class=\"linkarea clearfix   background-transparent\">\n\t\t\t<div class=\"first\"><span class='icon shortcode   use-hover' style='font-size:56px !important;color:#01b0f1;'>&#57780;<\/span><\/div>\n\t\t\t\t<div class=\"last\"><h3 style=\"text-align: center;\">COSTITUZIONE DI SOCIET\u00c0<\/h3>\n<div class=\"push\" style='margin-bottom:-20px'><\/div>\n<div class=\"sep-2\"><\/div>\n<ul>\n<li>Preparazione e pianificazione legale e fiscale<\/li>\n<li>Coordinamento con contabili<\/li>\n<li>Creazione di societ\u00e0 con domicilio in Portogallo o all\u2019estero<\/li>\n<li>Coordinamento con societ\u00e0 offshore e non residenti<\/li>\n<\/ul>\n<div class=\"push\" style='height:20px'><\/div><\/div>\n\t<\/div><\/div><\/div><\/div><\/div>\n<div class=\"row \"><div class=\"wpv-grid grid-1-1  wpv-first-level first unextended\" style=\"padding-top:0px;padding-bottom:0px\" id=\"wpv-column-506b929cb471956d1ecb1cf11f6b62c0\" ><p style=\"text-align: center;\"><span class=\"vamtam-font-style-1 with-color\">\u201cLa volont\u00e0 di vincere, il desiderio di avere successo, la voglia di raggiungere il pieno potenziale&#8230; queste sono le chiavi per sbloccare la porta dell\u2019eccellenza personale\u201d.<\/span><\/p>\n<p style=\"text-align: center;\">Confucio<div class=\"push\" style='height:10px'><\/div>\n<p style=\"text-align: center;\"><div class=\"push\" style='height:70px'><\/div><\/div><\/div>\n<div class=\"row \"><div class=\"wpv-grid grid-1-1  wpv-first-level first unextended\" style=\"padding-top:0px;padding-bottom:0px\" id=\"wpv-column-1549ea78b1acfbf8bc9754f151803faf\" ><div class=\"services has-more \" id=\"wpv-expandable-08c787781f9638d6529827b4b3441e85\">\n\t<div class=\"closed services-inside\">\n\t\t<div class=\"services-content-wrapper clearfix\">\n\t\t\t\n\t\t\t\t\t\t\n\n\t\t<\/div>\n\t<\/div>\n\t<div class=\"open services-inside\">\n\t\t<div class=\"services-content-wrapper\">\n\t\t\t<div class=\"row\">\n\t\t\t\t\n\t\t\t<\/div>\n\t\t<\/div>\n\t<\/div>\n<\/div>\n<style scoped>#wpv-expandable-08c787781f9638d6529827b4b3441e85 .open{background:#01b0f1;}#wpv-expandable-08c787781f9638d6529827b4b3441e85 .open,#wpv-expandable-08c787781f9638d6529827b4b3441e85 .open p,#wpv-expandable-08c787781f9638d6529827b4b3441e85 .open .sep-text h2.regular-title-wrapper,#wpv-expandable-08c787781f9638d6529827b4b3441e85 .open .text-divider-double,#wpv-expandable-08c787781f9638d6529827b4b3441e85 .open .sep-text .sep-text-line,#wpv-expandable-08c787781f9638d6529827b4b3441e85 .open .sep,#wpv-expandable-08c787781f9638d6529827b4b3441e85 .open .sep-2,#wpv-expandable-08c787781f9638d6529827b4b3441e85 .open .sep-3,#wpv-expandable-08c787781f9638d6529827b4b3441e85 .open h1,#wpv-expandable-08c787781f9638d6529827b4b3441e85 .open h2,#wpv-expandable-08c787781f9638d6529827b4b3441e85 .open h3,#wpv-expandable-08c787781f9638d6529827b4b3441e85 .open h4,#wpv-expandable-08c787781f9638d6529827b4b3441e85 .open h5,#wpv-expandable-08c787781f9638d6529827b4b3441e85 .open h6,#wpv-expandable-08c787781f9638d6529827b4b3441e85 .open td,#wpv-expandable-08c787781f9638d6529827b4b3441e85 .open th,#wpv-expandable-08c787781f9638d6529827b4b3441e85 .open caption{color:#f2fbff;}<\/style>\n<\/div><\/div>\n","protected":false},"excerpt":{"rendered":"<p>\u201cLa volont\u00e0 di vincere, il desiderio di avere successo, la voglia di raggiungere il pieno potenziale&#8230; queste sono le chiavi per sbloccare la porta dell\u2019eccellenza personale\u201d. Confucio<\/p>\n","protected":false},"author":1,"featured_media":0,"parent":0,"menu_order":0,"comment_status":"closed","ping_status":"open","template":"","meta":[],"yoast_head":"<!-- This site is optimized with the Yoast SEO plugin v21.0 - https:\/\/yoast.com\/wordpress\/plugins\/seo\/ -->\n<title>AREE DI PRATICA - Lawyer Algarve Cristina Marcelino - office in Lagos<\/title>\n<meta name=\"description\" content=\"Buying and Selling properties, Wills, Elaboration of all types of contracts, Probate and Division of assepts, Urbanism and Administrative matters,...\" \/>\n<meta name=\"robots\" content=\"index, follow, max-snippet:-1, max-image-preview:large, max-video-preview:-1\" \/>\n<link rel=\"canonical\" href=\"https:\/\/lawyeralgarve.com\/it\/aree-di-pratica\/\" \/>\n<meta property=\"og:locale\" content=\"it_IT\" \/>\n<meta property=\"og:type\" content=\"article\" \/>\n<meta property=\"og:title\" content=\"AREE DI PRATICA - Lawyer Algarve Cristina Marcelino - office in Lagos\" \/>\n<meta property=\"og:description\" content=\"Buying and Selling properties, Wills, Elaboration of all types of contracts, Probate and Division of assepts, Urbanism and Administrative matters,...\" \/>\n<meta property=\"og:url\" content=\"https:\/\/lawyeralgarve.com\/it\/aree-di-pratica\/\" \/>\n<meta property=\"og:site_name\" content=\"Lawyer Algarve\" \/>\n<meta property=\"article:modified_time\" content=\"2024-01-29T10:35:43+00:00\" \/>\n<meta name=\"twitter:card\" content=\"summary_large_image\" \/>\n<meta name=\"twitter:label1\" content=\"Tempo di lettura stimato\" \/>\n\t<meta name=\"twitter:data1\" content=\"6 minuti\" \/>\n<script type=\"application\/ld+json\" class=\"yoast-schema-graph\">{\"@context\":\"https:\/\/schema.org\",\"@graph\":[{\"@type\":\"WebPage\",\"@id\":\"https:\/\/lawyeralgarve.com\/it\/aree-di-pratica\/\",\"url\":\"https:\/\/lawyeralgarve.com\/it\/aree-di-pratica\/\",\"name\":\"AREE DI PRATICA - Lawyer Algarve Cristina Marcelino - office in Lagos\",\"isPartOf\":{\"@id\":\"https:\/\/lawyeralgarve.com\/#website\"},\"datePublished\":\"2014-07-04T10:06:07+00:00\",\"dateModified\":\"2024-01-29T10:35:43+00:00\",\"description\":\"Buying and Selling properties, Wills, Elaboration of all types of contracts, Probate and Division of assepts, Urbanism and Administrative matters,...\",\"breadcrumb\":{\"@id\":\"https:\/\/lawyeralgarve.com\/it\/aree-di-pratica\/#breadcrumb\"},\"inLanguage\":\"it-IT\",\"potentialAction\":[{\"@type\":\"ReadAction\",\"target\":[\"https:\/\/lawyeralgarve.com\/it\/aree-di-pratica\/\"]}]},{\"@type\":\"BreadcrumbList\",\"@id\":\"https:\/\/lawyeralgarve.com\/it\/aree-di-pratica\/#breadcrumb\",\"itemListElement\":[{\"@type\":\"ListItem\",\"position\":1,\"name\":\"Home\",\"item\":\"https:\/\/lawyeralgarve.com\/it\/\"},{\"@type\":\"ListItem\",\"position\":2,\"name\":\"AREE DI PRATICA\"}]},{\"@type\":\"WebSite\",\"@id\":\"https:\/\/lawyeralgarve.com\/#website\",\"url\":\"https:\/\/lawyeralgarve.com\/\",\"name\":\"Lawyer Algarve\",\"description\":\"We are a Law Office, based in Lagos, We cover the whole Algarve\",\"potentialAction\":[{\"@type\":\"SearchAction\",\"target\":{\"@type\":\"EntryPoint\",\"urlTemplate\":\"https:\/\/lawyeralgarve.com\/?s={search_term_string}\"},\"query-input\":\"required name=search_term_string\"}],\"inLanguage\":\"it-IT\"}]}<\/script>\n<!-- \/ Yoast SEO plugin. -->","yoast_head_json":{"title":"AREE DI PRATICA - Lawyer Algarve Cristina Marcelino - office in Lagos","description":"Buying and Selling properties, Wills, Elaboration of all types of contracts, Probate and Division of assepts, Urbanism and Administrative matters,...","robots":{"index":"index","follow":"follow","max-snippet":"max-snippet:-1","max-image-preview":"max-image-preview:large","max-video-preview":"max-video-preview:-1"},"canonical":"https:\/\/lawyeralgarve.com\/it\/aree-di-pratica\/","og_locale":"it_IT","og_type":"article","og_title":"AREE DI PRATICA - Lawyer Algarve Cristina Marcelino - office in Lagos","og_description":"Buying and Selling properties, Wills, Elaboration of all types of contracts, Probate and Division of assepts, Urbanism and Administrative matters,...","og_url":"https:\/\/lawyeralgarve.com\/it\/aree-di-pratica\/","og_site_name":"Lawyer Algarve","article_modified_time":"2024-01-29T10:35:43+00:00","twitter_card":"summary_large_image","twitter_misc":{"Tempo di lettura stimato":"6 minuti"},"schema":{"@context":"https:\/\/schema.org","@graph":[{"@type":"WebPage","@id":"https:\/\/lawyeralgarve.com\/it\/aree-di-pratica\/","url":"https:\/\/lawyeralgarve.com\/it\/aree-di-pratica\/","name":"AREE DI PRATICA - Lawyer Algarve Cristina Marcelino - office in Lagos","isPartOf":{"@id":"https:\/\/lawyeralgarve.com\/#website"},"datePublished":"2014-07-04T10:06:07+00:00","dateModified":"2024-01-29T10:35:43+00:00","description":"Buying and Selling properties, Wills, Elaboration of all types of contracts, Probate and Division of assepts, Urbanism and Administrative matters,...","breadcrumb":{"@id":"https:\/\/lawyeralgarve.com\/it\/aree-di-pratica\/#breadcrumb"},"inLanguage":"it-IT","potentialAction":[{"@type":"ReadAction","target":["https:\/\/lawyeralgarve.com\/it\/aree-di-pratica\/"]}]},{"@type":"BreadcrumbList","@id":"https:\/\/lawyeralgarve.com\/it\/aree-di-pratica\/#breadcrumb","itemListElement":[{"@type":"ListItem","position":1,"name":"Home","item":"https:\/\/lawyeralgarve.com\/it\/"},{"@type":"ListItem","position":2,"name":"AREE DI PRATICA"}]},{"@type":"WebSite","@id":"https:\/\/lawyeralgarve.com\/#website","url":"https:\/\/lawyeralgarve.com\/","name":"Lawyer Algarve","description":"We are a Law Office, based in Lagos, We cover the whole Algarve","potentialAction":[{"@type":"SearchAction","target":{"@type":"EntryPoint","urlTemplate":"https:\/\/lawyeralgarve.com\/?s={search_term_string}"},"query-input":"required name=search_term_string"}],"inLanguage":"it-IT"}]}},"_links":{"self":[{"href":"https:\/\/lawyeralgarve.com\/it\/wp-json\/wp\/v2\/pages\/9987"}],"collection":[{"href":"https:\/\/lawyeralgarve.com\/it\/wp-json\/wp\/v2\/pages"}],"about":[{"href":"https:\/\/lawyeralgarve.com\/it\/wp-json\/wp\/v2\/types\/page"}],"author":[{"embeddable":true,"href":"https:\/\/lawyeralgarve.com\/it\/wp-json\/wp\/v2\/users\/1"}],"replies":[{"embeddable":true,"href":"https:\/\/lawyeralgarve.com\/it\/wp-json\/wp\/v2\/comments?post=9987"}],"version-history":[{"count":11,"href":"https:\/\/lawyeralgarve.com\/it\/wp-json\/wp\/v2\/pages\/9987\/revisions"}],"predecessor-version":[{"id":10300,"href":"https:\/\/lawyeralgarve.com\/it\/wp-json\/wp\/v2\/pages\/9987\/revisions\/10300"}],"wp:attachment":[{"href":"https:\/\/lawyeralgarve.com\/it\/wp-json\/wp\/v2\/media?parent=9987"}],"curies":[{"name":"wp","href":"https:\/\/api.w.org\/{rel}","templated":true}]}}