{"id":10338,"date":"2014-07-04T10:06:07","date_gmt":"2014-07-04T10:06:07","guid":{"rendered":"https:\/\/lawyeralgarve.com\/practice-areas\/"},"modified":"2024-01-29T10:36:11","modified_gmt":"2024-01-29T10:36:11","slug":"especialidades","status":"publish","type":"page","link":"https:\/\/lawyeralgarve.com\/pt-pt\/especialidades\/","title":{"rendered":"Especialidades"},"content":{"rendered":"<div class=\"push\" style='height:50px'><\/div>\n<div class=\"row \"><div class=\"wpv-grid grid-1-3  wpv-first-level first unextended\" style=\"padding-top:0px;padding-bottom:0px\" id=\"wpv-column-09701422a57ac3c503c6abe58c8c9703\" ><div class=\"row \"><div class=\"wpv-grid grid-1-1  first unextended\" style=\"padding-top:0px;padding-bottom:0px\" id=\"wpv-column-866d3346a1f99b9deddb8a0fa5918726\" >\n<div  data-href=\"#buying\" tabindex=\"1\" data-target=\"_self\" class=\"linkarea clearfix   background-transparent\">\n\t\t\t<div class=\"first\"><span class='icon shortcode   use-hover' style='font-size:56px !important;color:#01b0f1;'>&#57780;<\/span><\/div>\n\t\t\t\t<div class=\"last\"><h3 style=\"text-align: center;\">COMPRA E VENDA DE IM\u00d3VEIS<\/h3>\n<div class=\"push\" style='margin-bottom:-20px'><\/div>\n<div class=\"sep-2\"><\/div>\n<ul>\n<li>Prepara\u00e7\u00e3o do processo<\/li>\n<li>An\u00e1lise de documenta\u00e7\u00e3o, legitimidade;<\/li>\n<li>Aconselhamento fiscal e planeamento de custos;<\/li>\n<li>Media\u00e7\u00e3o durante o processo; Coordena\u00e7\u00e3o com t\u00e9cnicos especializados, se necess\u00e1rio, para inspec\u00e7\u00e3o\/vistoria ao im\u00f3vel.<\/li>\n<li>Coordena\u00e7\u00e3o com entidades banc\u00e1rias, se necess\u00e1rio;<\/li>\n<li>Acompanhamento profissional e personalizado;<\/li>\n<li>Elabora\u00e7\u00e3o de contratos de promessa e venda<\/li>\n<li>Transferencia do im\u00f3vel<\/li>\n<li>Pagamento de impostos conexos<\/li>\n<li>Entrega de documenta\u00e7\u00e3o e arquivo seguro dos documentos;<\/li>\n<\/ul><\/div>\n\t<\/div><\/div><\/div><\/div>\n<div class=\"wpv-grid grid-1-3  wpv-first-level unextended\" style=\"padding-top:0px;padding-bottom:0px\" id=\"wpv-column-5dc6e5466503331e15b47e66d81801d9\" ><div class=\"row \"><div class=\"wpv-grid grid-1-1  first unextended\" style=\"padding-top:0px;padding-bottom:0px\" id=\"wpv-column-4d5b063903c43b528ec7f11ccbdc0e68\" >\n<div  data-href=\"#probate\" tabindex=\"1\" data-target=\"_self\" class=\"linkarea clearfix   background-transparent\">\n\t\t\t<div class=\"first\"><span class='icon shortcode   use-hover' style='font-size:56px !important;color:#01b0f1;'>&#57780;<\/span><\/div>\n\t\t\t\t<div class=\"last\"><h3 style=\"text-align: center;\">COMPROVA\u00c7\u00c3O E DIVIS\u00c3O DE BENS<\/h3>\n<div class=\"push\" style='margin-bottom:-20px'><\/div>\n<div class=\"sep-2\"><\/div>\n<ul>\n<li>Planeamento e assessoria fiscal;<\/li>\n<li>Representa\u00e7\u00e3o dos herdeiros legais perante as autoridades;<\/li>\n<li>Pagamento de impostos relacionados;<\/li>\n<li>Transfer\u00eancia dos ativos;<\/li>\n<li>Em casos de div\u00f3rcio, preferimos recomendar colegas especialistas;<\/li>\n<\/ul><\/div>\n\t<\/div><\/div><\/div><\/div>\n<div class=\"wpv-grid grid-1-3  wpv-first-level unextended\" style=\"padding-top:0px;padding-bottom:0px\" id=\"wpv-column-abe7bc26fda7b4466a9d1e9d1ca7dca0\" ><div class=\"row \"><div class=\"wpv-grid grid-1-1  first unextended\" style=\"padding-top:0px;padding-bottom:0px\" id=\"wpv-column-60bbc66387da78f28a1f41de46d75e8d\" >\n<div  data-href=\"#elaboration\" tabindex=\"1\" data-target=\"_self\" class=\"linkarea clearfix   background-transparent\">\n\t\t\t<div class=\"first\"><span class='icon shortcode   use-hover' style='font-size:56px !important;color:#01b0f1;'>&#57780;<\/span><\/div>\n\t\t\t\t<div class=\"last\"><h3 style=\"text-align: center;\">ELABORA\u00c7\u00c3O DE TODO O TIPO DE CONTRATOS<\/h3>\n<div class=\"push\" style='margin-bottom:-20px'><\/div>\n<div class=\"sep-2\"><\/div>\n<ul>\n<li><span style=\"line-height: 1.5;\">Arrendamento;<\/span><\/li>\n<li><span style=\"line-height: 1.5;\">Cess\u00e3o de explora\u00e7\u00e3o;<\/span><\/li>\n<li><span style=\"line-height: 1.5;\">Empreitada;<\/span><\/li>\n<li><span style=\"line-height: 1.5;\">Comodato;<\/span><\/li>\n<li><span style=\"line-height: 1.5;\">Fian\u00e7a\/Penhor\/M\u00fatuo<\/span><\/li>\n<li><span style=\"line-height: 1.5;\">De uma forma geral, contratos civis e comerciais.<\/span><\/li>\n<\/ul><\/div>\n\t<\/div><\/div><\/div><\/div><\/div>\n<div class=\"row \"><div class=\"wpv-grid grid-1-3  wpv-first-level first unextended\" style=\"padding-top:0px;padding-bottom:0px\" id=\"wpv-column-1af529b83ef3f952412d5217c933bde3\" ><div class=\"row \"><div class=\"wpv-grid grid-1-1  first unextended\" style=\"padding-top:0px;padding-bottom:0px\" id=\"wpv-column-592e9bb13acbbeff8ec589dcd11d9e93\" >\n<div  data-href=\"#probate\" tabindex=\"1\" data-target=\"_self\" class=\"linkarea clearfix   background-transparent\">\n\t\t\t<div class=\"first\"><span class='icon shortcode   use-hover' style='font-size:56px !important;color:#01b0f1;'>&#57780;<\/span><\/div>\n\t\t\t\t<div class=\"last\"><h3 style=\"text-align: center;\">DOCUMENTA\u00c7\u00c3O E TRADU\u00c7\u00d5ES<\/h3>\n<div class=\"push\" style='margin-bottom:-20px'><\/div>\n<div class=\"sep-2\"><\/div>\nAtrav\u00e9s do Decreto-Lei n.\u00ba 116\/2008, de 4 de julho, os Advogados est\u00e3o autorizados a executar uma variedade de actos, anteriormente exclusivos dos not\u00e1rios.<br \/>\nNo nosso escrit\u00f3rio, fazemos, elaboramos:<\/p>\n<ul>\n<li>contratos de compra e venda de im\u00f3veis, de doa\u00e7\u00e3o, de permuta, etc (atrav\u00e9s de documento particular autenticado \u2013 DPA)<\/li>\n<li>Contratos de m\u00fatuo;<\/li>\n<li>Certifica\u00e7\u00f5es de documentos;<\/li>\n<li>Tradu\u00e7\u00f5es de documentos.<\/li>\n<\/ul><\/div>\n\t<\/div><\/div><\/div><\/div>\n<div class=\"wpv-grid grid-1-3  wpv-first-level unextended\" style=\"padding-top:0px;padding-bottom:0px\" id=\"wpv-column-1b2b7efb340f371ad082d71cf875a8ed\" ><div class=\"row \"><div class=\"wpv-grid grid-1-1  first unextended\" style=\"padding-top:0px;padding-bottom:0px\" id=\"wpv-column-501e024f4a71134bf4f25b5fb623aefd\" >\n<div  data-href=\"#golden\" tabindex=\"1\" data-target=\"_self\" class=\"linkarea clearfix   background-transparent\">\n\t\t\t<div class=\"first\"><span class='icon shortcode   use-hover' style='font-size:56px !important;color:#01b0f1;'>&#57780;<\/span><\/div>\n\t\t\t\t<div class=\"last\"><h3 style=\"text-align: center;\">GOLDEN VISA<\/h3>\n<div class=\"push\" style='margin-bottom:-20px'><\/div>\n<div class=\"sep-2\"><\/div>\nO Golden Visa \u00e9 uma modalidade de autoriza\u00e7\u00e3o de resid\u00eancia que permite a entrada e perman\u00eancia em territ\u00f3rio portugu\u00eas para fins de investimento com dispensa de visto de resid\u00eancia de cidad\u00e3os estrangeiros que pretendam investir em Portugal e que se encontra em vigor desde 2012.<\/p>\n<p>Aplica-se a todos os cidad\u00e3os nacionais de Estado Terceiro (fora da UE) por via de investimento numa das seguintes possibilidades:<\/p>\n<ul>\n<li>A aquisi\u00e7\u00e3o de bens im\u00f3veis de valor igual ou superior a 500 mil euros;<\/li>\n<li>Aquisi\u00e7\u00e3o de bens im\u00f3veis, cuja constru\u00e7\u00e3o tenha sido conclu\u00edda h\u00e1, pelo menos, 30 anos ou localizados em \u00e1rea de reabilita\u00e7\u00e3o urbana e realiza\u00e7\u00e3o de obras de reabilita\u00e7\u00e3o dos bens im\u00f3veis adquiridos, no montante global igual ou superior a 350 mil euros,<\/li>\n<\/ul>\n<p>Processamos e acompanhamos todo o processo de Golden Visa, seja no obten\u00e7\u00e3o inicial seja nas suas renova\u00e7\u00f5es.<br \/>\nFale conosco.<\/div>\n\t<\/div><\/div><\/div><\/div>\n<div class=\"wpv-grid grid-1-3  wpv-first-level unextended\" style=\"padding-top:0px;padding-bottom:0px\" id=\"wpv-column-47789ce2acfcac791eb9d71692b6ea41\" ><div class=\"row \"><div class=\"wpv-grid grid-1-1  first unextended\" style=\"padding-top:0px;padding-bottom:0px\" id=\"wpv-column-6744be38e720a07073319d7b6c023519\" >\n<div  data-href=\"#probate\" tabindex=\"1\" data-target=\"_self\" class=\"linkarea clearfix   background-transparent\">\n\t\t\t<div class=\"first\"><span class='icon shortcode   use-hover' style='font-size:56px !important;color:#01b0f1;'>&#57780;<\/span><\/div>\n\t\t\t\t<div class=\"last\"><h3 style=\"text-align: center;\">INVESTIMENTO IMOBILI\u00c1RIO e TUR\u00cdSTICO<\/h3>\n<div class=\"push\" style='margin-bottom:-20px'><\/div>\n<div class=\"sep-2\"><\/div>\nFornecemos consultoria e apoio jur\u00eddico para todos os vossos projectos na \u00e1rea imobili\u00e1ria e tur\u00edstica e atrav\u00e9s de uma rede de parceiros, tamb\u00e9m consultoria financeira, fiscal, de arquitectectura e gest\u00e3o de projecto, para garantir que os vossos projectos de investimento s\u00e3o vi\u00e1vel e executados de forma segura e objectiva.<\/div>\n\t<\/div><\/div><\/div><\/div><\/div>\n<div class=\"row \"><div class=\"wpv-grid grid-1-3  wpv-first-level first unextended\" style=\"padding-top:0px;padding-bottom:0px\" id=\"wpv-column-a31e8a97a75938c82fccd4b2075c3fa1\" ><div class=\"row \"><div class=\"wpv-grid grid-1-1  first unextended\" style=\"padding-top:0px;padding-bottom:0px\" id=\"wpv-column-ac23cdc6b85356bc2f98f87eb71445ea\" >\n<div  data-href=\"#construction\" tabindex=\"1\" data-target=\"_self\" class=\"linkarea clearfix   background-transparent\">\n\t\t\t<div class=\"first\"><span class='icon shortcode   use-hover' style='font-size:56px !important;color:#01b0f1;'>&#57780;<\/span><\/div>\n\t\t\t\t<div class=\"last\"><h3 style=\"text-align: center;\">CONSTRU\u00c7\u00c3O E LEGALIZA\u00c7\u00c3O<\/h3>\n<div class=\"push\" style='margin-bottom:-20px'><\/div>\n<div class=\"sep-2\"><\/div>\n<ul>\n<li>Se pretende contruir ou reabilitar \u00e9 importante que tenha os melhores parceiros.<\/li>\n<li>\u00c9 importante antes de mais saber o que pode ou n\u00e3o construir e em que moldes;<\/li>\n<li>Pode construir num determinado terreno? Ou reconstruir uma ru\u00edna?<\/li>\n<li>Ser\u00e1 que o terreno se encontra em \u00e1rea protegida?<\/li>\n<li>Reserva agr\u00edcola? Reserva ecol\u00f3gica? Outras condicionantes?<\/li>\n<li>Cada projecto apresenta especificidades que precisa conhecer, antes de se comprometer<br \/>\nDirectamente, ou atrav\u00e9s da nossa rede de parceiros especializados, fazemos essa pesquisa para si.<\/li>\n<\/ul>\n<p>Depois de clarificados todos os pontos, fazemos o acompanhamento do processo, seja na fase jur\u00eddica, seja ao n\u00edvel de projecto.<\/div>\n\t<\/div><\/div><\/div><\/div>\n<div class=\"wpv-grid grid-1-3  wpv-first-level unextended\" style=\"padding-top:0px;padding-bottom:0px\" id=\"wpv-column-c7059b8deafe39814d8500c8a0a400c3\" ><div class=\"row \"><div class=\"wpv-grid grid-1-1  first unextended\" style=\"padding-top:0px;padding-bottom:0px\" id=\"wpv-column-298553e58fdba4d461c641d998b90213\" >\n<div  data-href=\"#probate\" tabindex=\"1\" data-target=\"_self\" class=\"linkarea clearfix   background-transparent\">\n\t\t\t<div class=\"first\"><span class='icon shortcode   use-hover' style='font-size:56px !important;color:#01b0f1;'>&#57780;<\/span><\/div>\n\t\t\t\t<div class=\"last\"><h3 style=\"text-align: center;\">HABILITA\u00c7\u00c3O E PARTILHAS<\/h3>\n<div class=\"push\" style='margin-bottom:-20px'><\/div>\n<div class=\"sep-2\"><\/div>\nAp\u00f3s o falecimento \u00e9 obrigat\u00f3rio participar os bens \u00e0 autoridade tribut\u00e1ria e indicar quem s\u00e3o os herdeiros legais.<br \/>\nQuer haja testamento ou n\u00e3o e seja qual for a nacionalidade do falecido o nosso escrit\u00f3rio est\u00e1 habilitado a executar todos os procedimentos legais e, quando pretendido, a proceder \u00e0 partilha dos bens.<\/div>\n\t<\/div><\/div><\/div><\/div>\n<div class=\"wpv-grid grid-1-3  wpv-first-level unextended\" style=\"padding-top:0px;padding-bottom:0px\" id=\"wpv-column-1e799478e9e25f102114c3fe6397caad\" ><div class=\"row \"><div class=\"wpv-grid grid-1-1  first unextended\" style=\"padding-top:0px;padding-bottom:0px\" id=\"wpv-column-c83c4b04e9c6279f809fe7b60eaa6253\" >\n<div  data-href=\"#urbanism\" tabindex=\"1\" data-target=\"_self\" class=\"linkarea clearfix   background-transparent\">\n\t\t\t<div class=\"first\"><span class='icon shortcode   use-hover' style='font-size:56px !important;color:#01b0f1;'>&#57780;<\/span><\/div>\n\t\t\t\t<div class=\"last\"><h3 style=\"text-align: center;\">DIREITO DO URBANISMO E ADMINISTRATIVO<\/h3>\n<div class=\"push\" style='margin-bottom:-20px'><\/div>\n<div class=\"sep-2\"><\/div>\n<ul>\n<li>Todos os assuntos relacionados com Administra\u00e7\u00e3o p\u00fablica, local e regional;<\/li>\n<li>requerimentos\/exposi\u00e7\u00f5es, reclama\u00e7\u00f5es<\/li>\n<li>Acompanhamento em reuni\u00f5es;<\/li>\n<li>Coordena\u00e7\u00e3o e trabalho conjunto com outros t\u00e9cnicos na prepara\u00e7\u00e3o de projectos urban\u00edsticos.<\/li>\n<\/ul><\/div>\n\t<\/div><\/div><\/div><\/div><\/div>\n<div class=\"row \"><div class=\"wpv-grid grid-1-3  wpv-first-level first unextended\" style=\"padding-top:0px;padding-bottom:0px\" id=\"wpv-column-78d5bd63948a106f3227f66f27a9ce0e\" ><div class=\"row \"><div class=\"wpv-grid grid-1-1  first unextended\" style=\"padding-top:0px;padding-bottom:0px\" id=\"wpv-column-75156559a74a093210b11eb416ba1b46\" >\n<div  data-href=\"#probate\" tabindex=\"1\" data-target=\"_self\" class=\"linkarea clearfix   background-transparent\">\n\t\t\t<div class=\"first\"><span class='icon shortcode   use-hover' style='font-size:56px !important;color:#01b0f1;'>&#57780;<\/span><\/div>\n\t\t\t\t<div class=\"last\"><h3 style=\"text-align: center;\">RESIDENTE N\u00c3O HABITUAL<\/h3>\n<div class=\"push\" style='margin-bottom:-20px'><\/div>\n<div class=\"sep-2\"><\/div>\nO plano de residente n\u00e3o habitual, \u00e9 um regime fiscal especialmente criado para melhorar a competitividade internacional de Portugal a quem pretenda estabelecer resid\u00eancia permanente ou tempor\u00e1ria em Portugal.<\/p>\n<p>O plano de residente n\u00e3o habitual \u00e9 um sistema tribut\u00e1rio, o que significa que os seus efeitos s\u00f3 ocorrem sobre os rendimentos do candidato. O plano \u00e9 pessoal e intransfer\u00edvel.<\/p>\n<p>Este regime especial prev\u00ea, em princ\u00edpio, uma isen\u00e7\u00e3o da maioria dos rendimentos de origem estrangeira do candidato e \u00e9 aplic\u00e1vel por 10 anos<\/div>\n\t<\/div><\/div><\/div><\/div>\n<div class=\"wpv-grid grid-1-3  wpv-first-level unextended\" style=\"padding-top:0px;padding-bottom:0px\" id=\"wpv-column-f9ae3c8ce3aedb39afc87786f0455c0a\" ><div class=\"row \"><div class=\"wpv-grid grid-1-1  first unextended\" style=\"padding-top:0px;padding-bottom:0px\" id=\"wpv-column-7181343db68a4b735e3343834d8f67aa\" >\n<div  data-href=\"#incorporation\" tabindex=\"1\" data-target=\"_self\" class=\"linkarea clearfix   background-transparent\">\n\t\t\t<div class=\"first\"><span class='icon shortcode   use-hover' style='font-size:56px !important;color:#01b0f1;'>&#57780;<\/span><\/div>\n\t\t\t\t<div class=\"last\"><h3 style=\"text-align: center;\">INCORPORA\u00c7\u00c3O DE EMPRESAS<\/h3>\n<div class=\"push\" style='margin-bottom:-20px'><\/div>\n<div class=\"sep-2\"><\/div>\n<ul>\n<li>Prepara\u00e7\u00e3o e plaejamento jur\u00eddico e fiscal;<\/li>\n<li>Coordena\u00e7\u00e3o com contabilistas certificados;<\/li>\n<li>Constitui\u00e7\u00e3o de empresas portuguesas ou estrangeiras com domic\u00edlio;<\/li>\n<li>Coordena\u00e7\u00e3o com empresas offshore e n\u00e3o residentes.<\/li>\n<\/ul>\n<div class=\"push\" style='height:20px'><\/div><\/div>\n\t<\/div><\/div><\/div><\/div>\n<div class=\"wpv-grid grid-1-3  wpv-first-level unextended\" style=\"padding-top:0px;padding-bottom:0px\" id=\"wpv-column-721c9c8feb57e306d21dec7a280b3390\" ><div class=\"row \"><div class=\"wpv-grid grid-1-1  first unextended\" style=\"padding-top:0px;padding-bottom:0px\" id=\"wpv-column-5bb87dd713517c91099bc924f0139f10\" >\n<div  data-href=\"#wills\" tabindex=\"1\" data-target=\"_self\" class=\"linkarea clearfix   background-transparent\">\n\t\t\t<div class=\"first\"><span class='icon shortcode   use-hover' style='font-size:56px !important;color:#01b0f1;'>&#57780;<\/span><\/div>\n\t\t\t\t<div class=\"last\"><h3 style=\"text-align: center;\">TESTAMENTOS<\/h3>\n<div class=\"push\" style='margin-bottom:-20px'><\/div>\n<div class=\"sep-2\"><\/div>\n<ul>\n<li>Planeamento das melhores op\u00e7\u00f5es;<\/li>\n<li>Prepara\u00e7\u00e3o;<\/li>\n<li>Disponibiliza\u00e7\u00e3o de testemunhas;<\/li>\n<li>Acompanhamento pessoal em todo o processo;<\/li>\n<li>Arquivo de documento em cofre<\/li>\n<\/ul><\/div>\n\t<\/div><\/div><\/div><\/div><\/div>\n<div class=\"row \"><div class=\"wpv-grid grid-1-1  wpv-first-level first unextended\" style=\"padding-top:0px;padding-bottom:0px\" id=\"wpv-column-de72f9833bf8597e50776fdb5c0a9f4c\" ><p style=\"text-align: center;\"><span class=\"vamtam-font-style-1 with-color\">\u201cA vontade de vencer, o desejo de ter sucesso, o desejo de atingir O seu potencial m\u00e1ximo &#8230; essas s\u00e3o as chaves que abrir\u00e3o a porta para a excel\u00eancia pessoal.\u201d<\/span><\/p>\n<p style=\"text-align: center;\">Confucius <div class=\"push\" style='height:10px'><\/div>\n<p style=\"text-align: center;\"><div class=\"push\" style='height:70px'><\/div><\/div><\/div>\n<div class=\"row \"><div class=\"wpv-grid grid-1-1  wpv-first-level first unextended\" style=\"padding-top:0px;padding-bottom:0px\" id=\"wpv-column-ed7ab4c292fcc2d2ba4128885c8b5116\" ><div class=\"services has-more \" id=\"wpv-expandable-e11d7cf064ec5c4bcdc83788755b6b4d\">\n\t<div class=\"closed services-inside\">\n\t\t<div class=\"services-content-wrapper clearfix\">\n\t\t\t\n\t\t\t\t\t\t\n\n\t\t<\/div>\n\t<\/div>\n\t<div class=\"open services-inside\">\n\t\t<div class=\"services-content-wrapper\">\n\t\t\t<div class=\"row\">\n\t\t\t\t\n\t\t\t<\/div>\n\t\t<\/div>\n\t<\/div>\n<\/div>\n<style scoped>#wpv-expandable-e11d7cf064ec5c4bcdc83788755b6b4d .open{background:#01b0f1;}#wpv-expandable-e11d7cf064ec5c4bcdc83788755b6b4d .open,#wpv-expandable-e11d7cf064ec5c4bcdc83788755b6b4d .open p,#wpv-expandable-e11d7cf064ec5c4bcdc83788755b6b4d .open .sep-text h2.regular-title-wrapper,#wpv-expandable-e11d7cf064ec5c4bcdc83788755b6b4d .open .text-divider-double,#wpv-expandable-e11d7cf064ec5c4bcdc83788755b6b4d .open .sep-text .sep-text-line,#wpv-expandable-e11d7cf064ec5c4bcdc83788755b6b4d .open .sep,#wpv-expandable-e11d7cf064ec5c4bcdc83788755b6b4d .open .sep-2,#wpv-expandable-e11d7cf064ec5c4bcdc83788755b6b4d .open .sep-3,#wpv-expandable-e11d7cf064ec5c4bcdc83788755b6b4d .open h1,#wpv-expandable-e11d7cf064ec5c4bcdc83788755b6b4d .open h2,#wpv-expandable-e11d7cf064ec5c4bcdc83788755b6b4d .open h3,#wpv-expandable-e11d7cf064ec5c4bcdc83788755b6b4d .open h4,#wpv-expandable-e11d7cf064ec5c4bcdc83788755b6b4d .open h5,#wpv-expandable-e11d7cf064ec5c4bcdc83788755b6b4d .open h6,#wpv-expandable-e11d7cf064ec5c4bcdc83788755b6b4d .open td,#wpv-expandable-e11d7cf064ec5c4bcdc83788755b6b4d .open th,#wpv-expandable-e11d7cf064ec5c4bcdc83788755b6b4d .open caption{color:#f2fbff;}<\/style>\n<\/div><\/div>\n","protected":false},"excerpt":{"rendered":"<p>\u201cA vontade de vencer, o desejo de ter sucesso, o desejo de atingir O seu potencial m\u00e1ximo &#8230; essas s\u00e3o as chaves que abrir\u00e3o a porta para a excel\u00eancia pessoal.\u201d Confucius<\/p>\n","protected":false},"author":1,"featured_media":0,"parent":0,"menu_order":0,"comment_status":"closed","ping_status":"open","template":"","meta":[],"yoast_head":"<!-- This site is optimized with the Yoast SEO plugin v21.0 - https:\/\/yoast.com\/wordpress\/plugins\/seo\/ -->\n<title>Especialidades - Lawyer Algarve Cristina Marcelino - office in Lagos<\/title>\n<meta name=\"description\" content=\"Buying and Selling properties, Wills, Elaboration of all types of contracts, Probate and Division of assepts, Urbanism and Administrative matters,...\" \/>\n<meta name=\"robots\" content=\"index, follow, max-snippet:-1, max-image-preview:large, max-video-preview:-1\" \/>\n<link rel=\"canonical\" href=\"https:\/\/lawyeralgarve.com\/pt-pt\/especialidades\/\" \/>\n<meta property=\"og:locale\" content=\"pt_PT\" \/>\n<meta property=\"og:type\" content=\"article\" \/>\n<meta property=\"og:title\" content=\"Especialidades - Lawyer Algarve Cristina Marcelino - office in Lagos\" \/>\n<meta property=\"og:description\" content=\"Buying and Selling properties, Wills, Elaboration of all types of contracts, Probate and Division of assepts, Urbanism and Administrative matters,...\" \/>\n<meta property=\"og:url\" content=\"https:\/\/lawyeralgarve.com\/pt-pt\/especialidades\/\" \/>\n<meta property=\"og:site_name\" content=\"Lawyer Algarve\" \/>\n<meta property=\"article:modified_time\" content=\"2024-01-29T10:36:11+00:00\" \/>\n<meta name=\"twitter:card\" content=\"summary_large_image\" \/>\n<meta name=\"twitter:label1\" content=\"Tempo estimado de leitura\" \/>\n\t<meta name=\"twitter:data1\" content=\"6 minutos\" \/>\n<script type=\"application\/ld+json\" class=\"yoast-schema-graph\">{\"@context\":\"https:\/\/schema.org\",\"@graph\":[{\"@type\":\"WebPage\",\"@id\":\"https:\/\/lawyeralgarve.com\/pt-pt\/especialidades\/\",\"url\":\"https:\/\/lawyeralgarve.com\/pt-pt\/especialidades\/\",\"name\":\"Especialidades - Lawyer Algarve Cristina Marcelino - office in Lagos\",\"isPartOf\":{\"@id\":\"https:\/\/lawyeralgarve.com\/#website\"},\"datePublished\":\"2014-07-04T10:06:07+00:00\",\"dateModified\":\"2024-01-29T10:36:11+00:00\",\"description\":\"Buying and Selling properties, Wills, Elaboration of all types of contracts, Probate and Division of assepts, Urbanism and Administrative matters,...\",\"breadcrumb\":{\"@id\":\"https:\/\/lawyeralgarve.com\/pt-pt\/especialidades\/#breadcrumb\"},\"inLanguage\":\"pt-PT\",\"potentialAction\":[{\"@type\":\"ReadAction\",\"target\":[\"https:\/\/lawyeralgarve.com\/pt-pt\/especialidades\/\"]}]},{\"@type\":\"BreadcrumbList\",\"@id\":\"https:\/\/lawyeralgarve.com\/pt-pt\/especialidades\/#breadcrumb\",\"itemListElement\":[{\"@type\":\"ListItem\",\"position\":1,\"name\":\"Home\",\"item\":\"https:\/\/lawyeralgarve.com\/pt-pt\/\"},{\"@type\":\"ListItem\",\"position\":2,\"name\":\"Especialidades\"}]},{\"@type\":\"WebSite\",\"@id\":\"https:\/\/lawyeralgarve.com\/#website\",\"url\":\"https:\/\/lawyeralgarve.com\/\",\"name\":\"Lawyer Algarve\",\"description\":\"We are a Law Office, based in Lagos, We cover the whole Algarve\",\"potentialAction\":[{\"@type\":\"SearchAction\",\"target\":{\"@type\":\"EntryPoint\",\"urlTemplate\":\"https:\/\/lawyeralgarve.com\/?s={search_term_string}\"},\"query-input\":\"required name=search_term_string\"}],\"inLanguage\":\"pt-PT\"}]}<\/script>\n<!-- \/ Yoast SEO plugin. -->","yoast_head_json":{"title":"Especialidades - Lawyer Algarve Cristina Marcelino - office in Lagos","description":"Buying and Selling properties, Wills, Elaboration of all types of contracts, Probate and Division of assepts, Urbanism and Administrative matters,...","robots":{"index":"index","follow":"follow","max-snippet":"max-snippet:-1","max-image-preview":"max-image-preview:large","max-video-preview":"max-video-preview:-1"},"canonical":"https:\/\/lawyeralgarve.com\/pt-pt\/especialidades\/","og_locale":"pt_PT","og_type":"article","og_title":"Especialidades - Lawyer Algarve Cristina Marcelino - office in Lagos","og_description":"Buying and Selling properties, Wills, Elaboration of all types of contracts, Probate and Division of assepts, Urbanism and Administrative matters,...","og_url":"https:\/\/lawyeralgarve.com\/pt-pt\/especialidades\/","og_site_name":"Lawyer Algarve","article_modified_time":"2024-01-29T10:36:11+00:00","twitter_card":"summary_large_image","twitter_misc":{"Tempo estimado de leitura":"6 minutos"},"schema":{"@context":"https:\/\/schema.org","@graph":[{"@type":"WebPage","@id":"https:\/\/lawyeralgarve.com\/pt-pt\/especialidades\/","url":"https:\/\/lawyeralgarve.com\/pt-pt\/especialidades\/","name":"Especialidades - Lawyer Algarve Cristina Marcelino - office in Lagos","isPartOf":{"@id":"https:\/\/lawyeralgarve.com\/#website"},"datePublished":"2014-07-04T10:06:07+00:00","dateModified":"2024-01-29T10:36:11+00:00","description":"Buying and Selling properties, Wills, Elaboration of all types of contracts, Probate and Division of assepts, Urbanism and Administrative matters,...","breadcrumb":{"@id":"https:\/\/lawyeralgarve.com\/pt-pt\/especialidades\/#breadcrumb"},"inLanguage":"pt-PT","potentialAction":[{"@type":"ReadAction","target":["https:\/\/lawyeralgarve.com\/pt-pt\/especialidades\/"]}]},{"@type":"BreadcrumbList","@id":"https:\/\/lawyeralgarve.com\/pt-pt\/especialidades\/#breadcrumb","itemListElement":[{"@type":"ListItem","position":1,"name":"Home","item":"https:\/\/lawyeralgarve.com\/pt-pt\/"},{"@type":"ListItem","position":2,"name":"Especialidades"}]},{"@type":"WebSite","@id":"https:\/\/lawyeralgarve.com\/#website","url":"https:\/\/lawyeralgarve.com\/","name":"Lawyer Algarve","description":"We are a Law Office, based in Lagos, We cover the whole Algarve","potentialAction":[{"@type":"SearchAction","target":{"@type":"EntryPoint","urlTemplate":"https:\/\/lawyeralgarve.com\/?s={search_term_string}"},"query-input":"required name=search_term_string"}],"inLanguage":"pt-PT"}]}},"_links":{"self":[{"href":"https:\/\/lawyeralgarve.com\/pt-pt\/wp-json\/wp\/v2\/pages\/10338"}],"collection":[{"href":"https:\/\/lawyeralgarve.com\/pt-pt\/wp-json\/wp\/v2\/pages"}],"about":[{"href":"https:\/\/lawyeralgarve.com\/pt-pt\/wp-json\/wp\/v2\/types\/page"}],"author":[{"embeddable":true,"href":"https:\/\/lawyeralgarve.com\/pt-pt\/wp-json\/wp\/v2\/users\/1"}],"replies":[{"embeddable":true,"href":"https:\/\/lawyeralgarve.com\/pt-pt\/wp-json\/wp\/v2\/comments?post=10338"}],"version-history":[{"count":13,"href":"https:\/\/lawyeralgarve.com\/pt-pt\/wp-json\/wp\/v2\/pages\/10338\/revisions"}],"predecessor-version":[{"id":10450,"href":"https:\/\/lawyeralgarve.com\/pt-pt\/wp-json\/wp\/v2\/pages\/10338\/revisions\/10450"}],"wp:attachment":[{"href":"https:\/\/lawyeralgarve.com\/pt-pt\/wp-json\/wp\/v2\/media?parent=10338"}],"curies":[{"name":"wp","href":"https:\/\/api.w.org\/{rel}","templated":true}]}}