{"id":10393,"date":"2014-07-04T23:25:06","date_gmt":"2014-07-04T23:25:06","guid":{"rendered":"https:\/\/lawyeralgarve.com\/qa\/"},"modified":"2025-01-28T10:19:22","modified_gmt":"2025-01-28T10:19:22","slug":"qa","status":"publish","type":"page","link":"https:\/\/lawyeralgarve.com\/pt-pt\/qa\/","title":{"rendered":"PERGUNTAS &amp; RESPOSTAS"},"content":{"rendered":"\t\t<h2 class=\"text-divider-double\">\t\t\t\nENCONTRE ABAIXO AS RESPOSTAS \u00c0S SUAS PERGUNTAS:\t\t<\/h2>\t\t<div class=\"sep\"><\/div>\t\n<div class=\"push\" style='height:10px'><\/div>\n<div class=\"row \"><div class=\"wpv-grid grid-5-6  wpv-first-level first unextended\" style=\"padding-top:0px;padding-bottom:0px\" id=\"wpv-column-0a311aee1922bdfc9774288a0b8fba35\" ><div class=\"clearfix dropcap-wrapper\"><div class=\"dropcap-left\"><span class='dropcap1 '>Q<\/span><\/div><div class=\"dropcap-text\">Eu n\u00e3o tenho os meus documentos de propriedade? Pode me conseguir uma c\u00f3pia?<\/div> <\/div>\n<div class=\"push\" style='height:20px'><\/div> <span class='dropcap1 '>A<\/span>Sim. N\u00f3s podemos obter todos os seus documentos de propriedade e obter c\u00f3pias autenticadas;<\/div><\/div>\n<div class=\"sep-3\"><\/div>\n<div class=\"row \"><div class=\"wpv-grid grid-5-6  wpv-first-level first unextended\" style=\"padding-top:0px;padding-bottom:0px\" id=\"wpv-column-ef66142bbf82c309ab1f9db4e3c14e39\" ><div class=\"clearfix dropcap-wrapper\"><div class=\"dropcap-left\"><span class='dropcap1 '>Q<\/span><\/div><div class=\"dropcap-text\">Eu n\u00e3o estou em Portugal. Posso comprar um im\u00f3vel, a partir do estrangeiro?<\/div> <\/div>\n<div class=\"clearboth\"><\/div> <div class=\"push\" style='height:20px'><\/div> <span class='dropcap1 '>A<\/span>Sim. Tudo o que precisamos \u00e9 de uma procura\u00e7\u00e3o (cujo modelo lhe enviamos) e suas instru\u00e7\u00f5es para poder prossiguir e represent\u00e1-lo atrav\u00e9s de todo o processo.<\/div><\/div>\n<div class=\"sep-3\"><\/div>\n<div class=\"row \"><div class=\"wpv-grid grid-5-6  wpv-first-level first unextended\" style=\"padding-top:0px;padding-bottom:0px\" id=\"wpv-column-ed47b35bf7df3b1872d02f615c80822b\" ><div class=\"clearfix dropcap-wrapper\"><div class=\"dropcap-left\"><span class='dropcap1 '>Q<\/span><\/div><div class=\"dropcap-text\">Eu estou a vender a minha propriedade em Portugal. Posso ser pago em minha pr\u00f3pria moeda (por exemplo, Libras)?<\/div> <\/div>\n<div class=\"clearboth\"><\/div> <div class=\"push\" style='height:20px'><\/div> <span class='dropcap1 '>A<\/span>Sim. N\u00f3s podemos arranjar para que todos os pagamentos sejam feitos para a conta que quiser no estrangeiro.<\/div><\/div>\n<div class=\"sep-3\"><\/div>\n<div class=\"row \"><div class=\"wpv-grid grid-5-6  wpv-first-level first unextended\" style=\"padding-top:0px;padding-bottom:0px\" id=\"wpv-column-d96ca56a9e228b3b7293a901127078db\" ><div class=\"clearfix dropcap-wrapper\"><div class=\"dropcap-left\"><span class='dropcap1 '>Q<\/span><\/div><div class=\"dropcap-text\">Eu tenho uma propriedade em Portugal. Ser\u00e1 que \u00e9 conveniente fazer um testamento em Portugal?<\/div> <\/div>\n<div class=\"clearboth\"><\/div> <div class=\"push\" style='height:20px'><\/div> <span class='dropcap1 '>A<\/span>\u00c9 recomend\u00e1vel. Sem um testamento v\u00e1lido em Portugal  ap\u00f3s a morte, poder\u00edamos ter um conflito de leis. (Entre a lei dos bens  e  a lei pessoal). Com um testamento n Portugal fica claro que lei aplicar e os desejos do testador, economizando tempo e dinheiro.<\/div><\/div>\n<div class=\"sep-3\"><\/div>\n<div class=\"row \"><div class=\"wpv-grid grid-5-6  wpv-first-level first unextended\" style=\"padding-top:0px;padding-bottom:0px\" id=\"wpv-column-882f4316fe1fb2991524abfeb8416856\" ><div class=\"clearfix dropcap-wrapper\"><div class=\"dropcap-left\"><span class='dropcap1 '>Q<\/span><\/div><div class=\"dropcap-text\">Que garantias tenho que uma propriedade pertence \u00e0 pessoa que a est\u00e1 a vender? <\/div> <\/div>\n<div class=\"clearboth\"><\/div> <div class=\"push\" style='height:20px'><\/div> <span class='dropcap1 '>A<\/span>Em Portugal todos os im\u00f3veis  (urbanos ou r\u00fasticos) t\u00eam de estar  registados. Se n\u00e3o estiverem registrados n\u00e3o podem ser vendidos\/comprados; Este registo (que \u00e9 p\u00fablico e nacional) vai dizer-nos que s\u00e3o os actuais donos.<\/div><\/div>\n<div class=\"sep-3\"><\/div>\n<div class=\"row \"><div class=\"wpv-grid grid-5-6  wpv-first-level first unextended\" style=\"padding-top:0px;padding-bottom:0px\" id=\"wpv-column-74bf8e9bd9620bab65bc46ba616a1e35\" ><div class=\"clearfix dropcap-wrapper\"><div class=\"dropcap-left\"><span class='dropcap1 '>Q<\/span><\/div><div class=\"dropcap-text\">Como posso saber se existe uma hipoteca ou encargo sobre uma propriedade?<\/div> <\/div>\n<div class=\"clearboth\"><\/div> <div class=\"push\" style='height:20px'><\/div> <span class='dropcap1 '>A<\/span>O mesmo registo p\u00fablico diz-nos se existem ou n\u00e3o hipotecas ou outros encargos.<\/div><\/div>\n<div class=\"sep-3\"><\/div>\n<div class=\"row \"><div class=\"wpv-grid grid-5-6  wpv-first-level first unextended\" style=\"padding-top:0px;padding-bottom:0px\" id=\"wpv-column-e253296fed1f7b4bb49e7685face1dc1\" ><div class=\"clearfix dropcap-wrapper\"><div class=\"dropcap-left\"><span class='dropcap1 '>Q<\/span><\/div><div class=\"dropcap-text\">Como posso fazer ter a certeza que ao comprar n\u00e3o haver\u00e1 hipotecas etc?<\/div> <\/div>\n<div class=\"clearboth\"><\/div> <div class=\"push\" style='height:20px'><\/div> <span class='dropcap1 '>A<\/span>Essa \u00e9 exatamente uma das nossas obriga\u00e7\u00f5es e responsabilidades;  Antes da conclus\u00e3o do neg\u00f3cio certificamo-nos que n\u00e3o existem hipotecas, ou foram devidamente canceladas e\/ou pagas.<br \/>\nQuando se trata de impostos ou custos de condom\u00ednio obtemos igualmente um certificado de aus\u00eancia de d\u00edvidas.<\/div><\/div>\n<div class=\"push\" style='height:120px'><\/div>\n<div class=\"row \"><div class=\"wpv-grid grid-1-1  wpv-first-level first has-background extended\" style=\"background-color:#EFEFEF;padding-top:20px;padding-bottom:10px\" id=\"wpv-column-df2a6634b2866aad49306f2c95a23ea8\" ><div class=\"extended-column-inner\"><style>#wpv-column-df2a6634b2866aad49306f2c95a23ea8 p,#wpv-column-df2a6634b2866aad49306f2c95a23ea8 em,#wpv-column-df2a6634b2866aad49306f2c95a23ea8 .column-title,#wpv-column-df2a6634b2866aad49306f2c95a23ea8 .sep-text h2.regular-title-wrapper,#wpv-column-df2a6634b2866aad49306f2c95a23ea8 .text-divider-double,#wpv-column-df2a6634b2866aad49306f2c95a23ea8 .sep-text .sep-text-line,#wpv-column-df2a6634b2866aad49306f2c95a23ea8 .sep,#wpv-column-df2a6634b2866aad49306f2c95a23ea8 .sep-2,#wpv-column-df2a6634b2866aad49306f2c95a23ea8 .sep-3,#wpv-column-df2a6634b2866aad49306f2c95a23ea8 td,#wpv-column-df2a6634b2866aad49306f2c95a23ea8 th,#wpv-column-df2a6634b2866aad49306f2c95a23ea8 caption{color:#707070;}#wpv-column-df2a6634b2866aad49306f2c95a23ea8:before{background-color:transparent;}<\/style><div class=\"row \"><div class=\"wpv-grid grid-1-1  first unextended\" style=\"padding-top:0px;padding-bottom:0px\" id=\"wpv-column-108e7f7b4b82c145d2da38b96f97e285\" ><h4 style=\"text-align: center;\"><span class=\"accent-4\">\u2013 SOLICITAR UMA CONSULTA \u2013<\/span><\/h4>\n<div class=\"push\" style='height:10px'><\/div><\/div><\/div>\n<div class=\"row \"><div class=\"wpv-grid grid-1-1  first unextended animation-fade-in animated-active\" style=\"padding-top:0px;padding-bottom:0px\" id=\"wpv-column-a941bce5a2a34f5904b5b4bb0a90baaa\" ><p>\n<div class=\"wpcf7 no-js\" id=\"wpcf7-f9678-o1\" lang=\"pt-PT\" dir=\"ltr\">\n<div class=\"screen-reader-response\"><p role=\"status\" aria-live=\"polite\" aria-atomic=\"true\"><\/p> <ul><\/ul><\/div>\n<form action=\"\/pt-pt\/wp-json\/wp\/v2\/pages\/10393#wpcf7-f9678-o1\" method=\"post\" class=\"wpcf7-form init\" aria-label=\"Formul\u00e1rio de contacto\" novalidate=\"novalidate\" data-status=\"init\">\n<div style=\"display: none;\">\n<input type=\"hidden\" name=\"_wpcf7\" value=\"9678\" \/>\n<input type=\"hidden\" name=\"_wpcf7_version\" value=\"5.8.6\" \/>\n<input type=\"hidden\" name=\"_wpcf7_locale\" value=\"pt_PT\" \/>\n<input type=\"hidden\" name=\"_wpcf7_unit_tag\" value=\"wpcf7-f9678-o1\" \/>\n<input type=\"hidden\" name=\"_wpcf7_container_post\" value=\"0\" \/>\n<input type=\"hidden\" name=\"_wpcf7_posted_data_hash\" value=\"\" \/>\n<input type=\"hidden\" name=\"_wpcf7_recaptcha_response\" value=\"\" \/>\n<\/div>\n<p>Your Name (required)\n<\/p>\n<p><span class=\"wpcf7-form-control-wrap\" data-name=\"your-name\"><input size=\"40\" class=\"wpcf7-form-control wpcf7-text wpcf7-validates-as-required\" aria-required=\"true\" aria-invalid=\"false\" value=\"\" type=\"text\" name=\"your-name\" \/><\/span>\n<\/p>\n<p>Your Email (required)\n<\/p>\n<p><span class=\"wpcf7-form-control-wrap\" data-name=\"your-email\"><input size=\"40\" class=\"wpcf7-form-control wpcf7-email wpcf7-validates-as-required wpcf7-text wpcf7-validates-as-email\" aria-required=\"true\" aria-invalid=\"false\" value=\"\" type=\"email\" name=\"your-email\" \/><\/span>\n<\/p>\n<p>Subject\n<\/p>\n<p><span class=\"wpcf7-form-control-wrap\" data-name=\"your-subject\"><input size=\"40\" class=\"wpcf7-form-control wpcf7-text\" aria-invalid=\"false\" value=\"\" type=\"text\" name=\"your-subject\" \/><\/span>\n<\/p>\n<p>Your Message\n<\/p>\n<p><span class=\"wpcf7-form-control-wrap\" data-name=\"your-message\"><textarea cols=\"40\" rows=\"10\" class=\"wpcf7-form-control wpcf7-textarea\" aria-invalid=\"false\" name=\"your-message\"><\/textarea><\/span>\n<\/p>\n<p><input class=\"wpcf7-form-control wpcf7-submit has-spinner\" type=\"submit\" value=\"Send\" \/>\n<\/p><div class=\"wpcf7-response-output\" aria-hidden=\"true\"><\/div>\n<\/form>\n<\/div>\n<\/div><\/div><\/div><\/div><\/div>\n","protected":false},"excerpt":{"rendered":"<p>Sim. N\u00f3s podemos obter todos os seus documentos de propriedade e obter c\u00f3pias autenticadas; Sim. Tudo o que precisamos \u00e9 de uma procura\u00e7\u00e3o (cujo modelo lhe enviamos) e suas instru\u00e7\u00f5es para poder prossiguir e represent\u00e1-lo atrav\u00e9s de todo o processo. Sim. N\u00f3s podemos arranjar para que todos os pagamentos sejam feitos para a conta que&#8230;<\/p>\n","protected":false},"author":1,"featured_media":0,"parent":0,"menu_order":0,"comment_status":"closed","ping_status":"open","template":"","meta":[],"yoast_head":"<!-- This site is optimized with the Yoast SEO plugin v21.0 - https:\/\/yoast.com\/wordpress\/plugins\/seo\/ -->\n<title>PERGUNTAS &amp; RESPOSTAS - Lawyer Algarve<\/title>\n<meta name=\"description\" content=\"Encontre as suas perguntas e respostas no nosso site ou solicite uma consulta. N\u00e3o estou em Portugal. Posso comprar um im\u00f3vel, a partir do estrangeiro? Visite o nosso site.\" \/>\n<meta name=\"robots\" content=\"index, follow, max-snippet:-1, max-image-preview:large, max-video-preview:-1\" \/>\n<link rel=\"canonical\" href=\"https:\/\/lawyeralgarve.com\/pt-pt\/qa\/\" \/>\n<meta property=\"og:locale\" content=\"pt_PT\" \/>\n<meta property=\"og:type\" content=\"article\" \/>\n<meta property=\"og:title\" content=\"PERGUNTAS &amp; RESPOSTAS - Lawyer Algarve\" \/>\n<meta property=\"og:description\" content=\"Encontre as suas perguntas e respostas no nosso site ou solicite uma consulta. N\u00e3o estou em Portugal. Posso comprar um im\u00f3vel, a partir do estrangeiro? Visite o nosso site.\" \/>\n<meta property=\"og:url\" content=\"https:\/\/lawyeralgarve.com\/pt-pt\/qa\/\" \/>\n<meta property=\"og:site_name\" content=\"Lawyer Algarve\" \/>\n<meta property=\"article:modified_time\" content=\"2025-01-28T10:19:22+00:00\" \/>\n<meta name=\"twitter:card\" content=\"summary_large_image\" \/>\n<meta name=\"twitter:label1\" content=\"Tempo estimado de leitura\" \/>\n\t<meta name=\"twitter:data1\" content=\"3 minutos\" \/>\n<script type=\"application\/ld+json\" class=\"yoast-schema-graph\">{\"@context\":\"https:\/\/schema.org\",\"@graph\":[{\"@type\":\"WebPage\",\"@id\":\"https:\/\/lawyeralgarve.com\/pt-pt\/qa\/\",\"url\":\"https:\/\/lawyeralgarve.com\/pt-pt\/qa\/\",\"name\":\"PERGUNTAS &amp; RESPOSTAS - Lawyer Algarve\",\"isPartOf\":{\"@id\":\"https:\/\/lawyeralgarve.com\/#website\"},\"datePublished\":\"2014-07-04T23:25:06+00:00\",\"dateModified\":\"2025-01-28T10:19:22+00:00\",\"description\":\"Encontre as suas perguntas e respostas no nosso site ou solicite uma consulta. N\u00e3o estou em Portugal. Posso comprar um im\u00f3vel, a partir do estrangeiro? Visite o nosso site.\",\"breadcrumb\":{\"@id\":\"https:\/\/lawyeralgarve.com\/pt-pt\/qa\/#breadcrumb\"},\"inLanguage\":\"pt-PT\",\"potentialAction\":[{\"@type\":\"ReadAction\",\"target\":[\"https:\/\/lawyeralgarve.com\/pt-pt\/qa\/\"]}]},{\"@type\":\"BreadcrumbList\",\"@id\":\"https:\/\/lawyeralgarve.com\/pt-pt\/qa\/#breadcrumb\",\"itemListElement\":[{\"@type\":\"ListItem\",\"position\":1,\"name\":\"Home\",\"item\":\"https:\/\/lawyeralgarve.com\/pt-pt\/\"},{\"@type\":\"ListItem\",\"position\":2,\"name\":\"PERGUNTAS &amp; RESPOSTAS\"}]},{\"@type\":\"WebSite\",\"@id\":\"https:\/\/lawyeralgarve.com\/#website\",\"url\":\"https:\/\/lawyeralgarve.com\/\",\"name\":\"Lawyer Algarve\",\"description\":\"We are a Law Office, based in Lagos, We cover the whole Algarve\",\"potentialAction\":[{\"@type\":\"SearchAction\",\"target\":{\"@type\":\"EntryPoint\",\"urlTemplate\":\"https:\/\/lawyeralgarve.com\/?s={search_term_string}\"},\"query-input\":\"required name=search_term_string\"}],\"inLanguage\":\"pt-PT\"}]}<\/script>\n<!-- \/ Yoast SEO plugin. -->","yoast_head_json":{"title":"PERGUNTAS &amp; RESPOSTAS - Lawyer Algarve","description":"Encontre as suas perguntas e respostas no nosso site ou solicite uma consulta. N\u00e3o estou em Portugal. Posso comprar um im\u00f3vel, a partir do estrangeiro? Visite o nosso site.","robots":{"index":"index","follow":"follow","max-snippet":"max-snippet:-1","max-image-preview":"max-image-preview:large","max-video-preview":"max-video-preview:-1"},"canonical":"https:\/\/lawyeralgarve.com\/pt-pt\/qa\/","og_locale":"pt_PT","og_type":"article","og_title":"PERGUNTAS &amp; RESPOSTAS - Lawyer Algarve","og_description":"Encontre as suas perguntas e respostas no nosso site ou solicite uma consulta. N\u00e3o estou em Portugal. Posso comprar um im\u00f3vel, a partir do estrangeiro? Visite o nosso site.","og_url":"https:\/\/lawyeralgarve.com\/pt-pt\/qa\/","og_site_name":"Lawyer Algarve","article_modified_time":"2025-01-28T10:19:22+00:00","twitter_card":"summary_large_image","twitter_misc":{"Tempo estimado de leitura":"3 minutos"},"schema":{"@context":"https:\/\/schema.org","@graph":[{"@type":"WebPage","@id":"https:\/\/lawyeralgarve.com\/pt-pt\/qa\/","url":"https:\/\/lawyeralgarve.com\/pt-pt\/qa\/","name":"PERGUNTAS &amp; RESPOSTAS - Lawyer Algarve","isPartOf":{"@id":"https:\/\/lawyeralgarve.com\/#website"},"datePublished":"2014-07-04T23:25:06+00:00","dateModified":"2025-01-28T10:19:22+00:00","description":"Encontre as suas perguntas e respostas no nosso site ou solicite uma consulta. N\u00e3o estou em Portugal. Posso comprar um im\u00f3vel, a partir do estrangeiro? Visite o nosso site.","breadcrumb":{"@id":"https:\/\/lawyeralgarve.com\/pt-pt\/qa\/#breadcrumb"},"inLanguage":"pt-PT","potentialAction":[{"@type":"ReadAction","target":["https:\/\/lawyeralgarve.com\/pt-pt\/qa\/"]}]},{"@type":"BreadcrumbList","@id":"https:\/\/lawyeralgarve.com\/pt-pt\/qa\/#breadcrumb","itemListElement":[{"@type":"ListItem","position":1,"name":"Home","item":"https:\/\/lawyeralgarve.com\/pt-pt\/"},{"@type":"ListItem","position":2,"name":"PERGUNTAS &amp; RESPOSTAS"}]},{"@type":"WebSite","@id":"https:\/\/lawyeralgarve.com\/#website","url":"https:\/\/lawyeralgarve.com\/","name":"Lawyer Algarve","description":"We are a Law Office, based in Lagos, We cover the whole Algarve","potentialAction":[{"@type":"SearchAction","target":{"@type":"EntryPoint","urlTemplate":"https:\/\/lawyeralgarve.com\/?s={search_term_string}"},"query-input":"required name=search_term_string"}],"inLanguage":"pt-PT"}]}},"_links":{"self":[{"href":"https:\/\/lawyeralgarve.com\/pt-pt\/wp-json\/wp\/v2\/pages\/10393"}],"collection":[{"href":"https:\/\/lawyeralgarve.com\/pt-pt\/wp-json\/wp\/v2\/pages"}],"about":[{"href":"https:\/\/lawyeralgarve.com\/pt-pt\/wp-json\/wp\/v2\/types\/page"}],"author":[{"embeddable":true,"href":"https:\/\/lawyeralgarve.com\/pt-pt\/wp-json\/wp\/v2\/users\/1"}],"replies":[{"embeddable":true,"href":"https:\/\/lawyeralgarve.com\/pt-pt\/wp-json\/wp\/v2\/comments?post=10393"}],"version-history":[{"count":4,"href":"https:\/\/lawyeralgarve.com\/pt-pt\/wp-json\/wp\/v2\/pages\/10393\/revisions"}],"predecessor-version":[{"id":10637,"href":"https:\/\/lawyeralgarve.com\/pt-pt\/wp-json\/wp\/v2\/pages\/10393\/revisions\/10637"}],"wp:attachment":[{"href":"https:\/\/lawyeralgarve.com\/pt-pt\/wp-json\/wp\/v2\/media?parent=10393"}],"curies":[{"name":"wp","href":"https:\/\/api.w.org\/{rel}","templated":true}]}}