{"id":10427,"date":"2014-09-28T00:23:46","date_gmt":"2014-09-28T00:23:46","guid":{"rendered":"https:\/\/lawyeralgarve.com\/attorney\/"},"modified":"2023-06-09T10:38:08","modified_gmt":"2023-06-09T09:38:08","slug":"advogada","status":"publish","type":"page","link":"https:\/\/lawyeralgarve.com\/pt-pt\/advogada\/","title":{"rendered":"Advogada"},"content":{"rendered":"<div class=\"row \"><div class=\"wpv-grid grid-2-3  wpv-first-level first has-background unextended\" style=\"\n\t\t\t\tbackground: url( '\/wp-content\/uploads\/2021\/10\/foto-ind.jpg' ) no-repeat center top;\n\t\t\t\tbackground-size: auto;\n\t\t\tpadding-top:400px;padding-bottom:0px\" id=\"wpv-column-87373890e7dfb11423c972375e6b7baf\" ><\/div>\n<div class=\"wpv-grid grid-1-3  wpv-first-level unextended\" style=\"padding-top:20px;padding-bottom:15px\" id=\"wpv-column-34118ac1e5f5e8248d002e013fbab0cc\" ><div class=\"row \"><div class=\"wpv-grid grid-1-1  first unextended animation-fade-in animated-active\" style=\"padding-top:0px;padding-bottom:0px\" id=\"wpv-column-e4e3303b462744885fe168815d2e7097\" ><h4 style=\"padding-left: 20px;\">CONTACTOS<\/h4>\n<p style=\"padding-left: 20px;\">Tel: <a href=\"tel:+351282768269\"><strong>+351 282 768 269<\/strong><\/a><br \/>\n<a href=\"mailto:info@lawyeralgarve.com\">info@lawyeralgarve.com<\/a><\/p>\n<p style=\"padding-left: 20px;\"><div class=\"push\" style='height:10px'><\/div>\n<h4 style=\"padding-left: 20px;\">AREAS OF PRACTICE<\/h4>\n<p style=\"padding-left: 20px;\"><a href=\"https:\/\/lawyeralgarve.com\/pt-pt\/practice-areas\/#buying\">Compra e venda de I<br \/>\nim\u00f3veis\u00a0\u2192<\/a><br \/>\n<a href=\"https:\/\/lawyeralgarve.com\/pt-pt\/practice-areas\/#wills\">Testamentos \u2192<\/a><br \/>\n<a href=\"https:\/\/lawyeralgarve.com\/pt-pt\/practice-areas\/#elaboration\">Elabora\u00e7\u00e3o de contratos \u2192<br \/>\n<\/a><a href=\"https:\/\/lawyeralgarve.com\/pt-pt\/practice-areas\/#urbanism\">Saiba mais&#8230; \u2192<\/a><br \/>\n<div class=\"push\" style='height:10px'><\/div>\n<h4 style=\"padding-left: 20px;\">FORMA\u00c7\u00c3O ACAD\u00c9MICA<\/h4>\n<p style=\"padding-left: 20px;\">Licenciada em Direito pela Universidade Lus\u00edada de Lisboa &#8211; 1998;<br \/>\nFrequ\u00eancia da Universidade de Regensburg (Alemanha) durante 2 semestres;<br \/>\nP\u00f3s Gradua\u00e7\u00e3o em Direito do Trabalho;<br \/>\nP\u00f3s gradua\u00e7\u00e3o em Direito Imobili\u00e1rio;<br \/>\nProgramas de treinamento em Tributa\u00e7\u00e3o e Investimento.<\/div><\/div><\/div><\/div>\n<div class=\"row \"><div class=\"wpv-grid grid-1-3  wpv-first-level first unextended\" style=\"padding-top:20px;padding-bottom:15px\" id=\"wpv-column-63940145c1170d194705d27c30ef89e6\" ><div class=\"push\" style='height:50px'><\/div>\n<div class=\"row \"><div class=\"wpv-grid grid-1-1  first unextended animation-fade-in animated-active\" style=\"padding-top:0px;padding-bottom:0px\" id=\"wpv-column-150361f5ab83cffed7d17a51502312df\" ><p>A NOSSA EQUIPA NO ESCRIT\u00d3RIO<\/div><\/div><\/div><\/div>\n<img decoding=\"async\" loading=\"lazy\" class=\"wp-image-10493 size-large alignleft\" src=\"https:\/\/lawyeralgarve.com\/wp-content\/uploads\/2021\/10\/foto-equipa-1024x684.jpg\" alt=\"Equipa\" width=\"1024\" height=\"684\" srcset=\"https:\/\/lawyeralgarve.com\/wp-content\/uploads\/2021\/10\/foto-equipa-1024x684.jpg 1024w, https:\/\/lawyeralgarve.com\/wp-content\/uploads\/2021\/10\/foto-equipa-300x200.jpg 300w, https:\/\/lawyeralgarve.com\/wp-content\/uploads\/2021\/10\/foto-equipa-1536x1025.jpg 1536w, https:\/\/lawyeralgarve.com\/wp-content\/uploads\/2021\/10\/foto-equipa-2048x1367.jpg 2048w, https:\/\/lawyeralgarve.com\/wp-content\/uploads\/2021\/10\/foto-equipa-1140x760.jpg 1140w, https:\/\/lawyeralgarve.com\/wp-content\/uploads\/2021\/10\/foto-equipa-555x370.jpg 555w, https:\/\/lawyeralgarve.com\/wp-content\/uploads\/2021\/10\/foto-equipa-360x240.jpg 360w, https:\/\/lawyeralgarve.com\/wp-content\/uploads\/2021\/10\/foto-equipa-262x175.jpg 262w, https:\/\/lawyeralgarve.com\/wp-content\/uploads\/2021\/10\/foto-equipa-1320x881.jpg 1320w, https:\/\/lawyeralgarve.com\/wp-content\/uploads\/2021\/10\/foto-equipa-300x200@2x.jpg 600w\" sizes=\"(max-width: 1024px) 100vw, 1024px\" \/><\/p>\n<div class=\"push\" style='height:20px'><\/div>\n<p>TAMB\u00c9M TEMOS UMA REDE DE ESPECIALISTAS PARA AS SUAS NECESSIDADES ESPEC\u00cdFICAS<\/p>\n<div class=\"push\" style='height:20px'><\/div>\n<div class=\"row \"><div class=\"wpv-grid grid-1-1  wpv-first-level first unextended animation-from-bottom animated-active\" style=\"padding-top:15px;padding-bottom:60px\" id=\"wpv-column-bfc8e82ebe444ba87e40932529f8c007\" >\t\t<div class=\"sep-text single centered\">\n\t\t\t\t\t\t\t<span class=\"sep-text-before\"><div class=\"sep-text-line\"><\/div><\/span>\n\t\t\t\t\t\t<div class=\"content\">\n\t\t\t\t<h2 class=\"text-divider-double\">ENTRE EM CONTACTO<\/h2>\t\t\t<\/div>\n\t\t\t<span class=\"sep-text-after\"><div class=\"sep-text-line\"><\/div><\/span>\n\t\t\t\t\t<\/div>\n\t<div class=\"push\" style='height:10px'><\/div>\n<div class=\"row \"><div class=\"wpv-grid grid-1-1  first unextended\" style=\"padding-top:0px;padding-bottom:0px\" id=\"wpv-column-70486e64c11210e8762461893bdd6316\" ><p>\n<div class=\"wpcf7 no-js\" id=\"wpcf7-f9678-o1\" lang=\"pt-PT\" dir=\"ltr\">\n<div class=\"screen-reader-response\"><p role=\"status\" aria-live=\"polite\" aria-atomic=\"true\"><\/p> <ul><\/ul><\/div>\n<form action=\"\/pt-pt\/wp-json\/wp\/v2\/pages\/10427#wpcf7-f9678-o1\" method=\"post\" class=\"wpcf7-form init\" aria-label=\"Formul\u00e1rio de contacto\" novalidate=\"novalidate\" data-status=\"init\">\n<div style=\"display: none;\">\n<input type=\"hidden\" name=\"_wpcf7\" value=\"9678\" \/>\n<input type=\"hidden\" name=\"_wpcf7_version\" value=\"5.8.6\" \/>\n<input type=\"hidden\" name=\"_wpcf7_locale\" value=\"pt_PT\" \/>\n<input type=\"hidden\" name=\"_wpcf7_unit_tag\" value=\"wpcf7-f9678-o1\" \/>\n<input type=\"hidden\" name=\"_wpcf7_container_post\" value=\"0\" \/>\n<input type=\"hidden\" name=\"_wpcf7_posted_data_hash\" value=\"\" \/>\n<input type=\"hidden\" name=\"_wpcf7_recaptcha_response\" value=\"\" \/>\n<\/div>\n<p>Your Name (required)\n<\/p>\n<p><span class=\"wpcf7-form-control-wrap\" data-name=\"your-name\"><input size=\"40\" class=\"wpcf7-form-control wpcf7-text wpcf7-validates-as-required\" aria-required=\"true\" aria-invalid=\"false\" value=\"\" type=\"text\" name=\"your-name\" \/><\/span>\n<\/p>\n<p>Your Email (required)\n<\/p>\n<p><span class=\"wpcf7-form-control-wrap\" data-name=\"your-email\"><input size=\"40\" class=\"wpcf7-form-control wpcf7-email wpcf7-validates-as-required wpcf7-text wpcf7-validates-as-email\" aria-required=\"true\" aria-invalid=\"false\" value=\"\" type=\"email\" name=\"your-email\" \/><\/span>\n<\/p>\n<p>Subject\n<\/p>\n<p><span class=\"wpcf7-form-control-wrap\" data-name=\"your-subject\"><input size=\"40\" class=\"wpcf7-form-control wpcf7-text\" aria-invalid=\"false\" value=\"\" type=\"text\" name=\"your-subject\" \/><\/span>\n<\/p>\n<p>Your Message\n<\/p>\n<p><span class=\"wpcf7-form-control-wrap\" data-name=\"your-message\"><textarea cols=\"40\" rows=\"10\" class=\"wpcf7-form-control wpcf7-textarea\" aria-invalid=\"false\" name=\"your-message\"><\/textarea><\/span>\n<\/p>\n<p><input class=\"wpcf7-form-control wpcf7-submit has-spinner\" type=\"submit\" value=\"Send\" \/>\n<\/p><div class=\"wpcf7-response-output\" aria-hidden=\"true\"><\/div>\n<\/form>\n<\/div>\n<\/div><\/div><\/div><\/div>\n<p>&nbsp;<\/p>\n","protected":false},"excerpt":{"rendered":"<p>CONTACTOS Tel: +351 282 768 269 info@lawyeralgarve.com AREAS OF PRACTICE Compra e venda de I im\u00f3veis\u00a0\u2192 Testamentos \u2192 Elabora\u00e7\u00e3o de contratos \u2192 Saiba mais&#8230; \u2192 FORMA\u00c7\u00c3O ACAD\u00c9MICA Licenciada em Direito pela Universidade Lus\u00edada de Lisboa &#8211; 1998; Frequ\u00eancia da Universidade de Regensburg (Alemanha) durante 2 semestres; P\u00f3s Gradua\u00e7\u00e3o em Direito do Trabalho; P\u00f3s gradua\u00e7\u00e3o em&#8230;<\/p>\n","protected":false},"author":1,"featured_media":10394,"parent":0,"menu_order":0,"comment_status":"closed","ping_status":"closed","template":"","meta":[],"yoast_head":"<!-- This site is optimized with the Yoast SEO plugin v21.0 - https:\/\/yoast.com\/wordpress\/plugins\/seo\/ -->\n<title>Advogada Cristina Marcelino - Lawyer Algarve - office in Lagos<\/title>\n<meta name=\"description\" content=\"Procuramos sempre fazer melhor, caso n\u00e3o saibamos a resposta, procuremos a solu\u00e7\u00e3o certa para si. SOLICITE CONSULTA GRATUITA\" \/>\n<meta name=\"robots\" content=\"index, follow, max-snippet:-1, max-image-preview:large, max-video-preview:-1\" \/>\n<link rel=\"canonical\" href=\"https:\/\/lawyeralgarve.com\/pt-pt\/advogada\/\" \/>\n<meta property=\"og:locale\" content=\"pt_PT\" \/>\n<meta property=\"og:type\" content=\"article\" \/>\n<meta property=\"og:title\" content=\"Advogada Cristina Marcelino - Lawyer Algarve - office in Lagos\" \/>\n<meta property=\"og:description\" content=\"Procuramos sempre fazer melhor, caso n\u00e3o saibamos a resposta, procuremos a solu\u00e7\u00e3o certa para si. SOLICITE CONSULTA GRATUITA\" \/>\n<meta property=\"og:url\" content=\"https:\/\/lawyeralgarve.com\/pt-pt\/advogada\/\" \/>\n<meta property=\"og:site_name\" content=\"Lawyer Algarve\" \/>\n<meta property=\"article:modified_time\" content=\"2023-06-09T09:38:08+00:00\" \/>\n<meta property=\"og:image\" content=\"https:\/\/lawyeralgarve.com\/wp-content\/uploads\/2014\/07\/secretaria3.jpg\" \/>\n\t<meta property=\"og:image:width\" content=\"1500\" \/>\n\t<meta property=\"og:image:height\" content=\"1000\" \/>\n\t<meta property=\"og:image:type\" content=\"image\/jpeg\" \/>\n<meta name=\"twitter:card\" content=\"summary_large_image\" \/>\n<meta name=\"twitter:label1\" content=\"Tempo estimado de leitura\" \/>\n\t<meta name=\"twitter:data1\" content=\"2 minutos\" \/>\n<script type=\"application\/ld+json\" class=\"yoast-schema-graph\">{\"@context\":\"https:\/\/schema.org\",\"@graph\":[{\"@type\":\"WebPage\",\"@id\":\"https:\/\/lawyeralgarve.com\/pt-pt\/advogada\/\",\"url\":\"https:\/\/lawyeralgarve.com\/pt-pt\/advogada\/\",\"name\":\"Advogada Cristina Marcelino - Lawyer Algarve - office in Lagos\",\"isPartOf\":{\"@id\":\"https:\/\/lawyeralgarve.com\/#website\"},\"datePublished\":\"2014-09-28T00:23:46+00:00\",\"dateModified\":\"2023-06-09T09:38:08+00:00\",\"description\":\"Procuramos sempre fazer melhor, caso n\u00e3o saibamos a resposta, procuremos a solu\u00e7\u00e3o certa para si. SOLICITE CONSULTA GRATUITA\",\"breadcrumb\":{\"@id\":\"https:\/\/lawyeralgarve.com\/pt-pt\/advogada\/#breadcrumb\"},\"inLanguage\":\"pt-PT\",\"potentialAction\":[{\"@type\":\"ReadAction\",\"target\":[\"https:\/\/lawyeralgarve.com\/pt-pt\/advogada\/\"]}]},{\"@type\":\"BreadcrumbList\",\"@id\":\"https:\/\/lawyeralgarve.com\/pt-pt\/advogada\/#breadcrumb\",\"itemListElement\":[{\"@type\":\"ListItem\",\"position\":1,\"name\":\"Home\",\"item\":\"https:\/\/lawyeralgarve.com\/pt-pt\/\"},{\"@type\":\"ListItem\",\"position\":2,\"name\":\"Advogada\"}]},{\"@type\":\"WebSite\",\"@id\":\"https:\/\/lawyeralgarve.com\/#website\",\"url\":\"https:\/\/lawyeralgarve.com\/\",\"name\":\"Lawyer Algarve\",\"description\":\"We are a Law Office, based in Lagos, We cover the whole Algarve\",\"potentialAction\":[{\"@type\":\"SearchAction\",\"target\":{\"@type\":\"EntryPoint\",\"urlTemplate\":\"https:\/\/lawyeralgarve.com\/?s={search_term_string}\"},\"query-input\":\"required name=search_term_string\"}],\"inLanguage\":\"pt-PT\"}]}<\/script>\n<!-- \/ Yoast SEO plugin. -->","yoast_head_json":{"title":"Advogada Cristina Marcelino - Lawyer Algarve - office in Lagos","description":"Procuramos sempre fazer melhor, caso n\u00e3o saibamos a resposta, procuremos a solu\u00e7\u00e3o certa para si. SOLICITE CONSULTA GRATUITA","robots":{"index":"index","follow":"follow","max-snippet":"max-snippet:-1","max-image-preview":"max-image-preview:large","max-video-preview":"max-video-preview:-1"},"canonical":"https:\/\/lawyeralgarve.com\/pt-pt\/advogada\/","og_locale":"pt_PT","og_type":"article","og_title":"Advogada Cristina Marcelino - Lawyer Algarve - office in Lagos","og_description":"Procuramos sempre fazer melhor, caso n\u00e3o saibamos a resposta, procuremos a solu\u00e7\u00e3o certa para si. SOLICITE CONSULTA GRATUITA","og_url":"https:\/\/lawyeralgarve.com\/pt-pt\/advogada\/","og_site_name":"Lawyer Algarve","article_modified_time":"2023-06-09T09:38:08+00:00","og_image":[{"width":1500,"height":1000,"url":"https:\/\/lawyeralgarve.com\/wp-content\/uploads\/2014\/07\/secretaria3.jpg","type":"image\/jpeg"}],"twitter_card":"summary_large_image","twitter_misc":{"Tempo estimado de leitura":"2 minutos"},"schema":{"@context":"https:\/\/schema.org","@graph":[{"@type":"WebPage","@id":"https:\/\/lawyeralgarve.com\/pt-pt\/advogada\/","url":"https:\/\/lawyeralgarve.com\/pt-pt\/advogada\/","name":"Advogada Cristina Marcelino - Lawyer Algarve - office in Lagos","isPartOf":{"@id":"https:\/\/lawyeralgarve.com\/#website"},"datePublished":"2014-09-28T00:23:46+00:00","dateModified":"2023-06-09T09:38:08+00:00","description":"Procuramos sempre fazer melhor, caso n\u00e3o saibamos a resposta, procuremos a solu\u00e7\u00e3o certa para si. SOLICITE CONSULTA GRATUITA","breadcrumb":{"@id":"https:\/\/lawyeralgarve.com\/pt-pt\/advogada\/#breadcrumb"},"inLanguage":"pt-PT","potentialAction":[{"@type":"ReadAction","target":["https:\/\/lawyeralgarve.com\/pt-pt\/advogada\/"]}]},{"@type":"BreadcrumbList","@id":"https:\/\/lawyeralgarve.com\/pt-pt\/advogada\/#breadcrumb","itemListElement":[{"@type":"ListItem","position":1,"name":"Home","item":"https:\/\/lawyeralgarve.com\/pt-pt\/"},{"@type":"ListItem","position":2,"name":"Advogada"}]},{"@type":"WebSite","@id":"https:\/\/lawyeralgarve.com\/#website","url":"https:\/\/lawyeralgarve.com\/","name":"Lawyer Algarve","description":"We are a Law Office, based in Lagos, We cover the whole Algarve","potentialAction":[{"@type":"SearchAction","target":{"@type":"EntryPoint","urlTemplate":"https:\/\/lawyeralgarve.com\/?s={search_term_string}"},"query-input":"required name=search_term_string"}],"inLanguage":"pt-PT"}]}},"_links":{"self":[{"href":"https:\/\/lawyeralgarve.com\/pt-pt\/wp-json\/wp\/v2\/pages\/10427"}],"collection":[{"href":"https:\/\/lawyeralgarve.com\/pt-pt\/wp-json\/wp\/v2\/pages"}],"about":[{"href":"https:\/\/lawyeralgarve.com\/pt-pt\/wp-json\/wp\/v2\/types\/page"}],"author":[{"embeddable":true,"href":"https:\/\/lawyeralgarve.com\/pt-pt\/wp-json\/wp\/v2\/users\/1"}],"replies":[{"embeddable":true,"href":"https:\/\/lawyeralgarve.com\/pt-pt\/wp-json\/wp\/v2\/comments?post=10427"}],"version-history":[{"count":7,"href":"https:\/\/lawyeralgarve.com\/pt-pt\/wp-json\/wp\/v2\/pages\/10427\/revisions"}],"predecessor-version":[{"id":10590,"href":"https:\/\/lawyeralgarve.com\/pt-pt\/wp-json\/wp\/v2\/pages\/10427\/revisions\/10590"}],"wp:featuredmedia":[{"embeddable":true,"href":"https:\/\/lawyeralgarve.com\/pt-pt\/wp-json\/wp\/v2\/media\/10394"}],"wp:attachment":[{"href":"https:\/\/lawyeralgarve.com\/pt-pt\/wp-json\/wp\/v2\/media?parent=10427"}],"curies":[{"name":"wp","href":"https:\/\/api.w.org\/{rel}","templated":true}]}}